{"id":33533,"date":"2025-05-25T21:25:03","date_gmt":"2025-05-25T17:25:03","guid":{"rendered":"https:\/\/airsystems.ge\/shop\/product\/scroll-unit-scroll-condensing-units\/"},"modified":"2025-05-25T21:26:49","modified_gmt":"2025-05-25T17:26:49","slug":"scroll-unit-scroll-condensing-units","status":"publish","type":"product","link":"https:\/\/airsystems.ge\/shop\/fr\/produit\/scroll-unit-scroll-condensing-units\/","title":{"rendered":"Groupe Scroll Groupes de condensation Scroll"},"content":{"rendered":"<div class=\"elementor-element elementor-element-70da8153 elementor-widget elementor-widget-theme-page-title elementor-page-title elementor-widget-heading\" data-id=\"70da8153\" data-element_type=\"widget\" data-widget_type=\"theme-page-title.default\">\n<div class=\"elementor-widget-container\">\n<p>Nos groupes de condensation Scroll offrent une efficacit\u00e9 maximale et une consommation \u00e9nerg\u00e9tique r\u00e9duite en utilisant tous les r\u00e9frig\u00e9rants disponibles, y compris les A2L avec un PRG &lt; 150. Compresseurs Scroll propos\u00e9s : \u2013 Copeland \u2013 Danfoss Condenseur mont\u00e9 avec ventilateurs axiaux ou centrifuges. En option :<\/p>\n<p>Armoire \u00e9lectrique mont\u00e9e, c\u00e2bl\u00e9e ou d\u00e9port\u00e9e<br \/>\nHabillage (avec ou sans isolation acoustique)<br \/>\nS\u00e9parateur d&rsquo;huile<br \/>\nAccumulateur d&rsquo;air<br \/>\nVariateur de fr\u00e9quence<\/p>\n<\/div>\n<\/div>\n","protected":false},"excerpt":{"rendered":"<p>Nos groupes de condensation Scroll offrent une efficacit\u00e9 maximale et une consommation \u00e9nerg\u00e9tique r\u00e9duite en utilisant tous les r\u00e9frig\u00e9rants disponibles,<\/p>\n","protected":false},"featured_media":33528,"template":"","meta":[],"product_brand":[],"product_cat":[682,1661],"product_tag":[],"class_list":{"0":"post-33533","1":"product","2":"type-product","3":"status-publish","4":"has-post-thumbnail","6":"product_cat-climatiseurs-fr-industriels","7":"product_cat-unite-de-condensation","9":"first","10":"instock","11":"shipping-taxable","12":"product-type-simple"},"_links":{"self":[{"href":"https:\/\/airsystems.ge\/shop\/fr\/wp-json\/wp\/v2\/product\/33533","targetHints":{"allow":["GET"]}}],"collection":[{"href":"https:\/\/airsystems.ge\/shop\/fr\/wp-json\/wp\/v2\/product"}],"about":[{"href":"https:\/\/airsystems.ge\/shop\/fr\/wp-json\/wp\/v2\/types\/product"}],"wp:featuredmedia":[{"embeddable":true,"href":"https:\/\/airsystems.ge\/shop\/fr\/wp-json\/wp\/v2\/media\/33528"}],"wp:attachment":[{"href":"https:\/\/airsystems.ge\/shop\/fr\/wp-json\/wp\/v2\/media?parent=33533"}],"wp:term":[{"taxonomy":"product_brand","embeddable":true,"href":"https:\/\/airsystems.ge\/shop\/fr\/wp-json\/wp\/v2\/product_brand?post=33533"},{"taxonomy":"product_cat","embeddable":true,"href":"https:\/\/airsystems.ge\/shop\/fr\/wp-json\/wp\/v2\/product_cat?post=33533"},{"taxonomy":"product_tag","embeddable":true,"href":"https:\/\/airsystems.ge\/shop\/fr\/wp-json\/wp\/v2\/product_tag?post=33533"}],"curies":[{"name":"wp","href":"https:\/\/api.w.org\/{rel}","templated":true}]}}