{"id":33476,"date":"2025-05-25T20:46:48","date_gmt":"2025-05-25T16:46:48","guid":{"rendered":"https:\/\/airsystems.ge\/shop\/product\/nh3-cooling-unit-w-custom-refrigeration-system-for-indoor-use\/"},"modified":"2025-05-25T20:49:31","modified_gmt":"2025-05-25T16:49:31","slug":"nh3-cooling-unit-w-custom-refrigeration-system-for-indoor-use","status":"publish","type":"product","link":"https:\/\/airsystems.ge\/shop\/fr\/produit\/nh3-cooling-unit-w-custom-refrigeration-system-for-indoor-use\/","title":{"rendered":"Groupe frigorifique NH3 W\u00a0: Syst\u00e8me de r\u00e9frig\u00e9ration sur mesure pour une utilisation en int\u00e9rieur"},"content":{"rendered":"","protected":false},"excerpt":{"rendered":"<p>Volume balay\u00e9 de 1 000 m\u00b3\/h \u00e0 12 000 m\u00b3\/h<\/p>\n<p>Le syst\u00e8me de r\u00e9frig\u00e9ration sur mesure W d&rsquo;ENEX INDUSTRIAL est id\u00e9al pour une utilisation en int\u00e9rieur. Refroidissement par air avec condenseur sec ou \u00e9vaporatif d\u00e9port\u00e9, refroidissement par eau ou par saumure. Disponible avec une option de syst\u00e8me de pompage et adapt\u00e9 aux grands syst\u00e8mes de r\u00e9frig\u00e9ration industriels, tels que la transformation et le stockage des aliments.<\/p>\n<p>Caract\u00e9ristiques<\/p>\n<p>2 \u00e0 4 compresseurs en parall\u00e8le<br \/>\nLarge plage de temp\u00e9ratures d&rsquo;\u00e9vaporation (un ou deux niveaux)<br \/>\nBac de r\u00e9cup\u00e9ration des condensats en acier peint<br \/>\nTuyauterie en acier inoxydable 304L pour le circuit eau\/saumure<\/p>\n","protected":false},"featured_media":33471,"template":"","meta":[],"product_brand":[],"product_cat":[682,1648],"product_tag":[],"class_list":{"0":"post-33476","1":"product","2":"type-product","3":"status-publish","4":"has-post-thumbnail","6":"product_cat-climatiseurs-fr-industriels","7":"product_cat-unite-de-refroidissement","9":"first","10":"instock","11":"shipping-taxable","12":"product-type-simple"},"_links":{"self":[{"href":"https:\/\/airsystems.ge\/shop\/fr\/wp-json\/wp\/v2\/product\/33476","targetHints":{"allow":["GET"]}}],"collection":[{"href":"https:\/\/airsystems.ge\/shop\/fr\/wp-json\/wp\/v2\/product"}],"about":[{"href":"https:\/\/airsystems.ge\/shop\/fr\/wp-json\/wp\/v2\/types\/product"}],"wp:featuredmedia":[{"embeddable":true,"href":"https:\/\/airsystems.ge\/shop\/fr\/wp-json\/wp\/v2\/media\/33471"}],"wp:attachment":[{"href":"https:\/\/airsystems.ge\/shop\/fr\/wp-json\/wp\/v2\/media?parent=33476"}],"wp:term":[{"taxonomy":"product_brand","embeddable":true,"href":"https:\/\/airsystems.ge\/shop\/fr\/wp-json\/wp\/v2\/product_brand?post=33476"},{"taxonomy":"product_cat","embeddable":true,"href":"https:\/\/airsystems.ge\/shop\/fr\/wp-json\/wp\/v2\/product_cat?post=33476"},{"taxonomy":"product_tag","embeddable":true,"href":"https:\/\/airsystems.ge\/shop\/fr\/wp-json\/wp\/v2\/product_tag?post=33476"}],"curies":[{"name":"wp","href":"https:\/\/api.w.org\/{rel}","templated":true}]}}