{"id":33460,"date":"2025-05-25T20:38:39","date_gmt":"2025-05-25T16:38:39","guid":{"rendered":"https:\/\/airsystems.ge\/shop\/product\/cascade-nh%e2%82%83-co%e2%82%82-units-compressor-brand-howden-bitzer-srm-tec-etc\/"},"modified":"2025-05-25T20:44:07","modified_gmt":"2025-05-25T16:44:07","slug":"cascade-nh%e2%82%83-co%e2%82%82-units-compressor-brand-howden-bitzer-srm-tec-etc","status":"publish","type":"product","link":"https:\/\/airsystems.ge\/shop\/fr\/produit\/cascade-nh%e2%82%83-co%e2%82%82-units-compressor-brand-howden-bitzer-srm-tec-etc\/","title":{"rendered":"Groupes NH\u2083 \u2013 CO\u2082 en cascade Marques de compresseurs\u00a0: HOWDEN, BITZER, SRM Tec, etc."},"content":{"rendered":"","protected":false},"excerpt":{"rendered":"<p>Technologie\u00a0: Vis<\/p>\n<p>Fluides naturels\u00a0: ammoniac (GWP nul) et CO\u2082 (GWP \u00e9gal \u00e0 1).<\/p>\n<p>Puissance et vitesse adapt\u00e9es aux besoins du client<\/p>\n<p>Condensation par air ou par eau<\/p>\n<p>Deux \u00e9changeurs en cascade au choix<\/p>\n<p>Refroidisseur par pulv\u00e9risation<br \/>\nCascade cath\u00e9drale (bouteille de s\u00e9paration BP + ballon condenseur)<br \/>\nOptions\u00a0: r\u00e9cup\u00e9ration de chaleur \u00e0 la condensation, d\u00e9surchauffe et refroidissement de l&rsquo;huile.<\/p>\n","protected":false},"featured_media":33455,"template":"","meta":[],"product_brand":[],"product_cat":[682,1648],"product_tag":[],"class_list":{"0":"post-33460","1":"product","2":"type-product","3":"status-publish","4":"has-post-thumbnail","6":"product_cat-climatiseurs-fr-industriels","7":"product_cat-unite-de-refroidissement","9":"first","10":"instock","11":"shipping-taxable","12":"product-type-simple"},"_links":{"self":[{"href":"https:\/\/airsystems.ge\/shop\/fr\/wp-json\/wp\/v2\/product\/33460","targetHints":{"allow":["GET"]}}],"collection":[{"href":"https:\/\/airsystems.ge\/shop\/fr\/wp-json\/wp\/v2\/product"}],"about":[{"href":"https:\/\/airsystems.ge\/shop\/fr\/wp-json\/wp\/v2\/types\/product"}],"wp:featuredmedia":[{"embeddable":true,"href":"https:\/\/airsystems.ge\/shop\/fr\/wp-json\/wp\/v2\/media\/33455"}],"wp:attachment":[{"href":"https:\/\/airsystems.ge\/shop\/fr\/wp-json\/wp\/v2\/media?parent=33460"}],"wp:term":[{"taxonomy":"product_brand","embeddable":true,"href":"https:\/\/airsystems.ge\/shop\/fr\/wp-json\/wp\/v2\/product_brand?post=33460"},{"taxonomy":"product_cat","embeddable":true,"href":"https:\/\/airsystems.ge\/shop\/fr\/wp-json\/wp\/v2\/product_cat?post=33460"},{"taxonomy":"product_tag","embeddable":true,"href":"https:\/\/airsystems.ge\/shop\/fr\/wp-json\/wp\/v2\/product_tag?post=33460"}],"curies":[{"name":"wp","href":"https:\/\/api.w.org\/{rel}","templated":true}]}}