{"id":33431,"date":"2025-05-25T17:04:09","date_gmt":"2025-05-25T13:04:09","guid":{"rendered":"https:\/\/airsystems.ge\/shop\/product\/dual-discharge-unit-cooler-od-bd-dual-discharge-co2-and-brine-unit-coolers\/"},"modified":"2025-05-25T17:05:57","modified_gmt":"2025-05-25T13:05:57","slug":"dual-discharge-unit-cooler-od-bd-dual-discharge-co2-and-brine-unit-coolers","status":"publish","type":"product","link":"https:\/\/airsystems.ge\/shop\/fr\/produit\/dual-discharge-unit-cooler-od-bd-dual-discharge-co2-and-brine-unit-coolers\/","title":{"rendered":"\u00c9vaporateur \u00e0 double flux OD \/ BD\u00a0: \u00c9vaporateurs \u00e0 double flux CO2 et saumure"},"content":{"rendered":"<div class=\"elementor-element elementor-element-391e72ec elementor-widget elementor-widget-theme-post-content\" data-id=\"391e72ec\" data-element_type=\"widget\" data-widget_type=\"theme-post-content.default\">\n<div class=\"elementor-widget-container\">\n<p>Les \u00e9vaporateurs \u00e0 double flux ENEX sont id\u00e9aux pour les chambres froides de petite et moyenne taille, pour les applications de refroidissement ou de cong\u00e9lation. Ils sont sp\u00e9cialement con\u00e7us pour les zones de travail (salles de pr\u00e9paration des aliments, couloirs) et les produits sensibles \u00e0 la temp\u00e9rature (viande, poisson, fruits, etc.) o\u00f9 un flux d&rsquo;air indirect est privil\u00e9gi\u00e9. Ils peuvent \u00eatre utilis\u00e9s avec un syst\u00e8me \u00e0 d\u00e9tente directe R744 hautement durable ou une boucle de saumure.<\/p>\n<p>CARACT\u00c9RISTIQUES<\/p>\n<p>Batterie \u00e0 ailettes\u00a0: fabriqu\u00e9e avec des tubes en cuivre rainur\u00e9s (\u00d8 3\/8&Prime;) et des ailettes ondul\u00e9es en aluminium, conform\u00e9ment aux sp\u00e9cifications CUPROCLIMA\u00ae<br \/>\nVentilateurs\u00a0: \u00e9quip\u00e9s de s\u00e9rie de moteurs AC<br \/>\nMoteurs axiaux monophas\u00e9s (230\u00a0V I 50\/60\u00a0Hz)<br \/>\nConforme \u00e0 la directive ErP \u00d8 250, 350\u00a0mm<br \/>\nCarrosserie\u00a0: Aluminium pr\u00e9laqu\u00e9, pour une protection \u00e9lev\u00e9e contre la corrosion, m\u00eame dans des conditions environnementales extr\u00eames. Conforme aux normes d\u2019hygi\u00e8ne alimentaire les plus strictes<br \/>\nPression de conception\u00a0: PS = 60-80\u00a0bars PT = 86-115\u00a0bars<\/p>\n<\/div>\n<\/div>\n<div class=\"elementor-element elementor-element-427e8a79 e-flex e-con-boxed e-con e-child\" data-id=\"427e8a79\" data-element_type=\"container\">\n<div class=\"e-con-inner\">\n<div class=\"elementor-element elementor-element-6e19ed90 hidebutton mc-bl elementor-align-left elementor-widget elementor-widget-button\" data-id=\"6e19ed90\" data-element_type=\"widget\" data-widget_type=\"button.default\">\n<div class=\"elementor-widget-container\">\n<div class=\"elementor-button-wrapper\"><a class=\"elementor-button elementor-button-link elementor-size-sm\" href=\"https:\/\/www.enextechnologies.com\/wp-content\/uploads\/2024\/09\/One-Pager-DUAL-DISCHARGE-UNIT-COOLER-OB-BD-ENG.pdf\" target=\"_blank\" rel=\"noopener\"><span class=\"elementor-button-content-wrapper\"><span class=\"elementor-button-text\">ONE PAGER<\/span><\/span><\/a><\/div>\n<\/div>\n<\/div>\n<\/div>\n<\/div>\n","protected":false},"excerpt":{"rendered":"<p>Les \u00e9vaporateurs \u00e0 double flux ENEX sont id\u00e9aux pour les chambres froides de petite et moyenne taille, pour les applications<\/p>\n","protected":false},"featured_media":33426,"template":"","meta":[],"product_brand":[],"product_cat":[682,1642],"product_tag":[],"class_list":{"0":"post-33431","1":"product","2":"type-product","3":"status-publish","4":"has-post-thumbnail","6":"product_cat-climatiseurs-fr-industriels","7":"product_cat-evaporateur","9":"first","10":"instock","11":"shipping-taxable","12":"product-type-simple"},"_links":{"self":[{"href":"https:\/\/airsystems.ge\/shop\/fr\/wp-json\/wp\/v2\/product\/33431","targetHints":{"allow":["GET"]}}],"collection":[{"href":"https:\/\/airsystems.ge\/shop\/fr\/wp-json\/wp\/v2\/product"}],"about":[{"href":"https:\/\/airsystems.ge\/shop\/fr\/wp-json\/wp\/v2\/types\/product"}],"wp:featuredmedia":[{"embeddable":true,"href":"https:\/\/airsystems.ge\/shop\/fr\/wp-json\/wp\/v2\/media\/33426"}],"wp:attachment":[{"href":"https:\/\/airsystems.ge\/shop\/fr\/wp-json\/wp\/v2\/media?parent=33431"}],"wp:term":[{"taxonomy":"product_brand","embeddable":true,"href":"https:\/\/airsystems.ge\/shop\/fr\/wp-json\/wp\/v2\/product_brand?post=33431"},{"taxonomy":"product_cat","embeddable":true,"href":"https:\/\/airsystems.ge\/shop\/fr\/wp-json\/wp\/v2\/product_cat?post=33431"},{"taxonomy":"product_tag","embeddable":true,"href":"https:\/\/airsystems.ge\/shop\/fr\/wp-json\/wp\/v2\/product_tag?post=33431"}],"curies":[{"name":"wp","href":"https:\/\/api.w.org\/{rel}","templated":true}]}}