{"id":33043,"date":"2025-05-25T14:28:05","date_gmt":"2025-05-25T10:28:05","guid":{"rendered":"https:\/\/airsystems.ge\/shop\/product\/dual-discharge-evaporators-with-radial-fans\/"},"modified":"2025-05-25T14:30:39","modified_gmt":"2025-05-25T10:30:39","slug":"dual-discharge-evaporators-with-radial-fans","status":"publish","type":"product","link":"https:\/\/airsystems.ge\/shop\/fr\/produit\/dual-discharge-evaporators-with-radial-fans\/","title":{"rendered":"\u00c9vaporateurs \u00e0 double soufflage avec ventilateurs radiaux"},"content":{"rendered":"","protected":false},"excerpt":{"rendered":"<div class=\"elementor-element elementor-element-391e72ec elementor-widget elementor-widget-theme-post-content\" data-id=\"391e72ec\" data-element_type=\"widget\" data-widget_type=\"theme-post-content.default\">\n<div class=\"elementor-widget-container\">\n<p>\u00c9vaporateurs \u00e0 double soufflage pour l&rsquo;a\u00e9ration ou le pr\u00e9-refroidissement des locaux avec ventilateurs radiaux EC.<\/p>\n<\/div>\n<\/div>\n<div class=\"elementor-element elementor-element-427e8a79 e-flex e-con-boxed e-con e-child\" data-id=\"427e8a79\" data-element_type=\"container\"><\/div>\n","protected":false},"featured_media":33038,"template":"","meta":[],"product_brand":[],"product_cat":[682,1642],"product_tag":[],"class_list":{"0":"post-33043","1":"product","2":"type-product","3":"status-publish","4":"has-post-thumbnail","6":"product_cat-climatiseurs-fr-industriels","7":"product_cat-evaporateur","9":"first","10":"instock","11":"shipping-taxable","12":"product-type-simple"},"_links":{"self":[{"href":"https:\/\/airsystems.ge\/shop\/fr\/wp-json\/wp\/v2\/product\/33043","targetHints":{"allow":["GET"]}}],"collection":[{"href":"https:\/\/airsystems.ge\/shop\/fr\/wp-json\/wp\/v2\/product"}],"about":[{"href":"https:\/\/airsystems.ge\/shop\/fr\/wp-json\/wp\/v2\/types\/product"}],"wp:featuredmedia":[{"embeddable":true,"href":"https:\/\/airsystems.ge\/shop\/fr\/wp-json\/wp\/v2\/media\/33038"}],"wp:attachment":[{"href":"https:\/\/airsystems.ge\/shop\/fr\/wp-json\/wp\/v2\/media?parent=33043"}],"wp:term":[{"taxonomy":"product_brand","embeddable":true,"href":"https:\/\/airsystems.ge\/shop\/fr\/wp-json\/wp\/v2\/product_brand?post=33043"},{"taxonomy":"product_cat","embeddable":true,"href":"https:\/\/airsystems.ge\/shop\/fr\/wp-json\/wp\/v2\/product_cat?post=33043"},{"taxonomy":"product_tag","embeddable":true,"href":"https:\/\/airsystems.ge\/shop\/fr\/wp-json\/wp\/v2\/product_tag?post=33043"}],"curies":[{"name":"wp","href":"https:\/\/api.w.org\/{rel}","templated":true}]}}