{"id":33029,"date":"2025-05-25T14:22:50","date_gmt":"2025-05-25T10:22:50","guid":{"rendered":"https:\/\/airsystems.ge\/shop\/product\/evaporators-for-hot-chilling-tunnels\/"},"modified":"2025-05-25T14:25:36","modified_gmt":"2025-05-25T10:25:36","slug":"evaporators-for-hot-chilling-tunnels","status":"publish","type":"product","link":"https:\/\/airsystems.ge\/shop\/fr\/produit\/evaporators-for-hot-chilling-tunnels\/","title":{"rendered":"\u00c9vaporateurs pour tunnels de refroidissement \u00e0 chaud"},"content":{"rendered":"","protected":false},"excerpt":{"rendered":"<div class=\"elementor-element elementor-element-6799186e elementor-widget elementor-widget-heading\" data-id=\"6799186e\" data-element_type=\"widget\" data-widget_type=\"heading.default\">\n<div class=\"elementor-widget-container\">\n<div class=\"elementor-heading-title elementor-size-default\">\n<p>EXO<br \/>\n\u00c9vaporateurs sp\u00e9cialement con\u00e7us pour les tunnels de refroidissement \u00e0 chaud. Ces unit\u00e9s sont con\u00e7ues pour \u00eatre mont\u00e9es directement sur un syst\u00e8me de rails.<\/p>\n<\/div>\n<\/div>\n<\/div>\n","protected":false},"featured_media":33024,"template":"","meta":[],"product_brand":[],"product_cat":[682,1642],"product_tag":[],"class_list":{"0":"post-33029","1":"product","2":"type-product","3":"status-publish","4":"has-post-thumbnail","6":"product_cat-climatiseurs-fr-industriels","7":"product_cat-evaporateur","9":"first","10":"instock","11":"shipping-taxable","12":"product-type-simple"},"_links":{"self":[{"href":"https:\/\/airsystems.ge\/shop\/fr\/wp-json\/wp\/v2\/product\/33029","targetHints":{"allow":["GET"]}}],"collection":[{"href":"https:\/\/airsystems.ge\/shop\/fr\/wp-json\/wp\/v2\/product"}],"about":[{"href":"https:\/\/airsystems.ge\/shop\/fr\/wp-json\/wp\/v2\/types\/product"}],"wp:featuredmedia":[{"embeddable":true,"href":"https:\/\/airsystems.ge\/shop\/fr\/wp-json\/wp\/v2\/media\/33024"}],"wp:attachment":[{"href":"https:\/\/airsystems.ge\/shop\/fr\/wp-json\/wp\/v2\/media?parent=33029"}],"wp:term":[{"taxonomy":"product_brand","embeddable":true,"href":"https:\/\/airsystems.ge\/shop\/fr\/wp-json\/wp\/v2\/product_brand?post=33029"},{"taxonomy":"product_cat","embeddable":true,"href":"https:\/\/airsystems.ge\/shop\/fr\/wp-json\/wp\/v2\/product_cat?post=33029"},{"taxonomy":"product_tag","embeddable":true,"href":"https:\/\/airsystems.ge\/shop\/fr\/wp-json\/wp\/v2\/product_tag?post=33029"}],"curies":[{"name":"wp","href":"https:\/\/api.w.org\/{rel}","templated":true}]}}