{"id":33014,"date":"2025-05-25T14:18:41","date_gmt":"2025-05-25T10:18:41","guid":{"rendered":"https:\/\/airsystems.ge\/shop\/product\/insulated-evaporators\/"},"modified":"2025-05-25T14:20:39","modified_gmt":"2025-05-25T10:20:39","slug":"insulated-evaporators","status":"publish","type":"product","link":"https:\/\/airsystems.ge\/shop\/fr\/produit\/insulated-evaporators\/","title":{"rendered":"\u00c9vaporateurs isol\u00e9s"},"content":{"rendered":"","protected":false},"excerpt":{"rendered":"<div class=\"elementor-element elementor-element-391e72ec elementor-widget elementor-widget-theme-post-content\" data-id=\"391e72ec\" data-element_type=\"widget\" data-widget_type=\"theme-post-content.default\">\n<div class=\"elementor-widget-container\">\n<p>\u00c9vaporateurs isol\u00e9s avec ventilateurs radiaux, con\u00e7us pour une utilisation en ext\u00e9rieur.<\/p>\n<\/div>\n<\/div>\n<div class=\"elementor-element elementor-element-427e8a79 e-flex e-con-boxed e-con e-child\" data-id=\"427e8a79\" data-element_type=\"container\"><\/div>\n","protected":false},"featured_media":33009,"template":"","meta":[],"product_brand":[],"product_cat":[682,1642],"product_tag":[],"class_list":{"0":"post-33014","1":"product","2":"type-product","3":"status-publish","4":"has-post-thumbnail","6":"product_cat-climatiseurs-fr-industriels","7":"product_cat-evaporateur","9":"first","10":"instock","11":"shipping-taxable","12":"product-type-simple"},"_links":{"self":[{"href":"https:\/\/airsystems.ge\/shop\/fr\/wp-json\/wp\/v2\/product\/33014","targetHints":{"allow":["GET"]}}],"collection":[{"href":"https:\/\/airsystems.ge\/shop\/fr\/wp-json\/wp\/v2\/product"}],"about":[{"href":"https:\/\/airsystems.ge\/shop\/fr\/wp-json\/wp\/v2\/types\/product"}],"wp:featuredmedia":[{"embeddable":true,"href":"https:\/\/airsystems.ge\/shop\/fr\/wp-json\/wp\/v2\/media\/33009"}],"wp:attachment":[{"href":"https:\/\/airsystems.ge\/shop\/fr\/wp-json\/wp\/v2\/media?parent=33014"}],"wp:term":[{"taxonomy":"product_brand","embeddable":true,"href":"https:\/\/airsystems.ge\/shop\/fr\/wp-json\/wp\/v2\/product_brand?post=33014"},{"taxonomy":"product_cat","embeddable":true,"href":"https:\/\/airsystems.ge\/shop\/fr\/wp-json\/wp\/v2\/product_cat?post=33014"},{"taxonomy":"product_tag","embeddable":true,"href":"https:\/\/airsystems.ge\/shop\/fr\/wp-json\/wp\/v2\/product_tag?post=33014"}],"curies":[{"name":"wp","href":"https:\/\/api.w.org\/{rel}","templated":true}]}}