{"id":32945,"date":"2025-05-25T13:35:29","date_gmt":"2025-05-25T09:35:29","guid":{"rendered":"https:\/\/airsystems.ge\/shop\/product\/brine-coolers\/"},"modified":"2025-05-25T13:37:32","modified_gmt":"2025-05-25T09:37:32","slug":"brine-coolers","status":"publish","type":"product","link":"https:\/\/airsystems.ge\/shop\/fr\/produit\/brine-coolers\/","title":{"rendered":"Refroidisseur de saumure"},"content":{"rendered":"","protected":false},"excerpt":{"rendered":"<p>Refroidisseurs de saumure<\/p>\n<p>Les refroidisseurs de saumure Morgana sont install\u00e9s dans les chambres froides, les salles de traitement et les armoires r\u00e9frig\u00e9r\u00e9es. Leurs multiples configurations permettent de s&rsquo;adapter \u00e0 diff\u00e9rentes applications, espaces disponibles et configurations. L&rsquo;utilisation d&rsquo;un m\u00e9lange d&rsquo;eau et de glycol comme fluide porteur offre une excellente alternative aux syst\u00e8mes de cycle de r\u00e9frig\u00e9ration plus traditionnels. En suivant la logique de conception d&rsquo;un \u00e9changeur \u00e0 serpentin de refroidissement traditionnel, il est possible d&rsquo;obtenir des temp\u00e9ratures et des capacit\u00e9s de refroidissement adapt\u00e9es au secteur de la r\u00e9frig\u00e9ration.<\/p>\n<p>Caract\u00e9ristiques principales\u00a0:<\/p>\n<p>0,5\u00a0kW \u2013 300\u00a0kW<br \/>\nMod\u00e8les disponibles\u00a0: Petites unit\u00e9s, Cubes commerciaux, Cubes industriels, Double flux<br \/>\nTr\u00e8s large gamme, de 1\u00a0ventilateur de 250\u00a0mm \u00e0 5\u00a0ventilateurs de 910\u00a0mm<br \/>\nVentilateurs axiaux EC et AC Erp2015 disponibles<br \/>\nCarrosserie ext\u00e9rieure en aluminium pr\u00e9laqu\u00e9 blanc<br \/>\nPossibilit\u00e9 de versions sp\u00e9ciales (post-chauffage \u00e9lectrique, post-chauffage au glycol, circuit de d\u00e9givrage au glycol entrelac\u00e9)<br \/>\nNombreuses options disponibles\u00a0: cuve isol\u00e9e thermiquement, d\u00e9givrage par eau, d\u00e9givrage \u00e9lectrique renforc\u00e9<br \/>\n10\u00a0traitements de surface disponibles pour prolonger la dur\u00e9e de vie du produit en environnements agressifs<\/p>\n","protected":false},"featured_media":32940,"template":"","meta":[],"product_brand":[],"product_cat":[682,1635],"product_tag":[],"class_list":{"0":"post-32945","1":"product","2":"type-product","3":"status-publish","4":"has-post-thumbnail","6":"product_cat-climatiseurs-fr-industriels","7":"product_cat-refroidisseur-de-saumure","9":"first","10":"instock","11":"shipping-taxable","12":"product-type-simple"},"_links":{"self":[{"href":"https:\/\/airsystems.ge\/shop\/fr\/wp-json\/wp\/v2\/product\/32945","targetHints":{"allow":["GET"]}}],"collection":[{"href":"https:\/\/airsystems.ge\/shop\/fr\/wp-json\/wp\/v2\/product"}],"about":[{"href":"https:\/\/airsystems.ge\/shop\/fr\/wp-json\/wp\/v2\/types\/product"}],"wp:featuredmedia":[{"embeddable":true,"href":"https:\/\/airsystems.ge\/shop\/fr\/wp-json\/wp\/v2\/media\/32940"}],"wp:attachment":[{"href":"https:\/\/airsystems.ge\/shop\/fr\/wp-json\/wp\/v2\/media?parent=32945"}],"wp:term":[{"taxonomy":"product_brand","embeddable":true,"href":"https:\/\/airsystems.ge\/shop\/fr\/wp-json\/wp\/v2\/product_brand?post=32945"},{"taxonomy":"product_cat","embeddable":true,"href":"https:\/\/airsystems.ge\/shop\/fr\/wp-json\/wp\/v2\/product_cat?post=32945"},{"taxonomy":"product_tag","embeddable":true,"href":"https:\/\/airsystems.ge\/shop\/fr\/wp-json\/wp\/v2\/product_tag?post=32945"}],"curies":[{"name":"wp","href":"https:\/\/api.w.org\/{rel}","templated":true}]}}