{"id":32930,"date":"2025-05-24T17:47:23","date_gmt":"2025-05-24T13:47:23","guid":{"rendered":"https:\/\/airsystems.ge\/shop\/product\/mce-air-cooled-condensing-units-with-scroll-multiscroll-compressors-and-axial-fans\/"},"modified":"2025-05-24T17:49:11","modified_gmt":"2025-05-24T13:49:11","slug":"mce-air-cooled-condensing-units-with-scroll-multiscroll-compressors-and-axial-fans","status":"publish","type":"product","link":"https:\/\/airsystems.ge\/shop\/fr\/produit\/mce-air-cooled-condensing-units-with-scroll-multiscroll-compressors-and-axial-fans\/","title":{"rendered":"MCE Groupes de condensation \u00e0 air avec compresseurs scroll\/multiscroll et ventilateurs axiaux"},"content":{"rendered":"","protected":false},"excerpt":{"rendered":"<p>Puissance frigorifique de 6 kW \u00e0 600 kW<\/p>\n<p>Groupes de condensation adapt\u00e9s \u00e0 une installation ext\u00e9rieure, con\u00e7us pour \u00eatre associ\u00e9s \u00e0 un \u00e9vaporateur \u00e0 d\u00e9tente directe \u00e0 distance. La technologie MULTISCROLL (avec r\u00e9gulation INVERTER en option) offre plusieurs niveaux de puissance, am\u00e9liorant ainsi le rendement \u00e0 charge partielle. Cela am\u00e9liore \u00e9galement les performances en cas d&rsquo;utilisation avec des applications \u00e0 charge tr\u00e8s variable. Le fluide frigorig\u00e8ne R410a est standard. Ils sont \u00e9galement disponibles en configuration pompe \u00e0 chaleur r\u00e9versible (PCE).<\/p>\n","protected":false},"featured_media":32925,"template":"","meta":[],"product_brand":[],"product_cat":[682,1629],"product_tag":[],"class_list":{"0":"post-32930","1":"product","2":"type-product","3":"status-publish","4":"has-post-thumbnail","6":"product_cat-climatiseurs-fr-industriels","7":"product_cat-condenseur","9":"first","10":"instock","11":"shipping-taxable","12":"product-type-simple"},"_links":{"self":[{"href":"https:\/\/airsystems.ge\/shop\/fr\/wp-json\/wp\/v2\/product\/32930","targetHints":{"allow":["GET"]}}],"collection":[{"href":"https:\/\/airsystems.ge\/shop\/fr\/wp-json\/wp\/v2\/product"}],"about":[{"href":"https:\/\/airsystems.ge\/shop\/fr\/wp-json\/wp\/v2\/types\/product"}],"wp:featuredmedia":[{"embeddable":true,"href":"https:\/\/airsystems.ge\/shop\/fr\/wp-json\/wp\/v2\/media\/32925"}],"wp:attachment":[{"href":"https:\/\/airsystems.ge\/shop\/fr\/wp-json\/wp\/v2\/media?parent=32930"}],"wp:term":[{"taxonomy":"product_brand","embeddable":true,"href":"https:\/\/airsystems.ge\/shop\/fr\/wp-json\/wp\/v2\/product_brand?post=32930"},{"taxonomy":"product_cat","embeddable":true,"href":"https:\/\/airsystems.ge\/shop\/fr\/wp-json\/wp\/v2\/product_cat?post=32930"},{"taxonomy":"product_tag","embeddable":true,"href":"https:\/\/airsystems.ge\/shop\/fr\/wp-json\/wp\/v2\/product_tag?post=32930"}],"curies":[{"name":"wp","href":"https:\/\/api.w.org\/{rel}","templated":true}]}}