{"id":32574,"date":"2025-05-23T21:33:24","date_gmt":"2025-05-23T17:33:24","guid":{"rendered":"https:\/\/airsystems.ge\/shop\/product\/indoor-air-conditioning-cu-alx-series-indoor-packaged-air-conditioners-20c-to-55c\/"},"modified":"2025-05-23T21:35:36","modified_gmt":"2025-05-23T17:35:36","slug":"indoor-air-conditioning-cu-alx-series-indoor-packaged-air-conditioners-20c-to-55c","status":"publish","type":"product","link":"https:\/\/airsystems.ge\/shop\/fr\/produit\/indoor-air-conditioning-cu-alx-series-indoor-packaged-air-conditioners-20c-to-55c\/","title":{"rendered":"Climatiseurs d&rsquo;int\u00e9rieur s\u00e9rie CU_ALX Climatiseurs d&rsquo;int\u00e9rieur monoblocs -20 \u00b0C \u00e0 +55 \u00b0C"},"content":{"rendered":"","protected":false},"excerpt":{"rendered":"<p>Puissance frigorifique de 0,6 kW \u00e0 2,5 kW<\/p>\n<p>Les climatiseurs de la s\u00e9rie CU_ALX sont des unit\u00e9s int\u00e9rieures monoblocs, id\u00e9ales pour le refroidissement des tableaux \u00e9lectriques et similaires, con\u00e7ues pour une installation murale ext\u00e9rieure (positionnement dorsal).<\/p>\n<p>Caract\u00e9ristiques principales<\/p>\n<p>Ch\u00e2ssis et panneaux en acier galvanis\u00e9<br \/>\nBatterie de condensation \u00e0 microcanaux aluminium-aluminium<br \/>\nVentilateurs radiaux 230 Vca<br \/>\n\u00c9vaporation automatique des condensats (mod\u00e8le 250 exclu)<br \/>\nR\u00e9gulation de temp\u00e9rature analogique (mod\u00e8le ALX) ou num\u00e9rique (mod\u00e8le ALXC)<br \/>\nInstallation murale ext\u00e9rieure (positionnement dorsal)<\/p>\n","protected":false},"featured_media":32569,"template":"","meta":[],"product_brand":[],"product_cat":[1618,682],"product_tag":[],"class_list":{"0":"post-32574","1":"product","2":"type-product","3":"status-publish","4":"has-post-thumbnail","6":"product_cat-climatiseur-industriel-monobloc","7":"product_cat-climatiseurs-fr-industriels","9":"first","10":"instock","11":"shipping-taxable","12":"product-type-simple"},"_links":{"self":[{"href":"https:\/\/airsystems.ge\/shop\/fr\/wp-json\/wp\/v2\/product\/32574","targetHints":{"allow":["GET"]}}],"collection":[{"href":"https:\/\/airsystems.ge\/shop\/fr\/wp-json\/wp\/v2\/product"}],"about":[{"href":"https:\/\/airsystems.ge\/shop\/fr\/wp-json\/wp\/v2\/types\/product"}],"wp:featuredmedia":[{"embeddable":true,"href":"https:\/\/airsystems.ge\/shop\/fr\/wp-json\/wp\/v2\/media\/32569"}],"wp:attachment":[{"href":"https:\/\/airsystems.ge\/shop\/fr\/wp-json\/wp\/v2\/media?parent=32574"}],"wp:term":[{"taxonomy":"product_brand","embeddable":true,"href":"https:\/\/airsystems.ge\/shop\/fr\/wp-json\/wp\/v2\/product_brand?post=32574"},{"taxonomy":"product_cat","embeddable":true,"href":"https:\/\/airsystems.ge\/shop\/fr\/wp-json\/wp\/v2\/product_cat?post=32574"},{"taxonomy":"product_tag","embeddable":true,"href":"https:\/\/airsystems.ge\/shop\/fr\/wp-json\/wp\/v2\/product_tag?post=32574"}],"curies":[{"name":"wp","href":"https:\/\/api.w.org\/{rel}","templated":true}]}}