{"id":32560,"date":"2025-05-23T21:27:43","date_gmt":"2025-05-23T17:27:43","guid":{"rendered":"https:\/\/airsystems.ge\/shop\/product\/industrial-air-conditioner-packaged-series-industrial-packaged-acus-packaged-self-cooling-air-conditioners-for-containers-or-electrical-cabins-40c-to-85c\/"},"modified":"2025-05-23T21:29:54","modified_gmt":"2025-05-23T17:29:54","slug":"industrial-air-conditioner-packaged-series-industrial-packaged-acus-packaged-self-cooling-air-conditioners-for-containers-or-electrical-cabins-40c-to-85c","status":"publish","type":"product","link":"https:\/\/airsystems.ge\/shop\/fr\/produit\/industrial-air-conditioner-packaged-series-industrial-packaged-acus-packaged-self-cooling-air-conditioners-for-containers-or-electrical-cabins-40c-to-85c\/","title":{"rendered":"Climatiseurs industriels monoblocs  S\u00e9rie ACUS Climatiseurs monoblocs auto-rafra\u00eechissants pour conteneurs ou cabines \u00e9lectriques -40 \u00b0C \u00e0 +85 \u00b0C"},"content":{"rendered":"<p><a class=\"elementor-button elementor-button-link elementor-size-sm\" href=\"https:\/\/www.enextechnologies.com\/wp-content\/uploads\/2024\/08\/ACUS-SERIE_ENG.pdf\" target=\"_blank\" rel=\"noopener\"><span class=\"elementor-button-content-wrapper\"><span class=\"elementor-button-text\">BROCHURE<\/span><\/span><\/a><\/p>\n","protected":false},"excerpt":{"rendered":"<p>Puissance frigorifique\u00a0: 9,0 kW<\/p>\n<p>Climatiseurs monoblocs auto-rafra\u00eechissants pour usage int\u00e9rieur, sp\u00e9cialement con\u00e7us et fabriqu\u00e9s pour fonctionner dans des conditions extr\u00eames, en pr\u00e9sence de poussi\u00e8re, de vibrations et de temp\u00e9ratures \u00e9lev\u00e9es. Id\u00e9als pour le refroidissement des conteneurs et des cabines \u00e9lectriques par gaines.<\/p>\n<p>Caract\u00e9ristiques principales<\/p>\n<p>Ch\u00e2ssis et panneaux en acier galvanis\u00e9<br \/>\nHaute r\u00e9sistance \u00e0 la corrosion<br \/>\nR\u00e9sistance \u00e0 la poussi\u00e8re et aux vibrations<br \/>\nCoffret \u00e9lectrique int\u00e9gr\u00e9<br \/>\nLe ventilateur du condenseur est r\u00e9gul\u00e9 par pressostat<br \/>\nPanneau d&rsquo;interface utilisateur \u00e0 distance<br \/>\nD\u00e9bit d&rsquo;air extrait\/trait\u00e9 r\u00e9glable<\/p>\n","protected":false},"featured_media":32555,"template":"","meta":[],"product_brand":[],"product_cat":[1618,682],"product_tag":[],"class_list":{"0":"post-32560","1":"product","2":"type-product","3":"status-publish","4":"has-post-thumbnail","6":"product_cat-climatiseur-industriel-monobloc","7":"product_cat-climatiseurs-fr-industriels","9":"first","10":"instock","11":"shipping-taxable","12":"product-type-simple"},"_links":{"self":[{"href":"https:\/\/airsystems.ge\/shop\/fr\/wp-json\/wp\/v2\/product\/32560","targetHints":{"allow":["GET"]}}],"collection":[{"href":"https:\/\/airsystems.ge\/shop\/fr\/wp-json\/wp\/v2\/product"}],"about":[{"href":"https:\/\/airsystems.ge\/shop\/fr\/wp-json\/wp\/v2\/types\/product"}],"wp:featuredmedia":[{"embeddable":true,"href":"https:\/\/airsystems.ge\/shop\/fr\/wp-json\/wp\/v2\/media\/32555"}],"wp:attachment":[{"href":"https:\/\/airsystems.ge\/shop\/fr\/wp-json\/wp\/v2\/media?parent=32560"}],"wp:term":[{"taxonomy":"product_brand","embeddable":true,"href":"https:\/\/airsystems.ge\/shop\/fr\/wp-json\/wp\/v2\/product_brand?post=32560"},{"taxonomy":"product_cat","embeddable":true,"href":"https:\/\/airsystems.ge\/shop\/fr\/wp-json\/wp\/v2\/product_cat?post=32560"},{"taxonomy":"product_tag","embeddable":true,"href":"https:\/\/airsystems.ge\/shop\/fr\/wp-json\/wp\/v2\/product_tag?post=32560"}],"curies":[{"name":"wp","href":"https:\/\/api.w.org\/{rel}","templated":true}]}}