{"id":32545,"date":"2025-05-23T21:20:26","date_gmt":"2025-05-23T17:20:26","guid":{"rendered":"https:\/\/airsystems.ge\/shop\/product\/indoor-packaged-unit-sp-series-air-cooled-underfloor-packaged-indoor-air-conditioners\/"},"modified":"2025-05-23T21:23:56","modified_gmt":"2025-05-23T17:23:56","slug":"indoor-packaged-unit-sp-series-air-cooled-underfloor-packaged-indoor-air-conditioners","status":"publish","type":"product","link":"https:\/\/airsystems.ge\/shop\/fr\/produit\/indoor-packaged-unit-sp-series-air-cooled-underfloor-packaged-indoor-air-conditioners\/","title":{"rendered":"Climatiseurs industriels monoblocs  Unit\u00e9 int\u00e9rieure monobloc \u2013 S\u00e9rie SP Climatiseurs int\u00e9rieurs monoblocs \u00e0 condensation par air, sous plancher, -20 \u00b0C \u00e0 +45 \u00b0C"},"content":{"rendered":"<p><a class=\"elementor-button elementor-button-link elementor-size-sm\" href=\"https:\/\/www.enextechnologies.com\/wp-content\/uploads\/2024\/08\/SP-SERIE_ENG.pdf\" target=\"_blank\" rel=\"noopener\"><span class=\"elementor-button-content-wrapper\"><span class=\"elementor-button-text\">BROCHURE<\/span><\/span><\/a><\/p>\n","protected":false},"excerpt":{"rendered":"<div class=\"elementor-element elementor-element-391e72ec elementor-widget elementor-widget-theme-post-content\" data-id=\"391e72ec\" data-element_type=\"widget\" data-widget_type=\"theme-post-content.default\">\n<div class=\"elementor-widget-container\">\n<p>Puissance frigorifique de 6,1 kW \u00e0 17 kW<\/p>\n<p>Climatiseurs int\u00e9rieurs monoblocs \u00e0 condensation par air, sous plancher, id\u00e9aux pour les installations en locaux, les abris de stations de base radio et les locaux techniques en g\u00e9n\u00e9ral. L&rsquo;air de refroidissement est pr\u00e9lev\u00e9 par le haut et achemin\u00e9 vers le plancher.<\/p>\n<p>Caract\u00e9ristiques principales<\/p>\n<p>Ch\u00e2ssis et panneaux en acier galvanis\u00e9<br \/>\nBatterie de condenseurs \u00e0 microcanaux aluminium-aluminium<br \/>\nVentilateurs de la section d&rsquo;\u00e9vaporation type EC, 48 Vcc<br \/>\nVitesse variable du ventilateur de la section de condensation en fonction de la pression de condensation<br \/>\nSur demande\u00a0: carte Ethernet, RS232\/485, SNMP et Web<\/p>\n<\/div>\n<\/div>\n<div class=\"elementor-element elementor-element-427e8a79 e-flex e-con-boxed e-con e-child\" data-id=\"427e8a79\" data-element_type=\"container\">\n<div class=\"e-con-inner\">\n<div class=\"elementor-element elementor-element-6e19ed90 hidebutton mc-bl elementor-align-left elementor-widget elementor-widget-button\" data-id=\"6e19ed90\" data-element_type=\"widget\" data-widget_type=\"button.default\"><\/div>\n<\/div>\n<\/div>\n","protected":false},"featured_media":32540,"template":"","meta":[],"product_brand":[],"product_cat":[1618,682],"product_tag":[],"class_list":{"0":"post-32545","1":"product","2":"type-product","3":"status-publish","4":"has-post-thumbnail","6":"product_cat-climatiseur-industriel-monobloc","7":"product_cat-climatiseurs-fr-industriels","9":"first","10":"instock","11":"shipping-taxable","12":"product-type-simple"},"_links":{"self":[{"href":"https:\/\/airsystems.ge\/shop\/fr\/wp-json\/wp\/v2\/product\/32545","targetHints":{"allow":["GET"]}}],"collection":[{"href":"https:\/\/airsystems.ge\/shop\/fr\/wp-json\/wp\/v2\/product"}],"about":[{"href":"https:\/\/airsystems.ge\/shop\/fr\/wp-json\/wp\/v2\/types\/product"}],"wp:featuredmedia":[{"embeddable":true,"href":"https:\/\/airsystems.ge\/shop\/fr\/wp-json\/wp\/v2\/media\/32540"}],"wp:attachment":[{"href":"https:\/\/airsystems.ge\/shop\/fr\/wp-json\/wp\/v2\/media?parent=32545"}],"wp:term":[{"taxonomy":"product_brand","embeddable":true,"href":"https:\/\/airsystems.ge\/shop\/fr\/wp-json\/wp\/v2\/product_brand?post=32545"},{"taxonomy":"product_cat","embeddable":true,"href":"https:\/\/airsystems.ge\/shop\/fr\/wp-json\/wp\/v2\/product_cat?post=32545"},{"taxonomy":"product_tag","embeddable":true,"href":"https:\/\/airsystems.ge\/shop\/fr\/wp-json\/wp\/v2\/product_tag?post=32545"}],"curies":[{"name":"wp","href":"https:\/\/api.w.org\/{rel}","templated":true}]}}