{"id":32532,"date":"2025-05-23T21:09:59","date_gmt":"2025-05-23T17:09:59","guid":{"rendered":"https:\/\/airsystems.ge\/shop\/product\/series-industrial-packaged-cus-packaged-self-cooling-air-conditioners-for-containers-or-electrical-cabins\/"},"modified":"2025-05-23T21:16:01","modified_gmt":"2025-05-23T17:16:01","slug":"series-industrial-packaged-cus-packaged-self-cooling-air-conditioners-for-containers-or-electrical-cabins","status":"publish","type":"product","link":"https:\/\/airsystems.ge\/shop\/fr\/produit\/series-industrial-packaged-cus-packaged-self-cooling-air-conditioners-for-containers-or-electrical-cabins\/","title":{"rendered":"Climatiseurs industriels monoblocs  S\u00e9rie CUS Climatiseurs monoblocs auto-refroidissants pour conteneurs ou cabines \u00e9lectriques, de -40 \u00b0C \u00e0 +80 \u00b0C"},"content":{"rendered":"<p><a class=\"elementor-button elementor-button-link elementor-size-sm\" href=\"https:\/\/www.enextechnologies.com\/wp-content\/uploads\/2024\/08\/CUS-SERIE_ENG.pdf\" target=\"_blank\" rel=\"noopener\"><span class=\"elementor-button-content-wrapper\"><span class=\"elementor-button-text\">BROCHURE<\/span><\/span><\/a><\/p>\n","protected":false},"excerpt":{"rendered":"<p>Puissance frigorifique de 2,7 kW \u00e0 4,5 kW<\/p>\n<p>Climatiseurs monoblocs auto-refroidissants pour usage int\u00e9rieur, sp\u00e9cialement con\u00e7us pour fonctionner en environnement industriel, en pr\u00e9sence de poussi\u00e8re, de vibrations et de temp\u00e9ratures \u00e9lev\u00e9es. Id\u00e9als pour le refroidissement des tableaux \u00e9lectriques, des sous-stations \u00e9lectriques et autres.<\/p>\n<p>Caract\u00e9ristiques principales<\/p>\n<p>Ch\u00e2ssis et panneaux en acier galvanis\u00e9<br \/>\nHaute r\u00e9sistance \u00e0 la corrosion<br \/>\nR\u00e9sistance \u00e0 la poussi\u00e8re et aux vibrations<br \/>\nTableau \u00e9lectrique avec interface utilisateur externe<br \/>\nLe ventilateur de la section de condensation est r\u00e9gul\u00e9 par pressostat<br \/>\nInstallation sur murs ext\u00e9rieurs, positionnement en sac \u00e0 dos<br \/>\nPossibilit\u00e9 de gainage<\/p>\n","protected":false},"featured_media":32527,"template":"","meta":[],"product_brand":[],"product_cat":[1618,682],"product_tag":[],"class_list":{"0":"post-32532","1":"product","2":"type-product","3":"status-publish","4":"has-post-thumbnail","6":"product_cat-climatiseur-industriel-monobloc","7":"product_cat-climatiseurs-fr-industriels","9":"first","10":"instock","11":"shipping-taxable","12":"product-type-simple"},"_links":{"self":[{"href":"https:\/\/airsystems.ge\/shop\/fr\/wp-json\/wp\/v2\/product\/32532","targetHints":{"allow":["GET"]}}],"collection":[{"href":"https:\/\/airsystems.ge\/shop\/fr\/wp-json\/wp\/v2\/product"}],"about":[{"href":"https:\/\/airsystems.ge\/shop\/fr\/wp-json\/wp\/v2\/types\/product"}],"wp:featuredmedia":[{"embeddable":true,"href":"https:\/\/airsystems.ge\/shop\/fr\/wp-json\/wp\/v2\/media\/32527"}],"wp:attachment":[{"href":"https:\/\/airsystems.ge\/shop\/fr\/wp-json\/wp\/v2\/media?parent=32532"}],"wp:term":[{"taxonomy":"product_brand","embeddable":true,"href":"https:\/\/airsystems.ge\/shop\/fr\/wp-json\/wp\/v2\/product_brand?post=32532"},{"taxonomy":"product_cat","embeddable":true,"href":"https:\/\/airsystems.ge\/shop\/fr\/wp-json\/wp\/v2\/product_cat?post=32532"},{"taxonomy":"product_tag","embeddable":true,"href":"https:\/\/airsystems.ge\/shop\/fr\/wp-json\/wp\/v2\/product_tag?post=32532"}],"curies":[{"name":"wp","href":"https:\/\/api.w.org\/{rel}","templated":true}]}}