{"id":32432,"date":"2025-05-23T20:01:11","date_gmt":"2025-05-23T16:01:11","guid":{"rendered":"https:\/\/airsystems.ge\/shop\/product\/axial-dry-coolers-dhn-dch\/"},"modified":"2025-05-23T20:05:08","modified_gmt":"2025-05-23T16:05:08","slug":"axial-dry-coolers-dhn-dch","status":"publish","type":"product","link":"https:\/\/airsystems.ge\/shop\/fr\/produit\/axial-dry-coolers-dhn-dch\/","title":{"rendered":"A\u00e9ror\u00e9frig\u00e9rants axiaux (DHN-DCH)"},"content":{"rendered":"<div id=\"page\" class=\"site\">\n<div id=\"content\" class=\"site-content\" data-mobile-menu-resolution=\"868\">\n<div class=\"elementor elementor-15803 elementor-location-single post-14889 product type-product status-publish has-post-thumbnail hentry\" data-elementor-type=\"single-post\" data-elementor-id=\"15803\" data-elementor-post-type=\"elementor_library\">\n<div class=\"elementor-element elementor-element-4182285c e-con-full e-flex e-con e-parent e-lazyloaded\" data-id=\"4182285c\" data-element_type=\"container\">\n<div class=\"elementor-element elementor-element-27029276 e-con-full e-flex e-con e-child\" data-id=\"27029276\" data-element_type=\"container\">\n<div class=\"elementor-element elementor-element-427e8a79 e-flex e-con-boxed e-con e-child\" data-id=\"427e8a79\" data-element_type=\"container\">\n<div class=\"e-con-inner\">\n<div class=\"elementor-element elementor-element-6e19ed90 hidebutton mc-bl elementor-align-left elementor-widget elementor-widget-button\" data-id=\"6e19ed90\" data-element_type=\"widget\" data-widget_type=\"button.default\">\n<div class=\"elementor-widget-container\">\n<div class=\"elementor-button-wrapper\"><a class=\"elementor-button elementor-button-link elementor-size-sm\" href=\"https:\/\/www.enextechnologies.com\/wp-content\/uploads\/2024\/08\/Flat-Dry-cooler-DHN-DCH_ENG.pdf\" target=\"_blank\" rel=\"noopener\"><span class=\"elementor-button-content-wrapper\"><span class=\"elementor-button-text\">BROCHURE<\/span><\/span><\/a><\/div>\n<\/div>\n<\/div>\n<\/div>\n<\/div>\n<\/div>\n<\/div>\n<\/div>\n<\/div>\n<\/div>\n","protected":false},"excerpt":{"rendered":"<div class=\"elementor-element elementor-element-70da8153 elementor-widget elementor-widget-theme-page-title elementor-page-title elementor-widget-heading\" data-id=\"70da8153\" data-element_type=\"widget\" data-widget_type=\"theme-page-title.default\">\n<div class=\"elementor-widget-container\">\n<p>DHN \/ DCH<br \/>\nLes a\u00e9ror\u00e9frig\u00e9rants Kobol sont con\u00e7us pour fonctionner avec du glycol, de l&rsquo;eau et d&rsquo;autres r\u00e9frig\u00e9rants, et peuvent \u00e9galement \u00eatre utilis\u00e9s en combinaison avec des refroidisseurs. Ils remplacent les tours de refroidissement et n\u00e9cessitent tr\u00e8s peu d&rsquo;entretien, tout en \u00e9liminant le risque de contamination bact\u00e9rienne de l&rsquo;air ou de l&rsquo;eau par la l\u00e9gionellose, \u00e0 l&rsquo;int\u00e9rieur des syst\u00e8mes de climatisation. Notre large gamme d&rsquo;a\u00e9ror\u00e9frig\u00e9rants condenseurs comprend 433 mod\u00e8les, offrant des puissances frigorifiques allant de 10 kW \u00e0 875 kW.<\/p>\n<p>Les a\u00e9ror\u00e9frig\u00e9rants axiaux Kobol offrent un niveau sonore tr\u00e8s faible et une consommation d&rsquo;\u00e9nergie tr\u00e8s faible. 244 mod\u00e8les sont disponibles pour diff\u00e9rents types d&rsquo;applications de refroidissement.<\/p>\n<\/div>\n<\/div>\n","protected":false},"featured_media":32403,"template":"","meta":[],"product_brand":[],"product_cat":[682,1612],"product_tag":[],"class_list":{"0":"post-32432","1":"product","2":"type-product","3":"status-publish","4":"has-post-thumbnail","6":"product_cat-climatiseurs-fr-industriels","7":"product_cat-refroidisseur-sec","9":"first","10":"instock","11":"shipping-taxable","12":"product-type-simple"},"_links":{"self":[{"href":"https:\/\/airsystems.ge\/shop\/fr\/wp-json\/wp\/v2\/product\/32432","targetHints":{"allow":["GET"]}}],"collection":[{"href":"https:\/\/airsystems.ge\/shop\/fr\/wp-json\/wp\/v2\/product"}],"about":[{"href":"https:\/\/airsystems.ge\/shop\/fr\/wp-json\/wp\/v2\/types\/product"}],"wp:featuredmedia":[{"embeddable":true,"href":"https:\/\/airsystems.ge\/shop\/fr\/wp-json\/wp\/v2\/media\/32403"}],"wp:attachment":[{"href":"https:\/\/airsystems.ge\/shop\/fr\/wp-json\/wp\/v2\/media?parent=32432"}],"wp:term":[{"taxonomy":"product_brand","embeddable":true,"href":"https:\/\/airsystems.ge\/shop\/fr\/wp-json\/wp\/v2\/product_brand?post=32432"},{"taxonomy":"product_cat","embeddable":true,"href":"https:\/\/airsystems.ge\/shop\/fr\/wp-json\/wp\/v2\/product_cat?post=32432"},{"taxonomy":"product_tag","embeddable":true,"href":"https:\/\/airsystems.ge\/shop\/fr\/wp-json\/wp\/v2\/product_tag?post=32432"}],"curies":[{"name":"wp","href":"https:\/\/api.w.org\/{rel}","templated":true}]}}