{"id":32344,"date":"2025-05-21T12:32:48","date_gmt":"2025-05-21T08:32:48","guid":{"rendered":"https:\/\/airsystems.ge\/shop\/product\/modem-4g-lte-3g-umts-pls8-e-gps\/"},"modified":"2025-05-21T12:36:07","modified_gmt":"2025-05-21T08:36:07","slug":"modem-4g-lte-3g-umts-pls8-e-gps","status":"publish","type":"product","link":"https:\/\/airsystems.ge\/shop\/fr\/produit\/modem-4g-lte-3g-umts-pls8-e-gps\/","title":{"rendered":"Modem 4G LTE 3G UMTS PLS8-E GPS"},"content":{"rendered":"<p>5 bandes UMTS\/HSPA\u00a0: 850\/800, 900, 1900 et 2100 MHz<br \/>\nQuadribande GSM\/GPRS\/EDGE\u00a0: 850, 900, 1800, 1900 MHz<br \/>\nGPS<br \/>\nSMS<br \/>\nInterface USB 2.0 haut d\u00e9bit<br \/>\nCe modem offre une couverture et une fiabilit\u00e9 mondiales, m\u00eame en itin\u00e9rance sur diff\u00e9rentes technologies de r\u00e9seau sans fil. Deux antennes permettent la prise en charge de la diversit\u00e9, permettant au PHS8 d&rsquo;offrir des d\u00e9bits de donn\u00e9es am\u00e9lior\u00e9s, m\u00eame en cas de fluctuations du r\u00e9seau 3G.<\/p>\n<p>&nbsp;<\/p>\n<table border=\"1\" width=\"790\" cellspacing=\"1\" cellpadding=\"1\">\n<thead>\n<tr>\n<th scope=\"col\"><span style=\"font-weight: 400;\">Air Interface<\/span><\/th>\n<th scope=\"col\"><span style=\"font-weight: 400;\">LTE\/UMTS\/HSPA\/GSM\/EDGE<\/span><\/th>\n<\/tr>\n<\/thead>\n<tbody>\n<tr>\n<td>LTE bands<\/td>\n<td>800, 900, 1800, 2100, 2600 MHz<\/td>\n<\/tr>\n<tr>\n<td>LTE<\/td>\n<td>Cat. 3<\/td>\n<\/tr>\n<tr>\n<td>LTE data rate<\/td>\n<td>DL: max. 100 Mbps<br \/>\nUL: max. 50 Mbps<\/td>\n<\/tr>\n<tr>\n<td>UMTS bands<\/td>\n<td>900, 1800, 2100 MHz<\/td>\n<\/tr>\n<tr>\n<td>UMTS<\/td>\n<td>DL Cat.24 \/ UL Cat. 6<\/td>\n<\/tr>\n<tr>\n<td>UMTS data rate<\/td>\n<td>DL: max. 42 Mbps<br \/>\nUL: max. 5.76 Mbps<\/td>\n<\/tr>\n<tr>\n<td>GSM\/GPRS\/EDGE bands<\/td>\n<td>900, 1800 MHz<\/td>\n<\/tr>\n<tr>\n<td>EDGE<\/td>\n<td>class 12<\/td>\n<\/tr>\n<tr>\n<td>EDGE data rate<\/td>\n<td>max. 237 kbps (DL &amp; UL)<\/td>\n<\/tr>\n<tr>\n<td colspan=\"2\">Power<\/td>\n<\/tr>\n<tr>\n<td>Supply Voltage<\/td>\n<td>8 &#8230; 60 V<\/td>\n<\/tr>\n<tr>\n<td>Electrical connection<\/td>\n<td>6-pole Western jack (use accessory cable)<\/td>\n<\/tr>\n<tr>\n<td colspan=\"2\">Interfaces<\/td>\n<\/tr>\n<tr>\n<td>USB<\/td>\n<td>USB 2.0 high speed, type B<\/td>\n<\/tr>\n<tr>\n<td>Control<\/td>\n<td>AT commands<\/td>\n<\/tr>\n<tr>\n<td>Card reader<\/td>\n<td>Mini SIM<\/td>\n<\/tr>\n<tr>\n<td colspan=\"2\">Antennas<\/td>\n<\/tr>\n<tr>\n<td>LTE\/UMTS antenna interface<\/td>\n<td>SMA<\/td>\n<\/tr>\n<tr>\n<td>Impedance<\/td>\n<td>50 \u03a9<\/td>\n<\/tr>\n<tr>\n<td colspan=\"2\">General<\/td>\n<\/tr>\n<tr>\n<td>Operational temperature<\/td>\n<td>-30 \u00b0C &#8230; +64\u00b0C<\/td>\n<\/tr>\n<tr>\n<td>Dimensions<\/td>\n<td>65 x 74 x 33 mm<\/td>\n<\/tr>\n<tr>\n<td>Weight<\/td>\n<td>96 g<\/td>\n<\/tr>\n<tr>\n<td colspan=\"2\">Accessories<\/td>\n<\/tr>\n<tr>\n<td>Omnidirectional antenna LTE<\/td>\n<td>Article No. M72240<\/td>\n<\/tr>\n<tr>\n<td>USB cable<\/td>\n<td>Article No. M01210<\/td>\n<\/tr>\n<tr>\n<td>Supply cable<\/td>\n<td>Article No. M71041<\/td>\n<\/tr>\n<tr>\n<td>Adapter plug FME\/SMA<\/td>\n<td>Article No. M71020<\/td>\n<\/tr>\n<\/tbody>\n<\/table>\n","protected":false},"excerpt":{"rendered":"<h3>R\u00e9f\u00e9rence<\/h3>\n<p>M76510 \/ M76510M<\/p>\n","protected":false},"featured_media":32339,"template":"","meta":[],"product_brand":[],"product_cat":[1542,1335,1606],"product_tag":[],"class_list":{"0":"post-32344","1":"product","2":"type-product","3":"status-publish","4":"has-post-thumbnail","6":"product_cat-accessoires-pour-enregistreurs-de-donnees","7":"product_cat-energies-renouvelables-mesure-de-lenergie-eolienne-et-solaire-fr","8":"product_cat-systemes-de-communication","10":"first","11":"instock","12":"shipping-taxable","13":"product-type-simple"},"_links":{"self":[{"href":"https:\/\/airsystems.ge\/shop\/fr\/wp-json\/wp\/v2\/product\/32344","targetHints":{"allow":["GET"]}}],"collection":[{"href":"https:\/\/airsystems.ge\/shop\/fr\/wp-json\/wp\/v2\/product"}],"about":[{"href":"https:\/\/airsystems.ge\/shop\/fr\/wp-json\/wp\/v2\/types\/product"}],"wp:featuredmedia":[{"embeddable":true,"href":"https:\/\/airsystems.ge\/shop\/fr\/wp-json\/wp\/v2\/media\/32339"}],"wp:attachment":[{"href":"https:\/\/airsystems.ge\/shop\/fr\/wp-json\/wp\/v2\/media?parent=32344"}],"wp:term":[{"taxonomy":"product_brand","embeddable":true,"href":"https:\/\/airsystems.ge\/shop\/fr\/wp-json\/wp\/v2\/product_brand?post=32344"},{"taxonomy":"product_cat","embeddable":true,"href":"https:\/\/airsystems.ge\/shop\/fr\/wp-json\/wp\/v2\/product_cat?post=32344"},{"taxonomy":"product_tag","embeddable":true,"href":"https:\/\/airsystems.ge\/shop\/fr\/wp-json\/wp\/v2\/product_tag?post=32344"}],"curies":[{"name":"wp","href":"https:\/\/api.w.org\/{rel}","templated":true}]}}