{"id":32310,"date":"2025-05-21T12:07:15","date_gmt":"2025-05-21T08:07:15","guid":{"rendered":"https:\/\/airsystems.ge\/shop\/product\/satellite-data-transfer-system-bgan-modem\/"},"modified":"2025-05-21T12:09:16","modified_gmt":"2025-05-21T08:09:16","slug":"satellite-data-transfer-system-bgan-modem","status":"publish","type":"product","link":"https:\/\/airsystems.ge\/shop\/fr\/produit\/satellite-data-transfer-system-bgan-modem\/","title":{"rendered":"Modem BGAN pour syst\u00e8me de transfert de donn\u00e9es par satellite"},"content":{"rendered":"<p>L&rsquo;activation automatique r\u00e9tablit automatiquement l&rsquo;alimentation et la connexion PDP apr\u00e8s une perte d&rsquo;alimentation et\/ou de connexion IP.<br \/>\nContr\u00f4le \u00e0 distance par SMS.<br \/>\nLe mode relais transmet l&rsquo;adresse IP WAN au RTU connect\u00e9.<br \/>\nS\u00e9curit\u00e9 renforc\u00e9e gr\u00e2ce \u00e0 des couches \u00e9tendues d&rsquo;options de s\u00e9curit\u00e9 int\u00e9gr\u00e9es.<\/p>\n<table border=\"1\" width=\"595\" cellspacing=\"1\" cellpadding=\"1\">\n<thead>\n<tr>\n<th scope=\"col\"><span style=\"font-weight: 400;\">Characteristic<\/span><\/th>\n<th scope=\"col\"><span style=\"font-weight: 400;\">Description \/ Value<\/span><\/th>\n<\/tr>\n<\/thead>\n<tbody>\n<tr>\n<td>Satellite transmit frequency<\/td>\n<td>1626.5 &#8230; 1660.5 MHz<\/td>\n<\/tr>\n<tr>\n<td>Satellite receive frequency<\/td>\n<td>1525 &#8230; 1559 MHz<\/td>\n<\/tr>\n<tr>\n<td>GPS frequency<\/td>\n<td>1574.42 &#8230; 1576.42 MHz<\/td>\n<\/tr>\n<tr>\n<td>SAT continuous TX time<\/td>\n<td>Up to 3.25 hours at 128 kbps<\/td>\n<\/tr>\n<tr>\n<td>SAT continuous RX time<\/td>\n<td>Up to 5.5 hours at 128 kbps<\/td>\n<\/tr>\n<tr>\n<td>SAT standby time<\/td>\n<td>Up to 36 hours<\/td>\n<\/tr>\n<tr>\n<td>Input voltage<\/td>\n<td>+12 VDC \/ +24 VDC nominal<\/td>\n<\/tr>\n<tr>\n<td>Power consumption<\/td>\n<td>Transmit: &lt; 20W<br \/>\nNarrow beam w\/o tansmit: 3W<br \/>\nIdle (regional beam): &lt; 1W<\/td>\n<\/tr>\n<tr>\n<td>Dimension and Weight<br \/>\nIndoor unit<br \/>\nOutdoor unit<\/td>\n<td>150 x 216 x 45 mm \/ 1.2 kg (2.64 lbs)<br \/>\n385 x 385 x 33 mm \/ 1.9 kg (4.18 lbs)<\/td>\n<\/tr>\n<tr>\n<td>Operating temperature<\/td>\n<td>-40 &#8230; +75\u00b0C<\/td>\n<\/tr>\n<tr>\n<td>Storage temperature<\/td>\n<td>-55 &#8230; +75\u00b0C<\/td>\n<\/tr>\n<tr>\n<td>Humidity<\/td>\n<td>95% RH @ +40\u00b0C<\/td>\n<\/tr>\n<tr>\n<td>Wind loading (outdoor unit)<\/td>\n<td>Survival wind loading (with optional mount) up to 100 mph<\/td>\n<\/tr>\n<tr>\n<td>Protection<\/td>\n<td>IP40 (indoor unit), IP65 (outdoor unit)<\/td>\n<\/tr>\n<tr>\n<td>Interfaces<\/td>\n<td>Ethernet connection (RJ45)<br \/>\nUSB\u2013Type B for connection to configuration PC<br \/>\nRS-232 (DB9) to external NMEA 0183-based GNSS device (e.g., GLONASS receiver)<br \/>\nTNC connection on the IDU to the external antenna<\/td>\n<\/tr>\n<tr>\n<td>Cable<\/td>\n<td>10 meters RF antenna cable (included in delivery)<\/td>\n<\/tr>\n<tr>\n<td>Manufacturer<\/td>\n<td>Hughes Network Systems<\/td>\n<\/tr>\n<\/tbody>\n<\/table>\n","protected":false},"excerpt":{"rendered":"<h3>R\u00e9f\u00e9rence<\/h3>\n<p>M71855<\/p>\n","protected":false},"featured_media":32324,"template":"","meta":[],"product_brand":[],"product_cat":[1542,1335,1606],"product_tag":[],"class_list":{"0":"post-32310","1":"product","2":"type-product","3":"status-publish","4":"has-post-thumbnail","6":"product_cat-accessoires-pour-enregistreurs-de-donnees","7":"product_cat-energies-renouvelables-mesure-de-lenergie-eolienne-et-solaire-fr","8":"product_cat-systemes-de-communication","10":"first","11":"instock","12":"shipping-taxable","13":"product-type-simple"},"_links":{"self":[{"href":"https:\/\/airsystems.ge\/shop\/fr\/wp-json\/wp\/v2\/product\/32310","targetHints":{"allow":["GET"]}}],"collection":[{"href":"https:\/\/airsystems.ge\/shop\/fr\/wp-json\/wp\/v2\/product"}],"about":[{"href":"https:\/\/airsystems.ge\/shop\/fr\/wp-json\/wp\/v2\/types\/product"}],"wp:featuredmedia":[{"embeddable":true,"href":"https:\/\/airsystems.ge\/shop\/fr\/wp-json\/wp\/v2\/media\/32324"}],"wp:attachment":[{"href":"https:\/\/airsystems.ge\/shop\/fr\/wp-json\/wp\/v2\/media?parent=32310"}],"wp:term":[{"taxonomy":"product_brand","embeddable":true,"href":"https:\/\/airsystems.ge\/shop\/fr\/wp-json\/wp\/v2\/product_brand?post=32310"},{"taxonomy":"product_cat","embeddable":true,"href":"https:\/\/airsystems.ge\/shop\/fr\/wp-json\/wp\/v2\/product_cat?post=32310"},{"taxonomy":"product_tag","embeddable":true,"href":"https:\/\/airsystems.ge\/shop\/fr\/wp-json\/wp\/v2\/product_tag?post=32310"}],"curies":[{"name":"wp","href":"https:\/\/api.w.org\/{rel}","templated":true}]}}