{"id":32193,"date":"2025-05-21T10:54:39","date_gmt":"2025-05-21T06:54:39","guid":{"rendered":"https:\/\/airsystems.ge\/shop\/product\/overvoltage-protection-citel-dla-24d2\/"},"modified":"2025-05-21T10:58:01","modified_gmt":"2025-05-21T06:58:01","slug":"overvoltage-protection-citel-dla-24d2","status":"publish","type":"product","link":"https:\/\/airsystems.ge\/shop\/fr\/produit\/overvoltage-protection-citel-dla-24d2\/","title":{"rendered":"Protection contre les surtensions Citel DLA-24D2"},"content":{"rendered":"<p>Parafoudre de donn\u00e9es enfichable sur rail DIN, 1 paire<br \/>\nConformit\u00e9 aux normes\u00a0: CEI 61643-21 \/ EN 61643-21<br \/>\nTechnologie\u00a0: GDT + diode de blocage<br \/>\nConfiguration du parafoudre\u00a0: 1 paire<br \/>\nR\u00e9seau\u00a0: 4 &#8230; 20 mA<br \/>\nTension de service CC max.: 32 V CC<br \/>\nCourant de d\u00e9charge max.: 20 kA<\/p>\n<p>Le DLA prot\u00e8ge les technologies de l&rsquo;information et de la communication, les \u00e9quipements de t\u00e9l\u00e9communication et les syst\u00e8mes informatiques contre les effets de la foudre et les surtensions.<\/p>\n<p>Le circuit \u00e9lectrique du DLA est compos\u00e9 d&rsquo;une combinaison de tubes \u00e0 d\u00e9charge \u00e0 gaz hautes performances et de diodes \u00e0 commutation rapide pour une capacit\u00e9 de d\u00e9charge \u00e9lev\u00e9e et un temps de r\u00e9ponse rapide.<\/p>\n<p>La connexion du blindage est \u00e9galement mise \u00e0 la terre par un tube \u00e0 d\u00e9charge \u00e0 gaz. La mise \u00e0 la terre s&rsquo;effectue facilement via le rail DIN. Lorsque le module enfichable est d\u00e9branch\u00e9, le signal de transmission n&rsquo;est pas interrompu.<\/p>\n<p>&nbsp;<\/p>\n<table border=\"1\" cellspacing=\"1\" cellpadding=\"1\">\n<thead>\n<tr>\n<th scope=\"col\"><span style=\"font-weight: 400;\">Characteristic<\/span><\/th>\n<th colspan=\"2\" rowspan=\"1\" scope=\"col\"><span style=\"font-weight: 400;\">Description \/ Value<\/span><\/th>\n<\/tr>\n<\/thead>\n<tbody>\n<tr>\n<td>Nominal line voltage<\/td>\n<td>Un<\/td>\n<td>24 V<\/td>\n<\/tr>\n<tr>\n<td>Max. DC operating voltage<\/td>\n<td>Uc<\/td>\n<td>32 V DC<\/td>\n<\/tr>\n<tr>\n<td>Max. discharge current<br \/>\nmax. withstand @ 8\/20 \u03bcs by pole<\/td>\n<td>Imax<\/td>\n<td>20 kA<\/td>\n<\/tr>\n<tr>\n<td>Protection level<br \/>\nFollowing the test category C3 (IEC61643-21) &#8211; Line\/Line<\/td>\n<td>Up<\/td>\n<td>60 V<\/td>\n<\/tr>\n<tr>\n<td>Protection level<br \/>\nFollowing the test category C3 (IEC61643-21) &#8211; Line\/PE<\/td>\n<td>Up<\/td>\n<td>650 V<\/td>\n<\/tr>\n<tr>\n<td>Nominal discharge current<br \/>\nC2 Category<\/td>\n<td>In<\/td>\n<td>10 kA<\/td>\n<\/tr>\n<tr>\n<td>Operating and storage temperature<\/td>\n<td colspan=\"2\" rowspan=\"1\">-40 &#8230; +85 \u00b0C<\/td>\n<\/tr>\n<tr>\n<td>Protection rating<\/td>\n<td colspan=\"2\" rowspan=\"1\">IP 20<\/td>\n<\/tr>\n<tr>\n<td>Manufacturer<\/td>\n<td colspan=\"2\" rowspan=\"1\">Citel<\/td>\n<\/tr>\n<\/tbody>\n<\/table>\n","protected":false},"excerpt":{"rendered":"<h3>R\u00e9f\u00e9rence<\/h3>\n<p>M81110.7 \/ M50005M<\/p>\n","protected":false},"featured_media":32170,"template":"","meta":[],"product_brand":[],"product_cat":[1542,1335,1594],"product_tag":[],"class_list":{"0":"post-32193","1":"product","2":"type-product","3":"status-publish","4":"has-post-thumbnail","6":"product_cat-accessoires-pour-enregistreurs-de-donnees","7":"product_cat-energies-renouvelables-mesure-de-lenergie-eolienne-et-solaire-fr","8":"product_cat-modules-de-protection-contre-les-surtensions","10":"first","11":"instock","12":"shipping-taxable","13":"product-type-simple"},"_links":{"self":[{"href":"https:\/\/airsystems.ge\/shop\/fr\/wp-json\/wp\/v2\/product\/32193","targetHints":{"allow":["GET"]}}],"collection":[{"href":"https:\/\/airsystems.ge\/shop\/fr\/wp-json\/wp\/v2\/product"}],"about":[{"href":"https:\/\/airsystems.ge\/shop\/fr\/wp-json\/wp\/v2\/types\/product"}],"wp:featuredmedia":[{"embeddable":true,"href":"https:\/\/airsystems.ge\/shop\/fr\/wp-json\/wp\/v2\/media\/32170"}],"wp:attachment":[{"href":"https:\/\/airsystems.ge\/shop\/fr\/wp-json\/wp\/v2\/media?parent=32193"}],"wp:term":[{"taxonomy":"product_brand","embeddable":true,"href":"https:\/\/airsystems.ge\/shop\/fr\/wp-json\/wp\/v2\/product_brand?post=32193"},{"taxonomy":"product_cat","embeddable":true,"href":"https:\/\/airsystems.ge\/shop\/fr\/wp-json\/wp\/v2\/product_cat?post=32193"},{"taxonomy":"product_tag","embeddable":true,"href":"https:\/\/airsystems.ge\/shop\/fr\/wp-json\/wp\/v2\/product_tag?post=32193"}],"curies":[{"name":"wp","href":"https:\/\/api.w.org\/{rel}","templated":true}]}}