{"id":32099,"date":"2025-05-20T19:45:21","date_gmt":"2025-05-20T15:45:21","guid":{"rendered":"https:\/\/airsystems.ge\/shop\/product\/outdoor-network-camera-set-mobotix-m25\/"},"modified":"2025-05-20T19:48:47","modified_gmt":"2025-05-20T15:48:47","slug":"outdoor-network-camera-set-mobotix-m25","status":"publish","type":"product","link":"https:\/\/airsystems.ge\/shop\/fr\/produit\/outdoor-network-camera-set-mobotix-m25\/","title":{"rendered":"Kit de cam\u00e9ra r\u00e9seau ext\u00e9rieure Mobotix M25"},"content":{"rendered":"<p>La MX-M25-D036 est une cam\u00e9ra polyvalente, compacte, \u00e9conomique et extr\u00eamement puissante, dot\u00e9e d&rsquo;un capteur 6\u00a0m\u00e9gapixels pour une excellente qualit\u00e9 d&rsquo;image. Elle est \u00e9quip\u00e9e d&rsquo;un bo\u00eetier certifi\u00e9 IP66 et d&rsquo;une m\u00e9moire interne longue dur\u00e9e sur carte MicroSD.<\/p>\n<p>La cam\u00e9ra ext\u00e9rieure s&rsquo;installe rapidement et facilement sur un poteau gr\u00e2ce au kit de montage fourni. Sa conception robuste, facile d&rsquo;entretien et r\u00e9sistante aux intemp\u00e9ries permet une utilisation dans des climats de -30 \u00e0 +50\u00a0\u00b0C (IP66).<\/p>\n<table border=\"1\" width=\"594\" cellspacing=\"1\" cellpadding=\"1\">\n<thead>\n<tr>\n<th colspan=\"2\" scope=\"col\">\n<h3><span style=\"color: #333333;\"><span style=\"font-size: 16px; font-weight: 400;\">Visual performance<\/span><\/span><\/h3>\n<\/th>\n<\/tr>\n<\/thead>\n<tbody>\n<tr>\n<td>Lenses<\/td>\n<td>B036 super wide-angle with 103\u00b0 angle of view (horizontally)<\/td>\n<\/tr>\n<tr>\n<td>Max. image resolution<\/td>\n<td>Color and B\/W: 6-megapixel (3072 x 2048)<\/td>\n<\/tr>\n<tr>\n<td>Sensitivity<\/td>\n<td>Color: 0.1 lux @ 1\/60 s, 0.005 lux @ 1 s<br \/>\nB\/W: 0.02 lux @ 1\/60 s, 0.001 lux @ 1\/1 s<\/td>\n<\/tr>\n<tr>\n<td>Max. frame rate M-JPEG<br \/>\n(live\/recording)<\/td>\n<td>HD: 15 fps, MEGA: 12 fps, QXGA: 6 B\/s, 5MP: 4 B\/s, 6MP: 4 B\/s<\/td>\n<\/tr>\n<tr>\n<td colspan=\"2\">\n<h3><span style=\"color: #333333;\"><span style=\"font-size: 16px; font-weight: 400;\">Power<\/span><\/span><\/h3>\n<\/td>\n<\/tr>\n<tr>\n<td>Power supply<\/td>\n<td>Power over Ethernet (PoE) in accordance with IEEE 802.3af:<br \/>\nPoE class variable (2\/3) depending on operating mode<\/td>\n<\/tr>\n<tr>\n<td>Power consumption (typ.)<\/td>\n<td>&lt; 4.5 W<\/td>\n<\/tr>\n<tr>\n<td colspan=\"2\">\n<h3><span style=\"color: #333333;\"><span style=\"font-size: 16px; font-weight: 400;\">Camera operated with Meteo-40<\/span><\/span><\/h3>\n<\/td>\n<\/tr>\n<tr>\n<td>Accessories<\/td>\n<td>Power-over-Ethernet-Injector (IN: 9&#8230;36 VDC, OUT: 48V), overvoltage protection<\/td>\n<\/tr>\n<tr>\n<td colspan=\"2\">Stand-alone operation with battery<\/td>\n<\/tr>\n<tr>\n<td>Accessories<\/td>\n<td>Power-over-Ethernet-Injector (IN: 9&#8230;36 VDC, OUT: 48V), overvoltage protection, battery 12V\/24V, fuse<\/td>\n<\/tr>\n<tr>\n<td colspan=\"2\">\n<h3><span style=\"color: #333333;\"><span style=\"font-size: 16px; font-weight: 400;\">General<\/span><\/span><\/h3>\n<\/td>\n<\/tr>\n<tr>\n<td>Internal DVR<\/td>\n<td>MicroSD (4 GB card pre-installed)<\/td>\n<\/tr>\n<tr>\n<td>Interfaces<\/td>\n<td>10\/100 Ethernet, IPv4\/IPv6, MiniUSB, MxBus<\/td>\n<\/tr>\n<tr>\n<td>Security features<\/td>\n<td>User\/group management, HTTPS\/SSL, IP address filter, IEEE 802.1x, intrusion detection, digital image signature<\/td>\n<\/tr>\n<tr>\n<td>Operating temperature<\/td>\n<td>-30 &#8230; +50\u00b0C (integrated temperature sensor)<\/td>\n<\/tr>\n<tr>\n<td>Protection<\/td>\n<td>IP66 (DIN EN 60529)<\/td>\n<\/tr>\n<tr>\n<td>Certification<\/td>\n<td>EMC (EN 55022, CISPR 22, EN 55024, EN 61000-6-1\/2, FCC part15B, CFR 47, AS\/NZS 3548)<\/td>\n<\/tr>\n<tr>\n<td>Dimensions \/ Weight<\/td>\n<td>140 x 230 x 190 mm (width x depth x height) \/ approx. 750 g<\/td>\n<\/tr>\n<tr>\n<td>Manufacturer<\/td>\n<td>Mobotix<\/td>\n<\/tr>\n<\/tbody>\n<\/table>\n","protected":false},"excerpt":{"rendered":"<h3>R\u00e9f\u00e9rence\u00a0:<\/h3>\n<p>MC1601<\/p>\n","protected":false},"featured_media":32093,"template":"","meta":[],"product_brand":[],"product_cat":[1542,1589,1335],"product_tag":[],"class_list":{"0":"post-32099","1":"product","2":"type-product","3":"status-publish","4":"has-post-thumbnail","6":"product_cat-accessoires-pour-enregistreurs-de-donnees","7":"product_cat-camera-fr","8":"product_cat-energies-renouvelables-mesure-de-lenergie-eolienne-et-solaire-fr","10":"first","11":"instock","12":"shipping-taxable","13":"product-type-simple"},"_links":{"self":[{"href":"https:\/\/airsystems.ge\/shop\/fr\/wp-json\/wp\/v2\/product\/32099","targetHints":{"allow":["GET"]}}],"collection":[{"href":"https:\/\/airsystems.ge\/shop\/fr\/wp-json\/wp\/v2\/product"}],"about":[{"href":"https:\/\/airsystems.ge\/shop\/fr\/wp-json\/wp\/v2\/types\/product"}],"wp:featuredmedia":[{"embeddable":true,"href":"https:\/\/airsystems.ge\/shop\/fr\/wp-json\/wp\/v2\/media\/32093"}],"wp:attachment":[{"href":"https:\/\/airsystems.ge\/shop\/fr\/wp-json\/wp\/v2\/media?parent=32099"}],"wp:term":[{"taxonomy":"product_brand","embeddable":true,"href":"https:\/\/airsystems.ge\/shop\/fr\/wp-json\/wp\/v2\/product_brand?post=32099"},{"taxonomy":"product_cat","embeddable":true,"href":"https:\/\/airsystems.ge\/shop\/fr\/wp-json\/wp\/v2\/product_cat?post=32099"},{"taxonomy":"product_tag","embeddable":true,"href":"https:\/\/airsystems.ge\/shop\/fr\/wp-json\/wp\/v2\/product_tag?post=32099"}],"curies":[{"name":"wp","href":"https:\/\/api.w.org\/{rel}","templated":true}]}}