{"id":31995,"date":"2025-05-20T18:50:47","date_gmt":"2025-05-20T14:50:47","guid":{"rendered":"https:\/\/airsystems.ge\/shop\/product\/solar-module-12-v-100-w\/"},"modified":"2025-05-20T18:52:48","modified_gmt":"2025-05-20T14:52:48","slug":"solar-module-12-v-100-w","status":"publish","type":"product","link":"https:\/\/airsystems.ge\/shop\/fr\/produit\/solar-module-12-v-100-w\/","title":{"rendered":"Module solaire 12 V \/ 100 W"},"content":{"rendered":"<ul>\n<li>Module solaire monocristallin pour syst\u00e8mes d&rsquo;alimentation autonomes Ammonit<br \/>\nAluminium anodis\u00e9 r\u00e9sistant aux rayures avec cadre \u00e0 double paroi<br \/>\nCellules cristallines intercal\u00e9es entre des feuilles de verre solaire tremp\u00e9 \u00e0 faible teneur en fer et une double couche de film haute r\u00e9sistance<\/li>\n<\/ul>\n","protected":false},"excerpt":{"rendered":"<h3>R\u00e9f\u00e9rence<\/h3>\n<p>M51101<\/p>\n","protected":false},"featured_media":31989,"template":"","meta":[],"product_brand":[],"product_cat":[1542,1576,1335],"product_tag":[],"class_list":{"0":"post-31995","1":"product","2":"type-product","3":"status-publish","4":"has-post-thumbnail","6":"product_cat-accessoires-pour-enregistreurs-de-donnees","7":"product_cat-alimentation-solaire","8":"product_cat-energies-renouvelables-mesure-de-lenergie-eolienne-et-solaire-fr","10":"first","11":"instock","12":"shipping-taxable","13":"product-type-simple"},"_links":{"self":[{"href":"https:\/\/airsystems.ge\/shop\/fr\/wp-json\/wp\/v2\/product\/31995","targetHints":{"allow":["GET"]}}],"collection":[{"href":"https:\/\/airsystems.ge\/shop\/fr\/wp-json\/wp\/v2\/product"}],"about":[{"href":"https:\/\/airsystems.ge\/shop\/fr\/wp-json\/wp\/v2\/types\/product"}],"wp:featuredmedia":[{"embeddable":true,"href":"https:\/\/airsystems.ge\/shop\/fr\/wp-json\/wp\/v2\/media\/31989"}],"wp:attachment":[{"href":"https:\/\/airsystems.ge\/shop\/fr\/wp-json\/wp\/v2\/media?parent=31995"}],"wp:term":[{"taxonomy":"product_brand","embeddable":true,"href":"https:\/\/airsystems.ge\/shop\/fr\/wp-json\/wp\/v2\/product_brand?post=31995"},{"taxonomy":"product_cat","embeddable":true,"href":"https:\/\/airsystems.ge\/shop\/fr\/wp-json\/wp\/v2\/product_cat?post=31995"},{"taxonomy":"product_tag","embeddable":true,"href":"https:\/\/airsystems.ge\/shop\/fr\/wp-json\/wp\/v2\/product_tag?post=31995"}],"curies":[{"name":"wp","href":"https:\/\/api.w.org\/{rel}","templated":true}]}}