{"id":31979,"date":"2025-05-20T18:36:07","date_gmt":"2025-05-20T14:36:07","guid":{"rendered":"https:\/\/airsystems.ge\/shop\/product\/steel-cabinet-c5-for-meteo-40-plus\/"},"modified":"2025-05-20T18:38:20","modified_gmt":"2025-05-20T14:38:20","slug":"steel-cabinet-c5-for-meteo-40-plus","status":"publish","type":"product","link":"https:\/\/airsystems.ge\/shop\/fr\/produit\/steel-cabinet-c5-for-meteo-40-plus\/","title":{"rendered":"Coffret en acier C5 pour Meteo-40 plus"},"content":{"rendered":"<ul>\n<li>Coffrets robustes en acier pour enregistreurs de donn\u00e9es Meteo-40 plus<br \/>\nBo\u00eetier en acier robuste et r\u00e9sistant aux intemp\u00e9ries, certifi\u00e9 CE<br \/>\nInstallation et entretien faciles<br \/>\nProtection contre les intemp\u00e9ries et la condensation, le vandalisme et le vol<br \/>\nPrise en charge de composants optionnels<\/li>\n<\/ul>\n<table border=\"1\" width=\"594\" cellspacing=\"1\" cellpadding=\"1\">\n<thead>\n<tr>\n<th scope=\"col\"><span style=\"font-weight: 400;\">Characteristic<\/span><\/th>\n<th scope=\"col\"><span style=\"font-weight: 400;\">\u00a0<\/span><\/th>\n<\/tr>\n<\/thead>\n<tbody>\n<tr>\n<td>Application<\/td>\n<td>Obstacle lights, power supply solutions<\/td>\n<\/tr>\n<tr>\n<td>Dimensions [mm]<\/td>\n<td>550 x 500 x 250<\/td>\n<\/tr>\n<tr>\n<td>Weight [kg]<\/td>\n<td>approx. 17<\/td>\n<\/tr>\n<tr>\n<td>Number of drillings for cable glands<\/td>\n<td>13 x M16<br \/>\n4 x M20<br \/>\n1 x M25<\/td>\n<\/tr>\n<tr>\n<td>Attachment points<\/td>\n<td>4 x \u00d8 10.3 mm<\/td>\n<\/tr>\n<tr>\n<td>Standard equipment<\/td>\n<td>Mounting plate<br \/>\n2x pressure compensation (M40)<br \/>\nDrainage device (M50)<br \/>\nPadlock<\/td>\n<\/tr>\n<tr>\n<td>Material<\/td>\n<td>Powder coated steel sheet<\/td>\n<\/tr>\n<tr>\n<td>Protection class<\/td>\n<td>IP 65<\/td>\n<\/tr>\n<tr>\n<td>Door hinges<\/td>\n<td>Right, polyurethan-sealant<\/td>\n<\/tr>\n<\/tbody>\n<\/table>\n","protected":false},"excerpt":{"rendered":"<h3>R\u00e9f\u00e9rence<\/h3>\n<p>M41200<\/p>\n","protected":false},"featured_media":31974,"template":"","meta":[],"product_brand":[],"product_cat":[1542,1554,1335],"product_tag":[],"class_list":{"0":"post-31979","1":"product","2":"type-product","3":"status-publish","4":"has-post-thumbnail","6":"product_cat-accessoires-pour-enregistreurs-de-donnees","7":"product_cat-coffret-en-acier","8":"product_cat-energies-renouvelables-mesure-de-lenergie-eolienne-et-solaire-fr","10":"first","11":"instock","12":"shipping-taxable","13":"product-type-simple"},"_links":{"self":[{"href":"https:\/\/airsystems.ge\/shop\/fr\/wp-json\/wp\/v2\/product\/31979","targetHints":{"allow":["GET"]}}],"collection":[{"href":"https:\/\/airsystems.ge\/shop\/fr\/wp-json\/wp\/v2\/product"}],"about":[{"href":"https:\/\/airsystems.ge\/shop\/fr\/wp-json\/wp\/v2\/types\/product"}],"wp:featuredmedia":[{"embeddable":true,"href":"https:\/\/airsystems.ge\/shop\/fr\/wp-json\/wp\/v2\/media\/31974"}],"wp:attachment":[{"href":"https:\/\/airsystems.ge\/shop\/fr\/wp-json\/wp\/v2\/media?parent=31979"}],"wp:term":[{"taxonomy":"product_brand","embeddable":true,"href":"https:\/\/airsystems.ge\/shop\/fr\/wp-json\/wp\/v2\/product_brand?post=31979"},{"taxonomy":"product_cat","embeddable":true,"href":"https:\/\/airsystems.ge\/shop\/fr\/wp-json\/wp\/v2\/product_cat?post=31979"},{"taxonomy":"product_tag","embeddable":true,"href":"https:\/\/airsystems.ge\/shop\/fr\/wp-json\/wp\/v2\/product_tag?post=31979"}],"curies":[{"name":"wp","href":"https:\/\/api.w.org\/{rel}","templated":true}]}}