{"id":31932,"date":"2025-05-20T17:27:38","date_gmt":"2025-05-20T13:27:38","guid":{"rendered":"https:\/\/airsystems.ge\/shop\/product\/plumbing-design\/"},"modified":"2025-05-20T17:37:40","modified_gmt":"2025-05-20T13:37:40","slug":"plumbing-design","status":"publish","type":"product","link":"https:\/\/airsystems.ge\/shop\/fr\/produit\/plumbing-design\/","title":{"rendered":"Conception de la plomberie"},"content":{"rendered":"","protected":false},"excerpt":{"rendered":"<p>La conception d&rsquo;un syst\u00e8me de distribution d&rsquo;eau est un plan directeur pour la construction et l&rsquo;exploitation d&rsquo;un r\u00e9seau de distribution d&rsquo;eau fournissant de l&rsquo;eau potable \u00e0 une communaut\u00e9. La disposition des canalisations, des pompes et des autres infrastructures n\u00e9cessaires pour acheminer l&rsquo;eau d&rsquo;une source, comme une station d&rsquo;\u00e9puration, jusqu&rsquo;aux consommateurs finaux est incluse dans la conception.<\/p>\n","protected":false},"featured_media":31927,"template":"","meta":[],"product_brand":[],"product_cat":[1319,1572],"product_tag":[],"class_list":{"0":"post-31932","1":"product","2":"type-product","3":"status-publish","4":"has-post-thumbnail","6":"product_cat-planification-de-la-conception-mep","7":"product_cat-plumbing-design-fr","9":"first","10":"instock","11":"shipping-taxable","12":"product-type-simple"},"_links":{"self":[{"href":"https:\/\/airsystems.ge\/shop\/fr\/wp-json\/wp\/v2\/product\/31932","targetHints":{"allow":["GET"]}}],"collection":[{"href":"https:\/\/airsystems.ge\/shop\/fr\/wp-json\/wp\/v2\/product"}],"about":[{"href":"https:\/\/airsystems.ge\/shop\/fr\/wp-json\/wp\/v2\/types\/product"}],"wp:featuredmedia":[{"embeddable":true,"href":"https:\/\/airsystems.ge\/shop\/fr\/wp-json\/wp\/v2\/media\/31927"}],"wp:attachment":[{"href":"https:\/\/airsystems.ge\/shop\/fr\/wp-json\/wp\/v2\/media?parent=31932"}],"wp:term":[{"taxonomy":"product_brand","embeddable":true,"href":"https:\/\/airsystems.ge\/shop\/fr\/wp-json\/wp\/v2\/product_brand?post=31932"},{"taxonomy":"product_cat","embeddable":true,"href":"https:\/\/airsystems.ge\/shop\/fr\/wp-json\/wp\/v2\/product_cat?post=31932"},{"taxonomy":"product_tag","embeddable":true,"href":"https:\/\/airsystems.ge\/shop\/fr\/wp-json\/wp\/v2\/product_tag?post=31932"}],"curies":[{"name":"wp","href":"https:\/\/api.w.org\/{rel}","templated":true}]}}