{"id":31905,"date":"2025-04-23T22:30:56","date_gmt":"2025-04-23T18:30:56","guid":{"rendered":"https:\/\/airsystems.ge\/shop\/product\/electrical-design\/"},"modified":"2025-05-20T12:44:03","modified_gmt":"2025-05-20T08:44:03","slug":"electrical-design","status":"publish","type":"product","link":"https:\/\/airsystems.ge\/shop\/fr\/produit\/electrical-design\/","title":{"rendered":"Conception \u00e9lectrique"},"content":{"rendered":"","protected":false},"excerpt":{"rendered":"<p>La conception \u00e9lectrique implique la planification, la cr\u00e9ation, les tests ou la supervision du d\u00e9veloppement et de l&rsquo;installation d&rsquo;\u00e9quipements \u00e9lectriques, notamment les \u00e9quipements d&rsquo;\u00e9clairage, les syst\u00e8mes d&rsquo;alimentation, la distribution d&rsquo;\u00e9nergie, les syst\u00e8mes de s\u00e9curit\u00e9 incendie et de s\u00e9curit\u00e9 des personnes, les composants \u00e9lectroniques et les infrastructures de communication voix et donn\u00e9es.<\/p>\n","protected":false},"featured_media":31913,"template":"","meta":[],"product_brand":[],"product_cat":[1559,1319],"product_tag":[],"class_list":{"0":"post-31905","1":"product","2":"type-product","3":"status-publish","4":"has-post-thumbnail","6":"product_cat-conception-electrique","7":"product_cat-planification-de-la-conception-mep","9":"first","10":"instock","11":"shipping-taxable","12":"product-type-simple"},"_links":{"self":[{"href":"https:\/\/airsystems.ge\/shop\/fr\/wp-json\/wp\/v2\/product\/31905","targetHints":{"allow":["GET"]}}],"collection":[{"href":"https:\/\/airsystems.ge\/shop\/fr\/wp-json\/wp\/v2\/product"}],"about":[{"href":"https:\/\/airsystems.ge\/shop\/fr\/wp-json\/wp\/v2\/types\/product"}],"wp:featuredmedia":[{"embeddable":true,"href":"https:\/\/airsystems.ge\/shop\/fr\/wp-json\/wp\/v2\/media\/31913"}],"wp:attachment":[{"href":"https:\/\/airsystems.ge\/shop\/fr\/wp-json\/wp\/v2\/media?parent=31905"}],"wp:term":[{"taxonomy":"product_brand","embeddable":true,"href":"https:\/\/airsystems.ge\/shop\/fr\/wp-json\/wp\/v2\/product_brand?post=31905"},{"taxonomy":"product_cat","embeddable":true,"href":"https:\/\/airsystems.ge\/shop\/fr\/wp-json\/wp\/v2\/product_cat?post=31905"},{"taxonomy":"product_tag","embeddable":true,"href":"https:\/\/airsystems.ge\/shop\/fr\/wp-json\/wp\/v2\/product_tag?post=31905"}],"curies":[{"name":"wp","href":"https:\/\/api.w.org\/{rel}","templated":true}]}}