{"id":31897,"date":"2025-04-22T21:21:10","date_gmt":"2025-04-22T17:21:10","guid":{"rendered":"https:\/\/airsystems.ge\/shop\/product\/mep-design\/"},"modified":"2025-05-20T12:12:08","modified_gmt":"2025-05-20T08:12:08","slug":"mep-design","status":"publish","type":"product","link":"https:\/\/airsystems.ge\/shop\/fr\/produit\/mep-design\/","title":{"rendered":"Conception m\u00e9canique &#8211; Chauffage, ventilation et climatisation (CVC)"},"content":{"rendered":"","protected":false},"excerpt":{"rendered":"<p><strong>Le chauffage, la ventilation et la climatisation (CVC)<\/strong> utilisent diverses technologies pour contr\u00f4ler la <a href=\"https:\/\/airsystems.ge\/shop\/product-category\/air-conditioner-dehumidifier-heater-ventilat\/measurement-measuring-device-ru\/\">temp\u00e9rature<\/a>, <a href=\"https:\/\/airsystems.ge\/shop\/product-category\/air-conditioner-dehumidifier-heater-ventilat\/to-dry-dehumidifier-condensation-drying-adsorption-desiccant\/\">l&rsquo;humidit\u00e9<\/a> et la puret\u00e9 de l&rsquo;air dans un espace clos. Son objectif est d&rsquo;assurer un <a href=\"https:\/\/airsystems.ge\/shop\/product\/thermal-imaging-camera-ic200\/\">confort thermique<\/a> et une <a href=\"https:\/\/airsystems.ge\/shop\/product\/trotec-pc-220-particle-counter\/\">qualit\u00e9<\/a> d&rsquo;air int\u00e9rieur acceptable. La conception de syst\u00e8mes CVC est une sous-discipline du g\u00e9nie m\u00e9canique, bas\u00e9e sur les principes de la thermodynamique, de la m\u00e9canique des fluides et du transfert thermique.<\/p>\n","protected":false},"featured_media":30430,"template":"","meta":[],"product_brand":[],"product_cat":[1564,1319],"product_tag":[],"class_list":{"0":"post-31897","1":"product","2":"type-product","3":"status-publish","4":"has-post-thumbnail","6":"product_cat-conception-mecanique-chauffage-ventilation-et-climatisation-cvc","7":"product_cat-planification-de-la-conception-mep","9":"first","10":"instock","11":"shipping-taxable","12":"product-type-simple"},"_links":{"self":[{"href":"https:\/\/airsystems.ge\/shop\/fr\/wp-json\/wp\/v2\/product\/31897","targetHints":{"allow":["GET"]}}],"collection":[{"href":"https:\/\/airsystems.ge\/shop\/fr\/wp-json\/wp\/v2\/product"}],"about":[{"href":"https:\/\/airsystems.ge\/shop\/fr\/wp-json\/wp\/v2\/types\/product"}],"wp:featuredmedia":[{"embeddable":true,"href":"https:\/\/airsystems.ge\/shop\/fr\/wp-json\/wp\/v2\/media\/30430"}],"wp:attachment":[{"href":"https:\/\/airsystems.ge\/shop\/fr\/wp-json\/wp\/v2\/media?parent=31897"}],"wp:term":[{"taxonomy":"product_brand","embeddable":true,"href":"https:\/\/airsystems.ge\/shop\/fr\/wp-json\/wp\/v2\/product_brand?post=31897"},{"taxonomy":"product_cat","embeddable":true,"href":"https:\/\/airsystems.ge\/shop\/fr\/wp-json\/wp\/v2\/product_cat?post=31897"},{"taxonomy":"product_tag","embeddable":true,"href":"https:\/\/airsystems.ge\/shop\/fr\/wp-json\/wp\/v2\/product_tag?post=31897"}],"curies":[{"name":"wp","href":"https:\/\/api.w.org\/{rel}","templated":true}]}}