{"id":31831,"date":"2025-05-17T23:16:42","date_gmt":"2025-05-17T19:16:42","guid":{"rendered":"https:\/\/airsystems.ge\/shop\/product\/module-for-ac-converter\/"},"modified":"2025-05-17T23:20:04","modified_gmt":"2025-05-17T19:20:04","slug":"module-for-ac-converter","status":"publish","type":"product","link":"https:\/\/airsystems.ge\/shop\/fr\/produit\/module-for-ac-converter\/","title":{"rendered":"Module pour convertisseur CA"},"content":{"rendered":"<p>Le module M83200 convertit les signaux CA en sorties impulsionnelles et fournit des sorties 5 V configurables.<\/p>\n<p>Le module M83200 comprend\u00a0:<\/p>\n<p>4 convertisseurs de signaux CA ind\u00e9pendants<br \/>\nPour adapter les signaux CA de faible amplitude (par exemple sinuso\u00efdaux) de divers capteurs aux entr\u00e9es de compteur des enregistreurs de donn\u00e9es Meteo-40 plus. Le signal sinuso\u00efdal est converti en un signal d&rsquo;impulsion rectangulaire de m\u00eame fr\u00e9quence.<\/p>\n<p>2 ports configurables individuellement avec les options de configuration suivantes\u00a0:<br \/>\nLimitation de courant \u00e0 10\u00a0mA (470\u00a0\u03a9)<br \/>\nR\u00e9sistance de rappel de 5,1\u00a0k\u03a9 avec limitation de courant \u00e0 1\u00a0mA<br \/>\nSortie 5\u00a0V stabilis\u00e9e et sans ondulation avec limitation de courant active \u00e0 110\u00a0mA<\/p>\n<table border=\"1\" width=\"562\" cellspacing=\"1\" cellpadding=\"1\">\n<thead>\n<tr>\n<th colspan=\"5\" scope=\"col\">Electrical characteristics (Default settings)<\/th>\n<\/tr>\n<\/thead>\n<tbody>\n<tr>\n<td>Parameter<\/td>\n<td>Pin \/ Ports<\/td>\n<td>Min<\/td>\n<td>Typical<\/td>\n<td>Max<\/td>\n<\/tr>\n<tr>\n<td>Supply voltage (DC)<br \/>\nQuiescent current<\/td>\n<td>13<\/td>\n<td>9 V<br \/>\n11 mA<\/td>\n<td><\/td>\n<td>32 V<br \/>\n16 mA<\/td>\n<\/tr>\n<tr>\n<td>Ground GND<\/td>\n<td>15<\/td>\n<td><\/td>\n<td><\/td>\n<td><\/td>\n<\/tr>\n<tr>\n<td colspan=\"5\">Configurable Outputs<\/td>\n<\/tr>\n<tr>\n<td>Output (5 V DC) (\u03d1 = 25\u00b0C)<\/td>\n<td>14, 16<\/td>\n<td>5.2 V<br \/>\n110 mA<\/td>\n<td><\/td>\n<td>5.8 V<br \/>\n130 mA<\/td>\n<\/tr>\n<tr>\n<td>Pull-up current limit 1 mA<br \/>\n(Low current configuration 5.1 k\u03a9)<\/td>\n<td>14, 16<\/td>\n<td>0.97 mA<\/td>\n<td><\/td>\n<td>1.05 mA<\/td>\n<\/tr>\n<tr>\n<td>Pull-up current limit 10 mA<br \/>\n(High current configuration)<\/td>\n<td>14, 16<\/td>\n<td>10.5 mA<\/td>\n<td><\/td>\n<td>11.4 mA<\/td>\n<\/tr>\n<tr>\n<td colspan=\"5\">AC Voltage Converters<\/td>\n<\/tr>\n<tr>\n<td>Input sensitivity of converter<\/td>\n<td>2, 3, 6, 7<\/td>\n<td>115 mV<\/td>\n<td><\/td>\n<td>120 mV<\/td>\n<\/tr>\n<tr>\n<td>Ground GND<\/td>\n<td>4, 8<\/td>\n<td><\/td>\n<td><\/td>\n<td><\/td>\n<\/tr>\n<tr>\n<td>Output level low<\/td>\n<td>9, 10, 11, 12<\/td>\n<td>0 V<\/td>\n<td><\/td>\n<td>0.01 V<\/td>\n<\/tr>\n<tr>\n<td>Output level high<\/td>\n<td>9, 10, 11, 12<\/td>\n<td>5 V<\/td>\n<td><\/td>\n<td>5.8 V<\/td>\n<\/tr>\n<tr>\n<td>Operating temperature<\/td>\n<td><\/td>\n<td>-40\u00b0C<\/td>\n<td><\/td>\n<td>+75\u00b0C<\/td>\n<\/tr>\n<tr>\n<td colspan=\"5\">Fuse T0.8A (time lag, slow-blow): 5 x 20 mm<\/td>\n<\/tr>\n<\/tbody>\n<\/table>\n<p>Housing dimension (width x height x depth): 22.5 x 110 x 115 mm<br \/>\nMounting on DIN-rail (35 x 7.5 mm)<br \/>\nTerminal: wire cross section from 0.25 to 1.5 mm\u00b2<br \/>\nTerminal Earth: recommended wire cross section 1.5 mm\u00b2<br \/>\n(Keep wire length as short as possible)<\/p>\n","protected":false},"excerpt":{"rendered":"<h3>R\u00e9f\u00e9rence<\/h3>\n<p>M83200<\/p>\n","protected":false},"featured_media":31826,"template":"","meta":[],"product_brand":[],"product_cat":[1542,1335,1548],"product_tag":[],"class_list":{"0":"post-31831","1":"product","2":"type-product","3":"status-publish","4":"has-post-thumbnail","6":"product_cat-accessoires-pour-enregistreurs-de-donnees","7":"product_cat-energies-renouvelables-mesure-de-lenergie-eolienne-et-solaire-fr","8":"product_cat-modules-fr-accessoires-pour-enregistreurs-de-donnees","10":"first","11":"instock","12":"shipping-taxable","13":"product-type-simple"},"_links":{"self":[{"href":"https:\/\/airsystems.ge\/shop\/fr\/wp-json\/wp\/v2\/product\/31831","targetHints":{"allow":["GET"]}}],"collection":[{"href":"https:\/\/airsystems.ge\/shop\/fr\/wp-json\/wp\/v2\/product"}],"about":[{"href":"https:\/\/airsystems.ge\/shop\/fr\/wp-json\/wp\/v2\/types\/product"}],"wp:featuredmedia":[{"embeddable":true,"href":"https:\/\/airsystems.ge\/shop\/fr\/wp-json\/wp\/v2\/media\/31826"}],"wp:attachment":[{"href":"https:\/\/airsystems.ge\/shop\/fr\/wp-json\/wp\/v2\/media?parent=31831"}],"wp:term":[{"taxonomy":"product_brand","embeddable":true,"href":"https:\/\/airsystems.ge\/shop\/fr\/wp-json\/wp\/v2\/product_brand?post=31831"},{"taxonomy":"product_cat","embeddable":true,"href":"https:\/\/airsystems.ge\/shop\/fr\/wp-json\/wp\/v2\/product_cat?post=31831"},{"taxonomy":"product_tag","embeddable":true,"href":"https:\/\/airsystems.ge\/shop\/fr\/wp-json\/wp\/v2\/product_tag?post=31831"}],"curies":[{"name":"wp","href":"https:\/\/api.w.org\/{rel}","templated":true}]}}