{"id":31763,"date":"2025-05-17T18:12:13","date_gmt":"2025-05-17T14:12:13","guid":{"rendered":"https:\/\/airsystems.ge\/shop\/product\/meteo-40m-plus\/"},"modified":"2025-05-17T18:14:34","modified_gmt":"2025-05-17T14:14:34","slug":"meteo-40m-plus","status":"publish","type":"product","link":"https:\/\/airsystems.ge\/shop\/fr\/produit\/meteo-40m-plus\/","title":{"rendered":"Enregistreur de donn\u00e9es Meteo-40M plus"},"content":{"rendered":"<p>Applications\u00a0:<br \/>\n\u00c9valuation des ressources \u00e9oliennes<\/p>\n<p>Mesures de performance \u00e9nerg\u00e9tique<\/p>\n<p>Surveillance de parcs \u00e9oliens \/ SCADA<\/p>\n<p>Mesure du vent en climat froid<\/p>\n<p>\u00c9valuation des ressources solaires<\/p>\n<p>Mesure de l&rsquo;encrassement<\/p>\n<p>Surveillance de parcs solaires \/ SCADA<\/p>\n<p>Capacit\u00e9 de ligne dynamique<\/p>\n<p>Conforme \u00e0 la norme CEI 61400-12-1:2017<br \/>\nConfiguration conviviale via une interface web s\u00e9curis\u00e9e<br \/>\nDiff\u00e9rentes entr\u00e9es et sorties pour diff\u00e9rents objectifs de mesure<br \/>\nNouveaut\u00e9s\u00a0:<\/p>\n<p>Modems LTE et 4G, par exemple PLS8-E et bien d&rsquo;autres.<br \/>\nInterface web et messagerie\u00a0: TLS 1.1, 1.2 et 1.3 pris en charge.<br \/>\nL&rsquo;administrateur peut cr\u00e9er ou supprimer de nouveaux utilisateurs.<br \/>\nLes utilisateurs pr\u00e9d\u00e9finis peuvent \u00eatre supprim\u00e9s.<br \/>\nLatence r\u00e9duite dans les syst\u00e8mes SCADA gr\u00e2ce \u00e0 des protocoles Modbus RTU et TCP plus rapides.<br \/>\nDerni\u00e8re version de Linux et derni\u00e8res versions de biblioth\u00e8ques de s\u00e9curit\u00e9 telles que SSL, SSH, SFTP, SCP, https, etc.<br \/>\nLes donn\u00e9es peuvent \u00eatre envoy\u00e9es via FTPS, ce qui facilite l&rsquo;acc\u00e8s au chiffrement standard.<\/p>\n<table border=\"1\" width=\"594\" cellspacing=\"1\" cellpadding=\"1\">\n<thead>\n<tr>\n<th colspan=\"3\" rowspan=\"1\" scope=\"col\"><span style=\"font-weight: 400;\">Meteo-40M plus<\/span><\/th>\n<th scope=\"col\"><span style=\"font-weight: 400;\">\u00a0Description\u00a0 \/ Device<\/span><\/th>\n<\/tr>\n<\/thead>\n<tbody>\n<tr>\n<td><\/td>\n<td>Order Number<\/td>\n<td>M21020<\/td>\n<td><\/td>\n<\/tr>\n<tr>\n<td colspan=\"1\" rowspan=\"5\">Input Channels<\/td>\n<td>Pulse Counters<\/td>\n<td>8<\/td>\n<td>Anemometers, precipitation sensors<\/td>\n<\/tr>\n<tr>\n<td>Digital Serial\u00a0 (Status)<\/td>\n<td>\u00a04<\/td>\n<td>Wind vanes serial, precipitation monitors, ext. activation<\/td>\n<\/tr>\n<tr>\n<td>Analog Voltage<\/td>\n<td>\u00a08<\/p>\n<p>\u00b1 0.1 V, \u00b1 1 V, \u00b1 10 V<br \/>\n16 bit<\/td>\n<td>Air pressure, temperature, humidity sensors, pot. wind vanes, pyranometers, pyrheliometers<\/td>\n<\/tr>\n<tr>\n<td>Analog Current<\/td>\n<td>\u00a01<\/p>\n<p>\u00b1 1 mA, \u00b1 10 mA,<br \/>\n\u00b1 100 mA<br \/>\n16 bit<\/td>\n<td>Sensors with DC output, e.g., temperature humidity sensor (0 &#8230; 20 mA)<\/td>\n<\/tr>\n<tr>\n<td>RS485 (M)<\/td>\n<td>(1) RS485 Master for up to 8 smart sensors<\/td>\n<td>Ultrasonic anemometers and smart sensors<\/td>\n<\/tr>\n<tr>\n<td colspan=\"1\" rowspan=\"3\">Output Channels<\/td>\n<td>RS485 (S)<\/td>\n<td>(1) RS485 Slave<\/td>\n<td>SCADA monitoring software<\/td>\n<\/tr>\n<tr>\n<td>\u00a05V | Switches<\/td>\n<td>4<\/td>\n<td>Sensor supply, relay for modem, heating supply<\/td>\n<\/tr>\n<tr>\n<td>Current Source<\/td>\n<td>1<\/td>\n<td>\u00a0Pt1000, Pt100<\/td>\n<\/tr>\n<tr>\n<td colspan=\"1\" rowspan=\"5\">Connectivity<\/td>\n<td>\u00a0USB<\/td>\n<td>(2) USB-A host<br \/>\n(1) USB-B device<\/td>\n<td>PC, modem, memory stick, WiFi, GPS, web cam<\/td>\n<\/tr>\n<tr>\n<td>Ethernet<\/td>\n<td>\u00a0(1) Ethernet<\/td>\n<td>Router, SAT-Modem, LAN and SCADA output<\/td>\n<\/tr>\n<tr>\n<td>Data transfer<\/td>\n<td colspan=\"2\" rowspan=\"1\">Email, FTP, SCP, SFTP, FTPS, Datacopy on USB-Stick, SCADA<\/td>\n<\/tr>\n<tr>\n<td>Data cloud<\/td>\n<td>SCP to AmmonitOR<\/td>\n<td>https:\/\/or.ammonit.com<\/td>\n<\/tr>\n<tr>\n<td>Remote control<\/td>\n<td>SSH reverse tunnel through AmmonitConnect Server<\/td>\n<td>https:\/\/&lt;serialnumber&gt;.connect.ammonit.com\/<\/td>\n<\/tr>\n<tr>\n<td colspan=\"1\" rowspan=\"2\">Storage Size<\/td>\n<td>Source Data<br \/>\n(1-sec data)<\/td>\n<td>\u00a02 GB<\/td>\n<td><\/td>\n<\/tr>\n<tr>\n<td>\u00a0CSV Data<br \/>\n(10-min data)<\/td>\n<td>\u00a0&gt; 50 MB<\/td>\n<td><\/td>\n<\/tr>\n<tr>\n<td><\/td>\n<td>Display &amp; Keys<\/td>\n<td colspan=\"2\" rowspan=\"1\">\u00a0(20 x 4) LC display with backlight, five keys<\/td>\n<\/tr>\n<tr>\n<td><\/td>\n<td>Power Supply<\/td>\n<td colspan=\"2\" rowspan=\"1\">9 &#8230; 36 VDC<\/td>\n<\/tr>\n<tr>\n<td><\/td>\n<td>Operat. temperature<\/td>\n<td colspan=\"2\" rowspan=\"1\">\u00a0-40 &#8230; +65 \u00b0C<\/td>\n<\/tr>\n<tr>\n<td><\/td>\n<td>Protection (Housing)<\/td>\n<td colspan=\"2\" rowspan=\"1\">IP65<\/td>\n<\/tr>\n<tr>\n<td><\/td>\n<td>Housing Dimensions<\/td>\n<td colspan=\"2\" rowspan=\"1\">260 x 194 x 50 mm<\/td>\n<\/tr>\n<tr>\n<td><\/td>\n<td>Weight<\/td>\n<td colspan=\"2\" rowspan=\"1\">950 g<\/td>\n<\/tr>\n<tr>\n<td><\/td>\n<td>Accessories<\/td>\n<td colspan=\"2\" rowspan=\"1\">External modules, plug connector, mounting kit, steel cabinet<\/td>\n<\/tr>\n<\/tbody>\n<\/table>\n","protected":false},"excerpt":{"rendered":"<h3>R\u00e9f\u00e9rence de commande<\/h3>\n<p>M21020<\/p>\n","protected":false},"featured_media":31758,"template":"","meta":[],"product_brand":[],"product_cat":[1335,1526,1530],"product_tag":[],"class_list":{"0":"post-31763","1":"product","2":"type-product","3":"status-publish","4":"has-post-thumbnail","6":"product_cat-energies-renouvelables-mesure-de-lenergie-eolienne-et-solaire-fr","7":"product_cat-enregistreur-de-donnees","8":"product_cat-enregistreur-de-donnees-meteo-40l-plus","10":"first","11":"instock","12":"shipping-taxable","13":"product-type-simple"},"_links":{"self":[{"href":"https:\/\/airsystems.ge\/shop\/fr\/wp-json\/wp\/v2\/product\/31763","targetHints":{"allow":["GET"]}}],"collection":[{"href":"https:\/\/airsystems.ge\/shop\/fr\/wp-json\/wp\/v2\/product"}],"about":[{"href":"https:\/\/airsystems.ge\/shop\/fr\/wp-json\/wp\/v2\/types\/product"}],"wp:featuredmedia":[{"embeddable":true,"href":"https:\/\/airsystems.ge\/shop\/fr\/wp-json\/wp\/v2\/media\/31758"}],"wp:attachment":[{"href":"https:\/\/airsystems.ge\/shop\/fr\/wp-json\/wp\/v2\/media?parent=31763"}],"wp:term":[{"taxonomy":"product_brand","embeddable":true,"href":"https:\/\/airsystems.ge\/shop\/fr\/wp-json\/wp\/v2\/product_brand?post=31763"},{"taxonomy":"product_cat","embeddable":true,"href":"https:\/\/airsystems.ge\/shop\/fr\/wp-json\/wp\/v2\/product_cat?post=31763"},{"taxonomy":"product_tag","embeddable":true,"href":"https:\/\/airsystems.ge\/shop\/fr\/wp-json\/wp\/v2\/product_tag?post=31763"}],"curies":[{"name":"wp","href":"https:\/\/api.w.org\/{rel}","templated":true}]}}