{"id":31703,"date":"2025-05-17T14:24:45","date_gmt":"2025-05-17T10:24:45","guid":{"rendered":"https:\/\/airsystems.ge\/shop\/product\/solar-protection-for-meteolaser-lidar\/"},"modified":"2025-05-17T14:29:03","modified_gmt":"2025-05-17T10:29:03","slug":"solar-protection-for-meteolaser-lidar","status":"publish","type":"product","link":"https:\/\/airsystems.ge\/shop\/fr\/produit\/solar-protection-for-meteolaser-lidar\/","title":{"rendered":"Protection solaire pour MeteoLaser LiDAR"},"content":{"rendered":"<p><strong>Protection solaire pour votre MeteoLaser LiDAR<\/strong><\/p>\n<ul>\n<li>\u00c9vitez l&rsquo;exposition directe au rayonnement solaire sur le MeteoLaser LiDAR<br \/>\n\u00c9vitez les temp\u00e9ratures excessives de la machine<br \/>\nR\u00e9duisez la fr\u00e9quence de d\u00e9marrage du ventilateur pour r\u00e9duire la consommation d&rsquo;\u00e9nergie<\/li>\n<\/ul>\n<table border=\"1\" cellspacing=\"1\" cellpadding=\"1\">\n<thead>\n<tr>\n<th scope=\"col\">Characteristic<\/th>\n<th scope=\"col\">Description<\/th>\n<\/tr>\n<\/thead>\n<tbody>\n<tr>\n<td>Weight<\/td>\n<td>4 kg<\/td>\n<\/tr>\n<tr>\n<td>Dimensions (LxWxH)<\/td>\n<td>54 x 45 x 44.1 cm<\/td>\n<\/tr>\n<tr>\n<td>Material<\/td>\n<td>Aluminium alloy<\/td>\n<\/tr>\n<\/tbody>\n<\/table>\n","protected":false},"excerpt":{"rendered":"<p><strong>R\u00e9f\u00e9rence\u00a0:<\/strong><\/p>\n<p>S97030<\/p>\n","protected":false},"featured_media":31692,"template":"","meta":[],"product_brand":[],"product_cat":[1509,1512],"product_tag":[],"class_list":{"0":"post-31703","1":"product","2":"type-product","3":"status-publish","4":"has-post-thumbnail","6":"product_cat-lidar-fr-2","7":"product_cat-lidar-sensing-teledetection-fr","9":"first","10":"instock","11":"shipping-taxable","12":"product-type-simple"},"_links":{"self":[{"href":"https:\/\/airsystems.ge\/shop\/fr\/wp-json\/wp\/v2\/product\/31703","targetHints":{"allow":["GET"]}}],"collection":[{"href":"https:\/\/airsystems.ge\/shop\/fr\/wp-json\/wp\/v2\/product"}],"about":[{"href":"https:\/\/airsystems.ge\/shop\/fr\/wp-json\/wp\/v2\/types\/product"}],"wp:featuredmedia":[{"embeddable":true,"href":"https:\/\/airsystems.ge\/shop\/fr\/wp-json\/wp\/v2\/media\/31692"}],"wp:attachment":[{"href":"https:\/\/airsystems.ge\/shop\/fr\/wp-json\/wp\/v2\/media?parent=31703"}],"wp:term":[{"taxonomy":"product_brand","embeddable":true,"href":"https:\/\/airsystems.ge\/shop\/fr\/wp-json\/wp\/v2\/product_brand?post=31703"},{"taxonomy":"product_cat","embeddable":true,"href":"https:\/\/airsystems.ge\/shop\/fr\/wp-json\/wp\/v2\/product_cat?post=31703"},{"taxonomy":"product_tag","embeddable":true,"href":"https:\/\/airsystems.ge\/shop\/fr\/wp-json\/wp\/v2\/product_tag?post=31703"}],"curies":[{"name":"wp","href":"https:\/\/api.w.org\/{rel}","templated":true}]}}