{"id":31604,"date":"2025-05-15T00:06:52","date_gmt":"2025-05-14T20:06:52","guid":{"rendered":"https:\/\/airsystems.ge\/shop\/product\/silicon-irradiance-sensor-mt-0-10v\/"},"modified":"2025-05-15T00:09:18","modified_gmt":"2025-05-14T20:09:18","slug":"silicon-irradiance-sensor-mt-0-10v","status":"publish","type":"product","link":"https:\/\/airsystems.ge\/shop\/fr\/produit\/silicon-irradiance-sensor-mt-0-10v\/","title":{"rendered":"Capteur d&rsquo;irradiance au silicium M&#038;T 0-10 V"},"content":{"rendered":"<ul>\n<li>Con\u00e7u comme un module solaire &#8211; facilement comparable au rendement \u00e9nerg\u00e9tique et aux performances des syst\u00e8mes photovolta\u00efques<br \/>\nTemp\u00e9rature de cellule en option, alternative \u00e0 la mesure directe de la temp\u00e9rature du module<br \/>\nSignal de sortie\u00a0: 0 &#8230; 10 V pour l&rsquo;irradiance et la temp\u00e9rature de cellule<\/li>\n<\/ul>\n<p>Les capteurs d&rsquo;irradiance au silicium constituent une solution \u00e9conomique, robuste et fiable pour la mesure de l&rsquo;irradiance. Con\u00e7us pour un module photovolta\u00efque, ils constituent une r\u00e9f\u00e9rence id\u00e9ale pour la surveillance des syst\u00e8mes photovolta\u00efques. Leur r\u00e9ponse spectrale comparable \u00e0 celle des modules photovolta\u00efques, ainsi que leur erreur d&rsquo;inclinaison similaire (modificateur d&rsquo;angle d&rsquo;incidence), permettent une analyse pr\u00e9cise du rendement \u00e9nerg\u00e9tique photovolta\u00efque \u00e0 partir des donn\u00e9es du capteur Si.<\/p>\n<table border=\"1\" cellspacing=\"1\" cellpadding=\"1\">\n<thead>\n<tr>\n<th scope=\"col\"><span style=\"font-weight: 400;\">Sensor<\/span><\/th>\n<th scope=\"col\"><span style=\"font-weight: 400;\">Si-V-10TC<\/span><\/th>\n<th scope=\"col\"><span style=\"font-weight: 400;\">Si-V-10-TC-T<\/span><\/th>\n<\/tr>\n<\/thead>\n<tbody>\n<tr>\n<td>Ordner No.<\/td>\n<td>S68120<\/td>\n<td>S68261<\/td>\n<\/tr>\n<tr>\n<td>Solar cell<\/td>\n<td colspan=\"2\" rowspan=\"1\">Monocrystalline silicon (50 x 33 mm)<\/td>\n<\/tr>\n<tr>\n<td>Measurement uncertainty<br \/>\nIrradiance<\/td>\n<td colspan=\"2\" rowspan=\"1\">\u00b1 5 W\/m\u00b2 \u00b12.5% of reading<br \/>\nvalid for temperature compensation, spectrum AM 1.5 and vertical light beam<\/td>\n<\/tr>\n<tr>\n<td>Measurement uncertainty<br \/>\nInternal temp. measurement<\/td>\n<td><\/td>\n<td>1.0 K @ -35 &#8230; 70 \u00b0C<br \/>\n1.1 K @ -35 &#8230; 80 \u00b0C<\/td>\n<\/tr>\n<tr>\n<td>Response time (99%)<\/td>\n<td colspan=\"2\" rowspan=\"1\">0.15 s<\/td>\n<\/tr>\n<tr>\n<td>Offset<\/td>\n<td colspan=\"2\" rowspan=\"1\">2 W\/m\u00b2<\/td>\n<\/tr>\n<tr>\n<td>Non-Linearity<\/td>\n<td colspan=\"2\" rowspan=\"1\">0.10 %<\/td>\n<\/tr>\n<tr>\n<td>Temperature dependance<\/td>\n<td colspan=\"2\" rowspan=\"1\">0.40 % @ -35 &#8230; 80 \u00b0C<\/td>\n<\/tr>\n<tr>\n<td>Power supply<\/td>\n<td>24 VDC (12 &#8230; 28 VDC)<br \/>\ntyp. &lt; 1 mA power consumption<\/td>\n<td>24 VDC (12 &#8230; 28 VDC)<br \/>\ntyp. &lt; 2 mA power consumption<\/td>\n<\/tr>\n<tr>\n<td>Load impedance<\/td>\n<td colspan=\"2\" rowspan=\"1\">min. 100 k\u03a9<\/td>\n<\/tr>\n<tr>\n<td>Output signal irradiance<\/td>\n<td colspan=\"2\" rowspan=\"1\">0 &#8230; 10 V @ 0 &#8230; 1500 W\/m\u00b2<\/td>\n<\/tr>\n<tr>\n<td>Output signal cell temperature<\/td>\n<td><\/td>\n<td>0 &#8230; 10 V @ -40 &#8230; 90 \u00b0C<\/td>\n<\/tr>\n<tr>\n<td>Sensor connection<\/td>\n<td colspan=\"2\" rowspan=\"1\">LiYC11Y 4 x 0.14 mm\u00b2 UL20233; length typical 3 m,<br \/>\nUV- and temperature resistant<\/td>\n<\/tr>\n<tr>\n<td>Operating temperature<\/td>\n<td colspan=\"2\" rowspan=\"1\">-35 \u2026 +80 \u00b0C<\/td>\n<\/tr>\n<tr>\n<td>Housing material<\/td>\n<td colspan=\"2\" rowspan=\"1\">Powder-coated aluminium, IP 65<\/td>\n<\/tr>\n<tr>\n<td>Dimensions \/ Weight<\/td>\n<td colspan=\"2\" rowspan=\"1\">155 x 85 x 39 mm\u00a0 \/\u00a0 approx. 350 g<\/td>\n<\/tr>\n<tr>\n<td>Manufacturer<\/td>\n<td colspan=\"2\" rowspan=\"1\">Ingenieurb\u00fcro Mencke &amp; Tegtmeyer GmbH<\/td>\n<\/tr>\n<\/tbody>\n<\/table>\n","protected":false},"excerpt":{"rendered":"<p><strong>R\u00e9f\u00e9rence<\/strong><br \/>\nS68120 \/ S68261<\/p>\n","protected":false},"featured_media":31592,"template":"","meta":[],"product_brand":[],"product_cat":[1488,1470,1335],"product_tag":[],"class_list":{"0":"post-31604","1":"product","2":"type-product","3":"status-publish","4":"has-post-thumbnail","6":"product_cat-capteur-dirradiance-au-silicium","7":"product_cat-capteur-solaire","8":"product_cat-energies-renouvelables-mesure-de-lenergie-eolienne-et-solaire-fr","10":"first","11":"instock","12":"shipping-taxable","13":"product-type-simple"},"_links":{"self":[{"href":"https:\/\/airsystems.ge\/shop\/fr\/wp-json\/wp\/v2\/product\/31604","targetHints":{"allow":["GET"]}}],"collection":[{"href":"https:\/\/airsystems.ge\/shop\/fr\/wp-json\/wp\/v2\/product"}],"about":[{"href":"https:\/\/airsystems.ge\/shop\/fr\/wp-json\/wp\/v2\/types\/product"}],"wp:featuredmedia":[{"embeddable":true,"href":"https:\/\/airsystems.ge\/shop\/fr\/wp-json\/wp\/v2\/media\/31592"}],"wp:attachment":[{"href":"https:\/\/airsystems.ge\/shop\/fr\/wp-json\/wp\/v2\/media?parent=31604"}],"wp:term":[{"taxonomy":"product_brand","embeddable":true,"href":"https:\/\/airsystems.ge\/shop\/fr\/wp-json\/wp\/v2\/product_brand?post=31604"},{"taxonomy":"product_cat","embeddable":true,"href":"https:\/\/airsystems.ge\/shop\/fr\/wp-json\/wp\/v2\/product_cat?post=31604"},{"taxonomy":"product_tag","embeddable":true,"href":"https:\/\/airsystems.ge\/shop\/fr\/wp-json\/wp\/v2\/product_tag?post=31604"}],"curies":[{"name":"wp","href":"https:\/\/api.w.org\/{rel}","templated":true}]}}