{"id":31553,"date":"2025-05-14T23:31:17","date_gmt":"2025-05-14T19:31:17","guid":{"rendered":"https:\/\/airsystems.ge\/shop\/product\/sun-tracking-system-dni-dhi-ghi\/"},"modified":"2025-05-14T23:35:54","modified_gmt":"2025-05-14T19:35:54","slug":"sun-tracking-system-dni-dhi-ghi","status":"publish","type":"product","link":"https:\/\/airsystems.ge\/shop\/fr\/produit\/sun-tracking-system-dni-dhi-ghi\/","title":{"rendered":"Syst\u00e8me de suivi solaire DNI + DHI + GHI"},"content":{"rendered":"<ul>\n<li>Les suiveurs solaires haute pr\u00e9cision EKO Instruments offrent une fiabilit\u00e9 de suivi \u00e9lev\u00e9e, des fonctionnalit\u00e9s am\u00e9lior\u00e9es et une configuration enti\u00e8rement automatis\u00e9e gr\u00e2ce \u00e0 un r\u00e9cepteur GPS int\u00e9gr\u00e9.<br \/>\nCes suiveurs solaires compacts sont parfaitement adapt\u00e9s \u00e0 tous types de capteurs de mesure du rayonnement global, diffus et direct.<br \/>\nIls sont livr\u00e9s avec un petit tr\u00e9pied offrant une surface stable pour l&rsquo;\u00e9quipement de mesure et un support de pyrh\u00e9liom\u00e8tre r\u00e9glable pour un alignement pr\u00e9cis.<\/li>\n<\/ul>\n<p>Du lever au coucher du soleil, le suiveur solaire compact EKO garantit un suivi solaire pr\u00e9cis et le pointage des capteurs solaires connect\u00e9s. Chaque syst\u00e8me est \u00e9quip\u00e9 d&rsquo;un pyrh\u00e9liom\u00e8tre MS-57 de premi\u00e8re classe conforme \u00e0 la norme ISO 9060 pour mesurer l&rsquo;irradiation normale directe. Pour mesurer l&rsquo;irradiation horizontale diffuse, le syst\u00e8me est \u00e9quip\u00e9 d&rsquo;un pyranom\u00e8tre MS-80A ombr\u00e9 conforme \u00e0 la norme ISO 9060. Le syst\u00e8me complet est livr\u00e9 avec un second pyranom\u00e8tre MS-80A pour mesurer l&rsquo;irradiation horizontale globale. Selon vos besoins, le syst\u00e8me de suivi solaire peut \u00eatre compl\u00e9t\u00e9 par un enregistreur de donn\u00e9es Ammonit Meteo-40 plus, ainsi que par un syst\u00e8me d&rsquo;alimentation et de communication externe.<\/p>\n<table border=\"1\" width=\"677\" cellspacing=\"1\" cellpadding=\"1\">\n<thead>\n<tr>\n<th scope=\"col\"><span style=\"font-weight: 400;\">System<\/span><\/th>\n<th scope=\"col\"><span style=\"font-weight: 400;\">DNI + DHI + GHI Measurement<\/span><\/th>\n<\/tr>\n<\/thead>\n<tbody>\n<tr>\n<td>Order No.<\/td>\n<td>S64931<\/td>\n<\/tr>\n<tr>\n<td>Description<\/td>\n<td>Sun tracking system for DNI and DHI and GHI<\/td>\n<\/tr>\n<tr>\n<td>Components<\/td>\n<td>Single arm tracker with GPS receiver, table tripod and shading disc<br \/>\nFirst Class\u00a0pyrheliometer MS-57\u00a0for DNI<br \/>\nSecondary Standard pyranometer MS-80A for DHI<br \/>\nSecondary Standard pyranometer MS-80A for GHI<\/td>\n<\/tr>\n<\/tbody>\n<\/table>\n","protected":false},"excerpt":{"rendered":"<p><strong>Num\u00e9ro de commande<\/strong><br \/>\nS64932<\/p>\n","protected":false},"featured_media":31548,"template":"","meta":[],"product_brand":[],"product_cat":[1470,1335,1482],"product_tag":[],"class_list":{"0":"post-31553","1":"product","2":"type-product","3":"status-publish","4":"has-post-thumbnail","6":"product_cat-capteur-solaire","7":"product_cat-energies-renouvelables-mesure-de-lenergie-eolienne-et-solaire-fr","8":"product_cat-systeme-de-suivi-du-soleil","10":"first","11":"instock","12":"shipping-taxable","13":"product-type-simple"},"_links":{"self":[{"href":"https:\/\/airsystems.ge\/shop\/fr\/wp-json\/wp\/v2\/product\/31553","targetHints":{"allow":["GET"]}}],"collection":[{"href":"https:\/\/airsystems.ge\/shop\/fr\/wp-json\/wp\/v2\/product"}],"about":[{"href":"https:\/\/airsystems.ge\/shop\/fr\/wp-json\/wp\/v2\/types\/product"}],"wp:featuredmedia":[{"embeddable":true,"href":"https:\/\/airsystems.ge\/shop\/fr\/wp-json\/wp\/v2\/media\/31548"}],"wp:attachment":[{"href":"https:\/\/airsystems.ge\/shop\/fr\/wp-json\/wp\/v2\/media?parent=31553"}],"wp:term":[{"taxonomy":"product_brand","embeddable":true,"href":"https:\/\/airsystems.ge\/shop\/fr\/wp-json\/wp\/v2\/product_brand?post=31553"},{"taxonomy":"product_cat","embeddable":true,"href":"https:\/\/airsystems.ge\/shop\/fr\/wp-json\/wp\/v2\/product_cat?post=31553"},{"taxonomy":"product_tag","embeddable":true,"href":"https:\/\/airsystems.ge\/shop\/fr\/wp-json\/wp\/v2\/product_tag?post=31553"}],"curies":[{"name":"wp","href":"https:\/\/api.w.org\/{rel}","templated":true}]}}