{"id":31459,"date":"2025-05-11T18:30:56","date_gmt":"2025-05-11T14:30:56","guid":{"rendered":"https:\/\/airsystems.ge\/shop\/product\/calibration-wind-vane-thies-first-class\/"},"modified":"2025-05-11T18:33:29","modified_gmt":"2025-05-11T14:33:29","slug":"calibration-wind-vane-thies-first-class","status":"publish","type":"product","link":"https:\/\/airsystems.ge\/shop\/fr\/produit\/calibration-wind-vane-thies-first-class\/","title":{"rendered":"\u00c9talonnage de la girouette Thies First Class"},"content":{"rendered":"","protected":false},"excerpt":{"rendered":"<p>R\u00e9f\u00e9rence\u00a0: S21095T \/ S21095TH \/ S21095P \/ S21095PH<\/p>\n<p>S21095T \u00c9talonnage de la girouette Thies First Class TMR<br \/>\nS21095TH \u00c9talonnage de la girouette Thies First Class TMR chauffante<br \/>\nS21095P \u00c9talonnage de la girouette Thies First Class POT<br \/>\nS21095PH \u00c9talonnage de la girouette Thies First Class POT chauffante<\/p>\n<p>R\u00e9alis\u00e9 par la soufflerie Ammonit<br \/>\n&#8211; Laboratoire accr\u00e9dit\u00e9 DAkkS &#8211; selon la proc\u00e9dure Measnet, certificat inclus<\/p>\n","protected":false},"featured_media":31454,"template":"","meta":[],"product_brand":[],"product_cat":[1415,1335,1464],"product_tag":[],"class_list":{"0":"post-31459","1":"product","2":"type-product","3":"status-publish","4":"has-post-thumbnail","6":"product_cat-capteur-de-vent","7":"product_cat-energies-renouvelables-mesure-de-lenergie-eolienne-et-solaire-fr","8":"product_cat-etalonnage","10":"first","11":"instock","12":"shipping-taxable","13":"product-type-simple"},"_links":{"self":[{"href":"https:\/\/airsystems.ge\/shop\/fr\/wp-json\/wp\/v2\/product\/31459","targetHints":{"allow":["GET"]}}],"collection":[{"href":"https:\/\/airsystems.ge\/shop\/fr\/wp-json\/wp\/v2\/product"}],"about":[{"href":"https:\/\/airsystems.ge\/shop\/fr\/wp-json\/wp\/v2\/types\/product"}],"wp:featuredmedia":[{"embeddable":true,"href":"https:\/\/airsystems.ge\/shop\/fr\/wp-json\/wp\/v2\/media\/31454"}],"wp:attachment":[{"href":"https:\/\/airsystems.ge\/shop\/fr\/wp-json\/wp\/v2\/media?parent=31459"}],"wp:term":[{"taxonomy":"product_brand","embeddable":true,"href":"https:\/\/airsystems.ge\/shop\/fr\/wp-json\/wp\/v2\/product_brand?post=31459"},{"taxonomy":"product_cat","embeddable":true,"href":"https:\/\/airsystems.ge\/shop\/fr\/wp-json\/wp\/v2\/product_cat?post=31459"},{"taxonomy":"product_tag","embeddable":true,"href":"https:\/\/airsystems.ge\/shop\/fr\/wp-json\/wp\/v2\/product_tag?post=31459"}],"curies":[{"name":"wp","href":"https:\/\/api.w.org\/{rel}","templated":true}]}}