{"id":31446,"date":"2025-05-11T18:00:13","date_gmt":"2025-05-11T14:00:13","guid":{"rendered":"https:\/\/airsystems.ge\/shop\/product\/calibration-air-pressure-sensor\/"},"modified":"2025-05-11T18:25:52","modified_gmt":"2025-05-11T14:25:52","slug":"calibration-air-pressure-sensor","status":"publish","type":"product","link":"https:\/\/airsystems.ge\/shop\/fr\/produit\/calibration-air-pressure-sensor\/","title":{"rendered":"\u00c9talonnage du capteur de pression d&rsquo;air"},"content":{"rendered":"","protected":false},"excerpt":{"rendered":"<h3>R\u00e9f\u00e9rence de commande<\/h3>\n<p>S31090<\/p>\n","protected":false},"featured_media":31441,"template":"","meta":[],"product_brand":[],"product_cat":[1415,1335,1464],"product_tag":[],"class_list":{"0":"post-31446","1":"product","2":"type-product","3":"status-publish","4":"has-post-thumbnail","6":"product_cat-capteur-de-vent","7":"product_cat-energies-renouvelables-mesure-de-lenergie-eolienne-et-solaire-fr","8":"product_cat-etalonnage","10":"first","11":"instock","12":"shipping-taxable","13":"product-type-simple"},"_links":{"self":[{"href":"https:\/\/airsystems.ge\/shop\/fr\/wp-json\/wp\/v2\/product\/31446","targetHints":{"allow":["GET"]}}],"collection":[{"href":"https:\/\/airsystems.ge\/shop\/fr\/wp-json\/wp\/v2\/product"}],"about":[{"href":"https:\/\/airsystems.ge\/shop\/fr\/wp-json\/wp\/v2\/types\/product"}],"wp:featuredmedia":[{"embeddable":true,"href":"https:\/\/airsystems.ge\/shop\/fr\/wp-json\/wp\/v2\/media\/31441"}],"wp:attachment":[{"href":"https:\/\/airsystems.ge\/shop\/fr\/wp-json\/wp\/v2\/media?parent=31446"}],"wp:term":[{"taxonomy":"product_brand","embeddable":true,"href":"https:\/\/airsystems.ge\/shop\/fr\/wp-json\/wp\/v2\/product_brand?post=31446"},{"taxonomy":"product_cat","embeddable":true,"href":"https:\/\/airsystems.ge\/shop\/fr\/wp-json\/wp\/v2\/product_cat?post=31446"},{"taxonomy":"product_tag","embeddable":true,"href":"https:\/\/airsystems.ge\/shop\/fr\/wp-json\/wp\/v2\/product_tag?post=31446"}],"curies":[{"name":"wp","href":"https:\/\/api.w.org\/{rel}","templated":true}]}}