{"id":31432,"date":"2025-05-11T17:50:48","date_gmt":"2025-05-11T13:50:48","guid":{"rendered":"https:\/\/airsystems.ge\/shop\/product\/calibration-precipitation-sensor\/"},"modified":"2025-05-11T17:56:58","modified_gmt":"2025-05-11T13:56:58","slug":"calibration-precipitation-sensor","status":"publish","type":"product","link":"https:\/\/airsystems.ge\/shop\/fr\/produit\/calibration-precipitation-sensor\/","title":{"rendered":"\u00c9talonnage du capteur de pr\u00e9cipitations"},"content":{"rendered":"","protected":false},"excerpt":{"rendered":"<h3>R\u00e9f\u00e9rence de commande<\/h3>\n<p>S73090<\/p>\n","protected":false},"featured_media":31426,"template":"","meta":[],"product_brand":[],"product_cat":[1415,1335,1464],"product_tag":[],"class_list":{"0":"post-31432","1":"product","2":"type-product","3":"status-publish","4":"has-post-thumbnail","6":"product_cat-capteur-de-vent","7":"product_cat-energies-renouvelables-mesure-de-lenergie-eolienne-et-solaire-fr","8":"product_cat-etalonnage","10":"first","11":"instock","12":"shipping-taxable","13":"product-type-simple"},"_links":{"self":[{"href":"https:\/\/airsystems.ge\/shop\/fr\/wp-json\/wp\/v2\/product\/31432","targetHints":{"allow":["GET"]}}],"collection":[{"href":"https:\/\/airsystems.ge\/shop\/fr\/wp-json\/wp\/v2\/product"}],"about":[{"href":"https:\/\/airsystems.ge\/shop\/fr\/wp-json\/wp\/v2\/types\/product"}],"wp:featuredmedia":[{"embeddable":true,"href":"https:\/\/airsystems.ge\/shop\/fr\/wp-json\/wp\/v2\/media\/31426"}],"wp:attachment":[{"href":"https:\/\/airsystems.ge\/shop\/fr\/wp-json\/wp\/v2\/media?parent=31432"}],"wp:term":[{"taxonomy":"product_brand","embeddable":true,"href":"https:\/\/airsystems.ge\/shop\/fr\/wp-json\/wp\/v2\/product_brand?post=31432"},{"taxonomy":"product_cat","embeddable":true,"href":"https:\/\/airsystems.ge\/shop\/fr\/wp-json\/wp\/v2\/product_cat?post=31432"},{"taxonomy":"product_tag","embeddable":true,"href":"https:\/\/airsystems.ge\/shop\/fr\/wp-json\/wp\/v2\/product_tag?post=31432"}],"curies":[{"name":"wp","href":"https:\/\/api.w.org\/{rel}","templated":true}]}}