{"id":31117,"date":"2025-05-11T12:43:37","date_gmt":"2025-05-11T08:43:37","guid":{"rendered":"https:\/\/airsystems.ge\/shop\/product\/bird-protection-ring-for-precipitation-sensor-young\/"},"modified":"2025-05-11T12:45:18","modified_gmt":"2025-05-11T08:45:18","slug":"bird-protection-ring-for-precipitation-sensor-young","status":"publish","type":"product","link":"https:\/\/airsystems.ge\/shop\/fr\/produit\/bird-protection-ring-for-precipitation-sensor-young\/","title":{"rendered":"Anneau de protection aviaire pour capteur de pr\u00e9cipitations Young"},"content":{"rendered":"","protected":false},"excerpt":{"rendered":"<h3>R\u00e9f\u00e9rence\u00a0:<\/h3>\n<p>S73000<\/p>\n","protected":false},"featured_media":31112,"template":"","meta":[],"product_brand":[],"product_cat":[1446,1415,1335],"product_tag":[],"class_list":{"0":"post-31117","1":"product","2":"type-product","3":"status-publish","4":"has-post-thumbnail","6":"product_cat-capteur-de-precipitations","7":"product_cat-capteur-de-vent","8":"product_cat-energies-renouvelables-mesure-de-lenergie-eolienne-et-solaire-fr","10":"first","11":"instock","12":"shipping-taxable","13":"product-type-simple"},"_links":{"self":[{"href":"https:\/\/airsystems.ge\/shop\/fr\/wp-json\/wp\/v2\/product\/31117","targetHints":{"allow":["GET"]}}],"collection":[{"href":"https:\/\/airsystems.ge\/shop\/fr\/wp-json\/wp\/v2\/product"}],"about":[{"href":"https:\/\/airsystems.ge\/shop\/fr\/wp-json\/wp\/v2\/types\/product"}],"wp:featuredmedia":[{"embeddable":true,"href":"https:\/\/airsystems.ge\/shop\/fr\/wp-json\/wp\/v2\/media\/31112"}],"wp:attachment":[{"href":"https:\/\/airsystems.ge\/shop\/fr\/wp-json\/wp\/v2\/media?parent=31117"}],"wp:term":[{"taxonomy":"product_brand","embeddable":true,"href":"https:\/\/airsystems.ge\/shop\/fr\/wp-json\/wp\/v2\/product_brand?post=31117"},{"taxonomy":"product_cat","embeddable":true,"href":"https:\/\/airsystems.ge\/shop\/fr\/wp-json\/wp\/v2\/product_cat?post=31117"},{"taxonomy":"product_tag","embeddable":true,"href":"https:\/\/airsystems.ge\/shop\/fr\/wp-json\/wp\/v2\/product_tag?post=31117"}],"curies":[{"name":"wp","href":"https:\/\/api.w.org\/{rel}","templated":true}]}}