{"id":31062,"date":"2025-05-11T12:14:40","date_gmt":"2025-05-11T08:14:40","guid":{"rendered":"https:\/\/airsystems.ge\/shop\/product\/air-pressure-sensor-thies\/"},"modified":"2025-05-11T12:16:31","modified_gmt":"2025-05-11T08:16:31","slug":"air-pressure-sensor-thies","status":"publish","type":"product","link":"https:\/\/airsystems.ge\/shop\/fr\/produit\/air-pressure-sensor-thies\/","title":{"rendered":"Capteur de pression atmosph\u00e9rique Thies"},"content":{"rendered":"<ul>\n<li>Capteur de pression atmosph\u00e9rique pi\u00e9zo\u00e9lectrique<br \/>\nHaute pr\u00e9cision\u00a0: 0,3\u00a0hPa \u00e0 25\u00a0\u00b0C<br \/>\nPlage de mesure \u00e9volutive\u00a0: 600\u00a0&#8230;\u00a01060\u00a0hPa<br \/>\nR\u00e9activit\u00e9<br \/>\nRobustesse \u00e0 long terme<\/p>\n<p>Ce capteur mesure la pression atmosph\u00e9rique barom\u00e9trique. Cet instrument est con\u00e7u pour les applications en m\u00e9t\u00e9orologie et en protection de l&rsquo;environnement, o\u00f9 une pr\u00e9cision \u00e9lev\u00e9e, une r\u00e9activit\u00e9, une robustesse et une fiabilit\u00e9 \u00e0 long terme sont requises. Le capteur de pression atmosph\u00e9rique mesure la \u00ab\u00a0PRESSION ATMOSPH\u00c9RIQUE ABSOLUE\u00a0\u00bb.<\/p>\n<p>Les r\u00e9sultats de mesure sont disponibles sous trois formes diff\u00e9rentes\u00a0:<\/p>\n<p>1. Sortie tension analogique\u00a0: 0\u00a0V \u00e0 5\u00a0V (configuration standard\/par d\u00e9faut)<br \/>\nuniquement sur demande, configuration sp\u00e9ciale requise<br \/>\n2. Sortie fr\u00e9quence\u00a0: 300\u00a0Hz \u00e0 1\u00a0100\u00a0Hz<br \/>\n3. Sortie num\u00e9rique\u00a0: RS485<\/p>\n<p>Le capteur est un capteur de pression absolue pi\u00e9zo\u00e9lectrique tremp\u00e9, qui pr\u00e9sente une excellente stabilit\u00e9 thermique et m\u00e9canique.<\/li>\n<\/ul>\n<p>&nbsp;<\/p>\n<table border=\"1\" width=\"596\" cellspacing=\"1\" cellpadding=\"1\">\n<thead>\n<tr>\n<th scope=\"col\"><span style=\"font-weight: 400;\">Characteristic<\/span><\/th>\n<th scope=\"col\"><span style=\"font-weight: 400;\">Value<\/span><\/th>\n<\/tr>\n<\/thead>\n<tbody>\n<tr>\n<td>Measuring range<\/td>\n<td>600 hPa &#8230; 1060 hPa<\/td>\n<\/tr>\n<tr>\n<td>Resolution<\/td>\n<td>0.001 hPa<\/td>\n<\/tr>\n<tr>\n<td>Accuracy with sensor heating<\/td>\n<td>\u00b1 0.25 hPa<\/td>\n<\/tr>\n<tr>\n<td>Accuracy without sensor heating<\/td>\n<td>\u00b1 0.3 hPa @ 25\u00b0C<br \/>\n\u00b1 1.1 hPa @ -20\u00b0C to 65\u00b0C<\/td>\n<\/tr>\n<tr>\n<td>Long-term stability<\/td>\n<td>\u00b1 0.1 hPa\/year<\/td>\n<\/tr>\n<tr>\n<td>Pressure sensor heating control temperature<\/td>\n<td>50\u00b0C \u00b11\u00b0K<\/td>\n<\/tr>\n<tr>\n<td>Supply voltage<\/td>\n<td>9 V DC &#8230; 24 V DC<\/td>\n<\/tr>\n<tr>\n<td>Current Consumption @ 12 V DC<\/td>\n<td>&lt; 5 mA (with default configuration: heating off)<\/td>\n<\/tr>\n<tr>\n<td colspan=\"2\">Electrical Outputs<\/td>\n<\/tr>\n<tr>\n<td>Analog voltage output<\/td>\n<td>0 V &#8230; 5 V corresponding to 600 hPa &#8230; 1060 hPa<\/td>\n<\/tr>\n<tr>\n<td>Frequency output<\/td>\n<td>Open collector with internal pull up resistor<\/td>\n<\/tr>\n<tr>\n<td>Output voltage levels of frequency output<\/td>\n<td>Low: 0 V, high: 3 V<\/td>\n<\/tr>\n<tr>\n<td>Frequency range<\/td>\n<td>260 &#8230; 1260 Hz (corresponding to 260 &#8230; 1260 hPa)<\/td>\n<\/tr>\n<tr>\n<td>Serial interface RS485<\/td>\n<td>Half duplex (two wire)<\/td>\n<\/tr>\n<tr>\n<td>Communication protocol<\/td>\n<td>Thies ASCII<\/td>\n<\/tr>\n<tr>\n<td>Supported baudrates<\/td>\n<td>1200, 2400, 4800, 9600, 19200, 38400, 57600, 115200<\/td>\n<\/tr>\n<tr>\n<td>Recommended baudrate for Meteo-40 plus<\/td>\n<td>38400<\/td>\n<\/tr>\n<tr>\n<td>Data format<\/td>\n<td>8N1<\/td>\n<\/tr>\n<tr>\n<td colspan=\"2\">General<\/td>\n<\/tr>\n<tr>\n<td>Temperature range<\/td>\n<td>-40 &#8230; +65 \u00b0C<\/td>\n<\/tr>\n<tr>\n<td>Storage temperature<\/td>\n<td>-30 &#8230; +70\u00b0C<\/td>\n<\/tr>\n<tr>\n<td>Humidity range<\/td>\n<td>non-condensing<\/td>\n<\/tr>\n<tr>\n<td>Dimensions<\/td>\n<td>82 x 80 x 57 mm (see dimensional drawing)<\/td>\n<\/tr>\n<tr>\n<td>Weight<\/td>\n<td>approx. 150 g<\/td>\n<\/tr>\n<tr>\n<td>Connection<\/td>\n<td>Screwed cable gland M16 x 1.5 and 8-pole terminal strip<\/td>\n<\/tr>\n<tr>\n<td>Housing<\/td>\n<td>Polycarbonat<\/td>\n<\/tr>\n<tr>\n<td>Housing classification<\/td>\n<td>IP 54 (in-use position)<\/td>\n<\/tr>\n<tr>\n<td>Outdoor housing (on request)<\/td>\n<td>IP 67<\/td>\n<\/tr>\n<tr>\n<td>Manufacturer<\/td>\n<td>Thies Clima<\/td>\n<\/tr>\n<tr>\n<td>Accessory<\/td>\n<td>For RS485 output: Module set M83575 (incl. isolated repeater)<\/td>\n<\/tr>\n<\/tbody>\n<\/table>\n","protected":false},"excerpt":{"rendered":"<h3>R\u00e9f\u00e9rence<\/h3>\n<p>S33100A<\/p>\n","protected":false},"featured_media":31057,"template":"","meta":[],"product_brand":[],"product_cat":[1440,1415,1335],"product_tag":[],"class_list":{"0":"post-31062","1":"product","2":"type-product","3":"status-publish","4":"has-post-thumbnail","6":"product_cat-air-pressure-sensors-fr-capteur-de-vent","7":"product_cat-capteur-de-vent","8":"product_cat-energies-renouvelables-mesure-de-lenergie-eolienne-et-solaire-fr","10":"first","11":"instock","12":"shipping-taxable","13":"product-type-simple"},"_links":{"self":[{"href":"https:\/\/airsystems.ge\/shop\/fr\/wp-json\/wp\/v2\/product\/31062","targetHints":{"allow":["GET"]}}],"collection":[{"href":"https:\/\/airsystems.ge\/shop\/fr\/wp-json\/wp\/v2\/product"}],"about":[{"href":"https:\/\/airsystems.ge\/shop\/fr\/wp-json\/wp\/v2\/types\/product"}],"wp:featuredmedia":[{"embeddable":true,"href":"https:\/\/airsystems.ge\/shop\/fr\/wp-json\/wp\/v2\/media\/31057"}],"wp:attachment":[{"href":"https:\/\/airsystems.ge\/shop\/fr\/wp-json\/wp\/v2\/media?parent=31062"}],"wp:term":[{"taxonomy":"product_brand","embeddable":true,"href":"https:\/\/airsystems.ge\/shop\/fr\/wp-json\/wp\/v2\/product_brand?post=31062"},{"taxonomy":"product_cat","embeddable":true,"href":"https:\/\/airsystems.ge\/shop\/fr\/wp-json\/wp\/v2\/product_cat?post=31062"},{"taxonomy":"product_tag","embeddable":true,"href":"https:\/\/airsystems.ge\/shop\/fr\/wp-json\/wp\/v2\/product_tag?post=31062"}],"curies":[{"name":"wp","href":"https:\/\/api.w.org\/{rel}","templated":true}]}}