{"id":31034,"date":"2025-05-11T11:44:41","date_gmt":"2025-05-11T07:44:41","guid":{"rendered":"https:\/\/airsystems.ge\/shop\/product\/temperature-sensor-galltec-tpc-active\/"},"modified":"2025-05-11T11:49:57","modified_gmt":"2025-05-11T07:49:57","slug":"temperature-sensor-galltec-tpc-active","status":"publish","type":"product","link":"https:\/\/airsystems.ge\/shop\/fr\/produit\/temperature-sensor-galltec-tpc-active\/","title":{"rendered":"Capteur de temp\u00e9rature Galltec TPC active"},"content":{"rendered":"<ul>\n<li>Les capteurs de temp\u00e9rature et d&rsquo;humidit\u00e9 de la s\u00e9rie \u00ab\u00a0xP\u00a0\u00bb sont des capteurs compacts en version b\u00e2ton avec c\u00e2ble de raccordement fixe.<br \/>\nL&rsquo;humidit\u00e9 relative est mesur\u00e9e par un \u00e9l\u00e9ment de d\u00e9tection capacitif et la valeur est transmise en sortie sous forme de signal analogique.<br \/>\nLa mesure de la temp\u00e9rature est effectu\u00e9e par une r\u00e9sistance P100 (1\/3 DIN).<br \/>\nLe signal est \u00e9galement disponible en sortie analogique.<br \/>\nLes capteurs sont disponibles en version simple ou combin\u00e9e pour la mesure de la temp\u00e9rature et de l&rsquo;humidit\u00e9.<\/li>\n<\/ul>\n<table border=\"1\" width=\"662\" cellspacing=\"1\" cellpadding=\"1\">\n<thead>\n<tr>\n<th scope=\"col\">Characteristic<\/th>\n<th scope=\"col\">Description \/ Value<\/th>\n<\/tr>\n<\/thead>\n<tbody>\n<tr>\n<td>Measurement principle<\/td>\n<td>Pt100 1\/3 DIN acc. DIN EN 60751<\/td>\n<\/tr>\n<tr>\n<td>Measurement range<\/td>\n<td>-30 &#8230; +70 \u00b0C<\/td>\n<\/tr>\n<tr>\n<td>Slope (Data Logger Meteo-40)<\/td>\n<td>100<\/td>\n<\/tr>\n<tr>\n<td>Offset (Data Logger Meteo-40)<\/td>\n<td>-30<\/td>\n<\/tr>\n<tr>\n<td>Accuracy<\/td>\n<td>\u00b1 0.2 K (-27 &#8230; +80 \u00b0C)<\/td>\n<\/tr>\n<tr>\n<td>Additional error<\/td>\n<td>\u00b1 0.007 K\/K (&lt;10 \u00b0C, &gt;40 \u00b0C)<\/td>\n<\/tr>\n<tr>\n<td colspan=\"2\"><strong>Operating range<\/strong><\/td>\n<\/tr>\n<tr>\n<td>Ambient temperature<\/td>\n<td>-40 &#8230; +80 \u00b0C<\/td>\n<\/tr>\n<tr>\n<td>Minimum air speed (across sensor)<\/td>\n<td>\u2265 0.5 m\/s<\/td>\n<\/tr>\n<tr>\n<td colspan=\"2\"><strong>Electrical data<\/strong><\/td>\n<\/tr>\n<tr>\n<td>Output signal<\/td>\n<td>0 &#8230; 1 V<\/td>\n<\/tr>\n<tr>\n<td>Operating supply<\/td>\n<td>6 &#8230; 30 VDC<\/td>\n<\/tr>\n<tr>\n<td>Current Consumption @ 12 V DC<\/td>\n<td>2 mA<\/td>\n<\/tr>\n<tr>\n<td colspan=\"2\"><strong>General<\/strong><\/td>\n<\/tr>\n<tr>\n<td>Connection<\/td>\n<td>7-pol plug for shielded cable<\/td>\n<\/tr>\n<tr>\n<td>Dimensions<\/td>\n<td>155 x \u00d8 20 mm<\/td>\n<\/tr>\n<tr>\n<td>Weight<\/td>\n<td>approx. 0.1 kg<\/td>\n<\/tr>\n<tr>\n<td>Protection Sensor<\/td>\n<td>IP 30<\/td>\n<\/tr>\n<tr>\n<td>Protection Electronic<\/td>\n<td>IP 65<\/td>\n<\/tr>\n<tr>\n<td>Protection Coupling<\/td>\n<td>IP 67<\/td>\n<\/tr>\n<tr>\n<td>Manufacturer<\/td>\n<td>Galltec<\/td>\n<\/tr>\n<\/tbody>\n<\/table>\n","protected":false},"excerpt":{"rendered":"<h3>R\u00e9f\u00e9rence<\/h3>\n<p>S42100<\/p>\n","protected":false},"featured_media":31029,"template":"","meta":[],"product_brand":[],"product_cat":[1434,1415,1335],"product_tag":[],"class_list":{"0":"post-31034","1":"product","2":"type-product","3":"status-publish","4":"has-post-thumbnail","6":"product_cat-capteur-de-temperature-et-dhumidite","7":"product_cat-capteur-de-vent","8":"product_cat-energies-renouvelables-mesure-de-lenergie-eolienne-et-solaire-fr","10":"first","11":"instock","12":"shipping-taxable","13":"product-type-simple"},"_links":{"self":[{"href":"https:\/\/airsystems.ge\/shop\/fr\/wp-json\/wp\/v2\/product\/31034","targetHints":{"allow":["GET"]}}],"collection":[{"href":"https:\/\/airsystems.ge\/shop\/fr\/wp-json\/wp\/v2\/product"}],"about":[{"href":"https:\/\/airsystems.ge\/shop\/fr\/wp-json\/wp\/v2\/types\/product"}],"wp:featuredmedia":[{"embeddable":true,"href":"https:\/\/airsystems.ge\/shop\/fr\/wp-json\/wp\/v2\/media\/31029"}],"wp:attachment":[{"href":"https:\/\/airsystems.ge\/shop\/fr\/wp-json\/wp\/v2\/media?parent=31034"}],"wp:term":[{"taxonomy":"product_brand","embeddable":true,"href":"https:\/\/airsystems.ge\/shop\/fr\/wp-json\/wp\/v2\/product_brand?post=31034"},{"taxonomy":"product_cat","embeddable":true,"href":"https:\/\/airsystems.ge\/shop\/fr\/wp-json\/wp\/v2\/product_cat?post=31034"},{"taxonomy":"product_tag","embeddable":true,"href":"https:\/\/airsystems.ge\/shop\/fr\/wp-json\/wp\/v2\/product_tag?post=31034"}],"curies":[{"name":"wp","href":"https:\/\/api.w.org\/{rel}","templated":true}]}}