{"id":31019,"date":"2025-05-11T11:30:08","date_gmt":"2025-05-11T07:30:08","guid":{"rendered":"https:\/\/airsystems.ge\/shop\/product\/temperature-humidity-sensor-galltec-kpc-active\/"},"modified":"2025-05-11T11:31:35","modified_gmt":"2025-05-11T07:31:35","slug":"temperature-humidity-sensor-galltec-kpc-active","status":"publish","type":"product","link":"https:\/\/airsystems.ge\/shop\/fr\/produit\/temperature-humidity-sensor-galltec-kpc-active\/","title":{"rendered":"Capteur de temp\u00e9rature et d&rsquo;humidit\u00e9 Galltec KPC active"},"content":{"rendered":"<ul>\n<li>Les capteurs de temp\u00e9rature et d&rsquo;humidit\u00e9 sont des capteurs compacts de type tige avec connecteur enfichable permettant de mesurer l&rsquo;humidit\u00e9 relative et la temp\u00e9rature (individuellement ou conjointement) avec une grande pr\u00e9cision dans l&rsquo;air et d&rsquo;autres gaz non agressifs.<br \/>\nLe connecteur de couplage est inclus.<br \/>\nL&rsquo;humidit\u00e9 relative est mesur\u00e9e par un \u00e9l\u00e9ment de d\u00e9tection capacitif et la valeur est \u00e9galement transmise \u00e0 la sortie analogique.<\/li>\n<\/ul>\n<table border=\"1\" width=\"684\" cellspacing=\"1\" cellpadding=\"1\">\n<tbody>\n<tr>\n<td><strong>Type<\/strong><\/td>\n<td><strong>Temperature Sensor<\/strong><\/td>\n<td><strong>Humidity Sensor<\/strong><\/td>\n<\/tr>\n<tr>\n<td>Measurement principle<\/td>\n<td>Pt100 1\/3 DIN acc. DIN EN 60751<\/td>\n<td>Capacitive<\/td>\n<\/tr>\n<tr>\n<td>Measurement range<\/td>\n<td>-30 &#8230; +70 \u00b0C<\/td>\n<td>0 &#8230; 100% RH<\/td>\n<\/tr>\n<tr>\n<td>Slope (Data Logger Meteo-40)<\/td>\n<td>100<\/td>\n<td>100<\/td>\n<\/tr>\n<tr>\n<td>Offset (Data Logger Meteo-40)<\/td>\n<td>-30<\/td>\n<td>0<\/td>\n<\/tr>\n<tr>\n<td colspan=\"3\">Accuracy<\/td>\n<\/tr>\n<tr>\n<td>Accuracy<\/td>\n<td>\u00b1 0.2 K (-27 &#8230; +80 \u00b0C)<\/td>\n<td>\u00b1 2% RH (5 &#8230; 95% RH @ 10 &#8230; 40 \u00b0C)<\/td>\n<\/tr>\n<tr>\n<td>Additional error<\/td>\n<td>\u00b1 0.007 K\/K (&lt;10 \u00b0C, &gt;40 \u00b0C)<\/td>\n<td>&lt; 0.1 %\/K (&lt;10 \u00b0C, &gt;40 \u00b0C)<\/td>\n<\/tr>\n<tr>\n<td colspan=\"3\"><strong>Operating range<\/strong><\/td>\n<\/tr>\n<tr>\n<td>Ambient temperature<\/td>\n<td colspan=\"2\" rowspan=\"1\">-40 &#8230; +80 \u00b0C<\/td>\n<\/tr>\n<tr>\n<td>Minimum air speed (across sensor)<\/td>\n<td colspan=\"2\" rowspan=\"1\">\u2265 0.5 m\/s<\/td>\n<\/tr>\n<tr>\n<td colspan=\"3\"><strong>Electrical data<\/strong><\/td>\n<\/tr>\n<tr>\n<td>Output signal<\/td>\n<td colspan=\"2\" rowspan=\"1\">0 &#8230; 1 V<\/td>\n<\/tr>\n<tr>\n<td>Operating supply<\/td>\n<td colspan=\"2\" rowspan=\"1\">6 &#8230; 30 VDC<\/td>\n<\/tr>\n<tr>\n<td>Current Consumption @ 12 V DC<\/td>\n<td colspan=\"2\" rowspan=\"1\">2 mA<\/td>\n<\/tr>\n<tr>\n<td colspan=\"3\"><strong>General<\/strong><\/td>\n<\/tr>\n<tr>\n<td>Connection<\/td>\n<td colspan=\"2\" rowspan=\"1\">7-pol plug for shielded cable<\/td>\n<\/tr>\n<tr>\n<td>Dimensions<\/td>\n<td colspan=\"2\" rowspan=\"1\">155 x \u00d8 20 mm<\/td>\n<\/tr>\n<tr>\n<td>Weight<\/td>\n<td colspan=\"2\" rowspan=\"1\">approx. 0.1 kg<\/td>\n<\/tr>\n<tr>\n<td>Protection Sensor<\/td>\n<td colspan=\"2\" rowspan=\"1\">IP 30<\/td>\n<\/tr>\n<tr>\n<td>Protection Electronic<\/td>\n<td colspan=\"2\" rowspan=\"1\">IP 65<\/td>\n<\/tr>\n<tr>\n<td>Protection Coupling<\/td>\n<td colspan=\"2\" rowspan=\"1\">IP 67<\/td>\n<\/tr>\n<tr>\n<td>Manufacturer<\/td>\n<td colspan=\"2\" rowspan=\"1\">Galltec<\/td>\n<\/tr>\n<\/tbody>\n<\/table>\n","protected":false},"excerpt":{"rendered":"<h3>R\u00e9f\u00e9rence<\/h3>\n<p>S52100<\/p>\n","protected":false},"featured_media":31014,"template":"","meta":[],"product_brand":[],"product_cat":[1434,1415,1335],"product_tag":[],"class_list":{"0":"post-31019","1":"product","2":"type-product","3":"status-publish","4":"has-post-thumbnail","6":"product_cat-capteur-de-temperature-et-dhumidite","7":"product_cat-capteur-de-vent","8":"product_cat-energies-renouvelables-mesure-de-lenergie-eolienne-et-solaire-fr","10":"first","11":"instock","12":"shipping-taxable","13":"product-type-simple"},"_links":{"self":[{"href":"https:\/\/airsystems.ge\/shop\/fr\/wp-json\/wp\/v2\/product\/31019","targetHints":{"allow":["GET"]}}],"collection":[{"href":"https:\/\/airsystems.ge\/shop\/fr\/wp-json\/wp\/v2\/product"}],"about":[{"href":"https:\/\/airsystems.ge\/shop\/fr\/wp-json\/wp\/v2\/types\/product"}],"wp:featuredmedia":[{"embeddable":true,"href":"https:\/\/airsystems.ge\/shop\/fr\/wp-json\/wp\/v2\/media\/31014"}],"wp:attachment":[{"href":"https:\/\/airsystems.ge\/shop\/fr\/wp-json\/wp\/v2\/media?parent=31019"}],"wp:term":[{"taxonomy":"product_brand","embeddable":true,"href":"https:\/\/airsystems.ge\/shop\/fr\/wp-json\/wp\/v2\/product_brand?post=31019"},{"taxonomy":"product_cat","embeddable":true,"href":"https:\/\/airsystems.ge\/shop\/fr\/wp-json\/wp\/v2\/product_cat?post=31019"},{"taxonomy":"product_tag","embeddable":true,"href":"https:\/\/airsystems.ge\/shop\/fr\/wp-json\/wp\/v2\/product_tag?post=31019"}],"curies":[{"name":"wp","href":"https:\/\/api.w.org\/{rel}","templated":true}]}}