{"id":31005,"date":"2025-05-11T11:22:24","date_gmt":"2025-05-11T07:22:24","guid":{"rendered":"https:\/\/airsystems.ge\/shop\/product\/weather-and-radiation-shield-for-air-temperature-humidity-sensor\/"},"modified":"2025-05-11T11:26:03","modified_gmt":"2025-05-11T07:26:03","slug":"weather-and-radiation-shield-for-air-temperature-humidity-sensor","status":"publish","type":"product","link":"https:\/\/airsystems.ge\/shop\/fr\/produit\/weather-and-radiation-shield-for-air-temperature-humidity-sensor\/","title":{"rendered":"Protection contre les intemp\u00e9ries et les radiations pour capteur de temp\u00e9rature et d&rsquo;humidit\u00e9 de l&rsquo;air"},"content":{"rendered":"<ul>\n<li>Face inf\u00e9rieure noir mat pour r\u00e9duire les afflux de rayonnement solaire<br \/>\nRobustesse, stabilit\u00e9 aux UV et r\u00e9sistance au brouillard salin \u00e9prouv\u00e9es<br \/>\nFacilement d\u00e9montable\u00a0; passage de c\u00e2bles suppl\u00e9mentaire<\/li>\n<\/ul>\n","protected":false},"excerpt":{"rendered":"<h3>R\u00e9f\u00e9rence\u00a0:<\/h3>\n<p>S50050<\/p>\n","protected":false},"featured_media":30994,"template":"","meta":[],"product_brand":[],"product_cat":[1434,1415,1335],"product_tag":[],"class_list":{"0":"post-31005","1":"product","2":"type-product","3":"status-publish","4":"has-post-thumbnail","6":"product_cat-capteur-de-temperature-et-dhumidite","7":"product_cat-capteur-de-vent","8":"product_cat-energies-renouvelables-mesure-de-lenergie-eolienne-et-solaire-fr","10":"first","11":"instock","12":"shipping-taxable","13":"product-type-simple"},"_links":{"self":[{"href":"https:\/\/airsystems.ge\/shop\/fr\/wp-json\/wp\/v2\/product\/31005","targetHints":{"allow":["GET"]}}],"collection":[{"href":"https:\/\/airsystems.ge\/shop\/fr\/wp-json\/wp\/v2\/product"}],"about":[{"href":"https:\/\/airsystems.ge\/shop\/fr\/wp-json\/wp\/v2\/types\/product"}],"wp:featuredmedia":[{"embeddable":true,"href":"https:\/\/airsystems.ge\/shop\/fr\/wp-json\/wp\/v2\/media\/30994"}],"wp:attachment":[{"href":"https:\/\/airsystems.ge\/shop\/fr\/wp-json\/wp\/v2\/media?parent=31005"}],"wp:term":[{"taxonomy":"product_brand","embeddable":true,"href":"https:\/\/airsystems.ge\/shop\/fr\/wp-json\/wp\/v2\/product_brand?post=31005"},{"taxonomy":"product_cat","embeddable":true,"href":"https:\/\/airsystems.ge\/shop\/fr\/wp-json\/wp\/v2\/product_cat?post=31005"},{"taxonomy":"product_tag","embeddable":true,"href":"https:\/\/airsystems.ge\/shop\/fr\/wp-json\/wp\/v2\/product_tag?post=31005"}],"curies":[{"name":"wp","href":"https:\/\/api.w.org\/{rel}","templated":true}]}}