{"id":30884,"date":"2025-05-10T22:38:11","date_gmt":"2025-05-10T18:38:11","guid":{"rendered":"https:\/\/airsystems.ge\/shop\/product\/anemometer-windspeed-vector-a100lm-pc3\/"},"modified":"2025-05-10T22:41:31","modified_gmt":"2025-05-10T18:41:31","slug":"anemometer-windspeed-vector-a100lm-pc3","status":"publish","type":"product","link":"https:\/\/airsystems.ge\/shop\/fr\/produit\/anemometer-windspeed-vector-a100lm-pc3\/","title":{"rendered":"An\u00e9mom\u00e8tre vent (Vector) A100LM\/PC3"},"content":{"rendered":"<ul>\n<li>Transmetteur opto\u00e9lectronique de vitesse du vent<br \/>\nClassifi\u00e9 selon la norme CEI<br \/>\n\u00ab\u00a0Faible consommation\u00a0\u00bb, signal de sortie haute fr\u00e9quence<br \/>\nPort\u00e9e\u00a0: 0,2 \u00e0 75\u00a0m\/s<br \/>\nR\u00e9solution\u00a0: &lt;\u00a00,5\u00a0m\/s<br \/>\nFaible consommation, sortie impulsionnelle uniquement<br \/>\nConsommation\u00a0: 1\u00a0mA en fonctionnement sur batterie.<\/p>\n<p>Principe de mesure<br \/>\nLe rotor \u00e0 3 coupelles \u00e0 faible inertie est mis en rotation par le vent. La roue est balay\u00e9e par opto\u00e9lectronique et la valeur mesur\u00e9e est disponible en sortie sous forme de signal num\u00e9rique.<\/li>\n<\/ul>\n<p><img decoding=\"async\" src=\"https:\/\/www.ammonit.com\/media\/filer_public_thumbnails\/filer_public\/e8\/6b\/e86b5083-4481-4793-a9ef-401dbb324018\/anemometer_vector_s14100-h_dimensional_drawing.png__446x405_q85_subsampling-2.png\" \/><\/p>\n<table id=\"table005\" width=\"610\">\n<thead>\n<tr>\n<th colspan=\"2\" scope=\"col\"><span style=\"font-weight: 400;\">Characteristics<\/span><\/th>\n<\/tr>\n<\/thead>\n<tbody>\n<tr>\n<td>Measurement range<\/td>\n<td>0 &#8230; 75 m\/s<\/td>\n<\/tr>\n<tr>\n<td>Accuracy<\/td>\n<td>\u00b1 0.2 m\/s (&lt;10 m\/s); \u00b1 2% of reading (&gt; 10m\/s)<\/td>\n<\/tr>\n<tr>\n<td>Resolution<\/td>\n<td>0.05 m\/s<\/td>\n<\/tr>\n<tr>\n<td>Non-Linearity<\/td>\n<td>0.4 % full-range output frequency (correction curve supplied)<\/td>\n<\/tr>\n<tr>\n<td>Starting wind speed<\/td>\n<td>0.2 m\/s<\/td>\n<\/tr>\n<tr>\n<td>Survival wind speed<\/td>\n<td>max. 75 m\/s<\/td>\n<\/tr>\n<tr>\n<td>Distance constant<\/td>\n<td>2.3 m \u00b1 10 %<\/td>\n<\/tr>\n<tr>\n<td>Ambient temperature<\/td>\n<td>-30 &#8230; +70 \u00b0C<\/td>\n<\/tr>\n<tr>\n<td>Transducer<\/td>\n<td>Interruption of optical beam<\/td>\n<\/tr>\n<tr>\n<td>Operating supply<\/td>\n<td>4.75 &#8230; 28 VDC (max 1.3 mA, average is typically less than 1 mA)<\/td>\n<\/tr>\n<tr>\n<td>Electrical output<\/td>\n<td>0 &#8230; 750 Hz<\/td>\n<\/tr>\n<tr>\n<td>Termination<\/td>\n<td>cable length 3 m<\/td>\n<\/tr>\n<tr>\n<td>Materials<\/td>\n<td>Anodized aluminium, weather-resisting plastics<\/td>\n<\/tr>\n<tr>\n<td>Weight Anemometer<\/td>\n<td>0.5 kg (Gross weight for shipping: 1 kg)<\/td>\n<\/tr>\n<tr>\n<td>Recalibration<\/td>\n<td>recommended interval every 24 months<\/td>\n<\/tr>\n<tr>\n<td>Manufacturer<\/td>\n<td>Vector Instruments \/ UK (A100LM)<\/td>\n<\/tr>\n<\/tbody>\n<\/table>\n","protected":false},"excerpt":{"rendered":"<h3>R\u00e9f\u00e9rence<\/h3>\n<p>S14100<\/p>\n","protected":false},"featured_media":30879,"template":"","meta":[],"product_brand":[],"product_cat":[1421,1415,1335],"product_tag":[],"class_list":{"0":"post-30884","1":"product","2":"type-product","3":"status-publish","4":"has-post-thumbnail","6":"product_cat-anemometre","7":"product_cat-capteur-de-vent","8":"product_cat-energies-renouvelables-mesure-de-lenergie-eolienne-et-solaire-fr","10":"first","11":"instock","12":"shipping-taxable","13":"product-type-simple"},"_links":{"self":[{"href":"https:\/\/airsystems.ge\/shop\/fr\/wp-json\/wp\/v2\/product\/30884","targetHints":{"allow":["GET"]}}],"collection":[{"href":"https:\/\/airsystems.ge\/shop\/fr\/wp-json\/wp\/v2\/product"}],"about":[{"href":"https:\/\/airsystems.ge\/shop\/fr\/wp-json\/wp\/v2\/types\/product"}],"wp:featuredmedia":[{"embeddable":true,"href":"https:\/\/airsystems.ge\/shop\/fr\/wp-json\/wp\/v2\/media\/30879"}],"wp:attachment":[{"href":"https:\/\/airsystems.ge\/shop\/fr\/wp-json\/wp\/v2\/media?parent=30884"}],"wp:term":[{"taxonomy":"product_brand","embeddable":true,"href":"https:\/\/airsystems.ge\/shop\/fr\/wp-json\/wp\/v2\/product_brand?post=30884"},{"taxonomy":"product_cat","embeddable":true,"href":"https:\/\/airsystems.ge\/shop\/fr\/wp-json\/wp\/v2\/product_cat?post=30884"},{"taxonomy":"product_tag","embeddable":true,"href":"https:\/\/airsystems.ge\/shop\/fr\/wp-json\/wp\/v2\/product_tag?post=30884"}],"curies":[{"name":"wp","href":"https:\/\/api.w.org\/{rel}","templated":true}]}}