{"id":30705,"date":"2025-05-06T08:23:47","date_gmt":"2025-05-06T04:23:47","guid":{"rendered":"https:\/\/airsystems.ge\/shop\/product\/bz30-co2-air-quality-data-logger-for-autonomous-long-term-recording-of-indoor-air-quality\/"},"modified":"2025-05-06T08:28:06","modified_gmt":"2025-05-06T04:28:06","slug":"bz30-co2-air-quality-data-logger-for-autonomous-long-term-recording-of-indoor-air-quality","status":"publish","type":"product","link":"https:\/\/airsystems.ge\/shop\/fr\/produit\/bz30-co2-air-quality-data-logger-for-autonomous-long-term-recording-of-indoor-air-quality\/","title":{"rendered":"Enregistreur de donn\u00e9es CO2 BZ30 pour la qualit\u00e9 de l&rsquo;air  Pour un enregistrement autonome et \u00e0 long terme de la qualit\u00e9 de l&rsquo;air int\u00e9rieur"},"content":{"rendered":"<h2 class=\"\">Avantages pratiques :<\/h2>\n<ul class=\"list-grid grid-md-2 csc-default csc-bulletlist-1-a\">\n<li class=\"column\">Mesure NDIR pr\u00e9cise et stable en permanence des concentrations de dioxyde de carbone dans l&rsquo;air ambiant<br \/>\nAffichage simultan\u00e9 des valeurs de CO2, de la temp\u00e9rature ambiante, de l&rsquo;humidit\u00e9, de la date et de l&rsquo;heure<br \/>\nFonction de valeurs minimales et maximales pour le CO2, la temp\u00e9rature et l&rsquo;humidit\u00e9 de l&rsquo;air<br \/>\nCalibrage automatique de la ligne de base<br \/>\nFonction d&rsquo;alarme de dioxyde de carbone avec signal sonore pour des valeurs limites librement d\u00e9finissables<br \/>\nAffichage symbolique suppl\u00e9mentaire de l&rsquo;indicateur de CO2<br \/>\nGrand \u00e9cran r\u00e9tro\u00e9clair\u00e9 avec affichage des valeurs mesur\u00e9es bien lisible<br \/>\nEnregistrement autonome et \u00e0 long terme de la concentration de dioxyde de carbone, de la temp\u00e9rature ambiante et de l&rsquo;humidit\u00e9<br \/>\nStockage de 50\u00a0000 valeurs mesur\u00e9es<br \/>\nIntervalle d&rsquo;enregistrement librement d\u00e9finissable de 1 seconde \u00e0 12 heures<br \/>\nInterface USB pour le transfert des donn\u00e9es de mesure<br \/>\nPossibilit\u00e9 d&rsquo;installation sur pied ou au mur<br \/>\nLogiciel d&rsquo;analyse PC<\/li>\n<\/ul>\n<table id=\"t2681989779ec5b\" class=\"tech\" cellspacing=\"0\" cellpadding=\"0\">\n<thead>\n<tr class=\"titlerow\">\n<th class=\"color\" colspan=\"3\"><span style=\"font-weight: 400;\">Technical data<\/span><\/th>\n<\/tr>\n<\/thead>\n<tbody>\n<tr class=\"headerrow\">\n<th colspan=\"3\"><span style=\"font-weight: 400;\">General information<\/span><\/th>\n<\/tr>\n<tr class=\"odd\">\n<th width=\"30%\"><span style=\"font-weight: 400;\">\u00a0<\/span><\/th>\n<th width=\"30%\"><span style=\"font-weight: 400;\">Article number<\/span><\/th>\n<td width=\"40%\">3.510.205.015<\/td>\n<\/tr>\n<tr class=\"headerrow\">\n<th colspan=\"3\"><span style=\"font-weight: 400;\">Air temperature [\u00b0C]<\/span><\/th>\n<\/tr>\n<tr class=\"odd\">\n<th width=\"30%\"><span style=\"font-weight: 400;\">\u00a0<\/span><\/th>\n<th width=\"30%\"><span style=\"font-weight: 400;\">Measuring principle | Air temperature<\/span><\/th>\n<td width=\"40%\">NTC<\/td>\n<\/tr>\n<tr class=\"even\">\n<th width=\"30%\"><span style=\"font-weight: 400;\">\u00a0<\/span><\/th>\n<th width=\"30%\"><span style=\"font-weight: 400;\">Min. measuring range | Air temperature [\u00b0C]<\/span><\/th>\n<td width=\"40%\">-5<\/td>\n<\/tr>\n<tr class=\"odd\">\n<th width=\"30%\"><span style=\"font-weight: 400;\">\u00a0<\/span><\/th>\n<th width=\"30%\"><span style=\"font-weight: 400;\">Max. measuring range | Air temperature [\u00b0C]<\/span><\/th>\n<td width=\"40%\">50<\/td>\n<\/tr>\n<tr class=\"even\">\n<th width=\"30%\"><span style=\"font-weight: 400;\">\u00a0<\/span><\/th>\n<th width=\"30%\"><span style=\"font-weight: 400;\">Display resolution [\u00b0C]<\/span><\/th>\n<td width=\"40%\">0.1<\/td>\n<\/tr>\n<tr class=\"odd\">\n<th width=\"30%\"><span style=\"font-weight: 400;\">\u00a0<\/span><\/th>\n<th width=\"30%\"><span style=\"font-weight: 400;\">Accuracy \u00b1 | Air temperature [\u00b0C]<\/span><\/th>\n<td width=\"40%\">1<\/td>\n<\/tr>\n<tr class=\"headerrow\">\n<th colspan=\"3\"><span style=\"font-weight: 400;\">Air temperature [\u00b0F]<\/span><\/th>\n<\/tr>\n<tr class=\"odd\">\n<th width=\"30%\"><span style=\"font-weight: 400;\">\u00a0<\/span><\/th>\n<th width=\"30%\"><span style=\"font-weight: 400;\">Min. measuring range | Air temperature [\u00b0F]<\/span><\/th>\n<td width=\"40%\">23<\/td>\n<\/tr>\n<tr class=\"even\">\n<th width=\"30%\"><span style=\"font-weight: 400;\">\u00a0<\/span><\/th>\n<th width=\"30%\"><span style=\"font-weight: 400;\">Max. measuring range | Air temperature [\u00b0F]<\/span><\/th>\n<td width=\"40%\">122<\/td>\n<\/tr>\n<tr class=\"odd\">\n<th width=\"30%\"><span style=\"font-weight: 400;\">\u00a0<\/span><\/th>\n<th width=\"30%\"><span style=\"font-weight: 400;\">Display resolution [\u00b0F]<\/span><\/th>\n<td width=\"40%\">0.1<\/td>\n<\/tr>\n<tr class=\"even\">\n<th width=\"30%\"><span style=\"font-weight: 400;\">\u00a0<\/span><\/th>\n<th width=\"30%\"><span style=\"font-weight: 400;\">Accuracy \u00b1 | Air temperature [\u00b0F]<\/span><\/th>\n<td width=\"40%\">1.8<\/td>\n<\/tr>\n<tr class=\"headerrow\">\n<th colspan=\"3\"><span style=\"font-weight: 400;\">Relative humidity<\/span><\/th>\n<\/tr>\n<tr class=\"odd\">\n<th width=\"30%\"><span style=\"font-weight: 400;\">\u00a0<\/span><\/th>\n<th width=\"30%\"><span style=\"font-weight: 400;\">Min. measuring range [% RH]<\/span><\/th>\n<td width=\"40%\">0.1<\/td>\n<\/tr>\n<tr class=\"even\">\n<th width=\"30%\"><span style=\"font-weight: 400;\">\u00a0<\/span><\/th>\n<th width=\"30%\"><span style=\"font-weight: 400;\">Max. measuring range [% RH]<\/span><\/th>\n<td width=\"40%\">99.9<\/td>\n<\/tr>\n<tr class=\"odd\">\n<th width=\"30%\"><span style=\"font-weight: 400;\">\u00a0<\/span><\/th>\n<th width=\"30%\"><span style=\"font-weight: 400;\">Display resolution [% RH]<\/span><\/th>\n<td width=\"40%\">0.1<\/td>\n<\/tr>\n<tr class=\"even\">\n<th width=\"30%\"><span style=\"font-weight: 400;\">\u00a0<\/span><\/th>\n<th width=\"30%\"><span style=\"font-weight: 400;\">Accuracy [% RH]<\/span><\/th>\n<td width=\"40%\">5<\/td>\n<\/tr>\n<tr class=\"headerrow\">\n<th colspan=\"3\"><span style=\"font-weight: 400;\">CO<sub>2<\/sub>\u00a0concentration<\/span><\/th>\n<\/tr>\n<tr class=\"odd\">\n<th width=\"30%\"><span style=\"font-weight: 400;\">\u00a0<\/span><\/th>\n<th width=\"30%\"><span style=\"font-weight: 400;\">Measuring principle<\/span><\/th>\n<td width=\"40%\">NDIR<\/td>\n<\/tr>\n<tr class=\"even\">\n<th width=\"30%\"><span style=\"font-weight: 400;\">\u00a0<\/span><\/th>\n<th width=\"30%\"><span style=\"font-weight: 400;\">Min. measuring range | Carbon dioxide [ppm]<\/span><\/th>\n<td width=\"40%\">0<\/td>\n<\/tr>\n<tr class=\"odd\">\n<th width=\"30%\"><span style=\"font-weight: 400;\">\u00a0<\/span><\/th>\n<th width=\"30%\"><span style=\"font-weight: 400;\">Max. measuring range | Carbon dioxide [ppm]<\/span><\/th>\n<td width=\"40%\">9,999<\/td>\n<\/tr>\n<tr class=\"even\">\n<th width=\"30%\"><span style=\"font-weight: 400;\">\u00a0<\/span><\/th>\n<th width=\"30%\"><span style=\"font-weight: 400;\">Accuracy | Carbon dioxide [ppm]<\/span><\/th>\n<td width=\"40%\">75<\/td>\n<\/tr>\n<tr class=\"odd\">\n<th width=\"30%\"><span style=\"font-weight: 400;\">\u00a0<\/span><\/th>\n<th width=\"30%\"><span style=\"font-weight: 400;\">Accuracy | Carbon dioxide [%]<\/span><\/th>\n<td width=\"40%\">5<\/td>\n<\/tr>\n<tr class=\"even\">\n<th width=\"30%\"><span style=\"font-weight: 400;\">\u00a0<\/span><\/th>\n<th width=\"30%\"><span style=\"font-weight: 400;\">Accuracy<\/span><\/th>\n<td width=\"40%\">\u00b175 ppm \/ \u00b15\u00a0%<\/td>\n<\/tr>\n<tr class=\"odd\">\n<th width=\"30%\"><span style=\"font-weight: 400;\">\u00a0<\/span><\/th>\n<th width=\"30%\"><span style=\"font-weight: 400;\">Display resolution [ppm]<\/span><\/th>\n<td width=\"40%\">1<\/td>\n<\/tr>\n<tr class=\"headerrow\">\n<th colspan=\"3\"><span style=\"font-weight: 400;\">Display<\/span><\/th>\n<\/tr>\n<tr class=\"odd\">\n<th width=\"30%\"><span style=\"font-weight: 400;\">\u00a0<\/span><\/th>\n<th width=\"30%\"><span style=\"font-weight: 400;\">LCD<\/span><\/th>\n<td width=\"40%\"><\/td>\n<\/tr>\n<tr class=\"headerrow\">\n<th colspan=\"3\"><span style=\"font-weight: 400;\">Memory organisation<\/span><\/th>\n<\/tr>\n<tr class=\"odd\">\n<th width=\"30%\"><span style=\"font-weight: 400;\">\u00a0<\/span><\/th>\n<th width=\"30%\"><span style=\"font-weight: 400;\">Sampling interval<\/span><\/th>\n<td width=\"40%\">&gt; 1 s<\/td>\n<\/tr>\n<tr class=\"even\">\n<th width=\"30%\"><span style=\"font-weight: 400;\">\u00a0<\/span><\/th>\n<th width=\"30%\"><span style=\"font-weight: 400;\">Saving interval<\/span><\/th>\n<td width=\"40%\">&gt; 1 s<\/td>\n<\/tr>\n<tr class=\"odd\">\n<th width=\"30%\"><span style=\"font-weight: 400;\">\u00a0<\/span><\/th>\n<th width=\"30%\"><span style=\"font-weight: 400;\">Memory<\/span><\/th>\n<td width=\"40%\">50,000 Measured values<\/td>\n<\/tr>\n<tr class=\"headerrow\">\n<th colspan=\"3\"><span style=\"font-weight: 400;\">Interface<\/span><\/th>\n<\/tr>\n<tr class=\"odd\">\n<th width=\"30%\"><span style=\"font-weight: 400;\">\u00a0<\/span><\/th>\n<th width=\"30%\"><span style=\"font-weight: 400;\">USB<\/span><\/th>\n<td width=\"40%\"><\/td>\n<\/tr>\n<tr class=\"headerrow\">\n<th colspan=\"3\"><span style=\"font-weight: 400;\">Device control<\/span><\/th>\n<\/tr>\n<tr class=\"odd\">\n<th width=\"30%\"><span style=\"font-weight: 400;\">\u00a0<\/span><\/th>\n<th width=\"30%\"><span style=\"font-weight: 400;\">Push buttons<\/span><\/th>\n<td width=\"40%\"><\/td>\n<\/tr>\n<tr class=\"headerrow\">\n<th colspan=\"3\"><span style=\"font-weight: 400;\">Housing design<\/span><\/th>\n<\/tr>\n<tr class=\"odd\">\n<th width=\"30%\"><span style=\"font-weight: 400;\">\u00a0<\/span><\/th>\n<th width=\"30%\"><span style=\"font-weight: 400;\">Plastics<\/span><\/th>\n<td width=\"40%\"><\/td>\n<\/tr>\n<tr class=\"headerrow\">\n<th colspan=\"3\"><span style=\"font-weight: 400;\">Power supply<\/span><\/th>\n<\/tr>\n<tr class=\"odd\">\n<th width=\"30%\"><span style=\"font-weight: 400;\">\u00a0<\/span><\/th>\n<th width=\"30%\"><span style=\"font-weight: 400;\">Internal (battery)<\/span><\/th>\n<td width=\"40%\">1\u00a0x 3.7 V Li-ion battery or 230\u00a0V power adapter<\/td>\n<\/tr>\n<tr class=\"even\">\n<th width=\"30%\"><span style=\"font-weight: 400;\">\u00a0<\/span><\/th>\n<th width=\"30%\"><span style=\"font-weight: 400;\">Connection plug<\/span><\/th>\n<td width=\"40%\">Eurostecker EN50075<\/td>\n<\/tr>\n<tr class=\"headerrow\">\n<th colspan=\"3\"><span style=\"font-weight: 400;\">Dimensions<\/span><\/th>\n<\/tr>\n<tr class=\"odd\">\n<th width=\"30%\"><span style=\"font-weight: 400;\">\u00a0<\/span><\/th>\n<th width=\"30%\"><span style=\"font-weight: 400;\">Length (packaging excluded) [mm]<\/span><\/th>\n<td width=\"40%\">90<\/td>\n<\/tr>\n<tr class=\"even\">\n<th width=\"30%\"><span style=\"font-weight: 400;\">\u00a0<\/span><\/th>\n<th width=\"30%\"><span style=\"font-weight: 400;\">Width (packaging excluded) [mm]<\/span><\/th>\n<td width=\"40%\">110<\/td>\n<\/tr>\n<tr class=\"odd\">\n<th width=\"30%\"><span style=\"font-weight: 400;\">\u00a0<\/span><\/th>\n<th width=\"30%\"><span style=\"font-weight: 400;\">Height (packaging excluded) [mm]<\/span><\/th>\n<td width=\"40%\">98<\/td>\n<\/tr>\n<tr class=\"headerrow\">\n<th colspan=\"3\"><span style=\"font-weight: 400;\">Weight<\/span><\/th>\n<\/tr>\n<tr class=\"odd\">\n<th width=\"30%\"><span style=\"font-weight: 400;\">\u00a0<\/span><\/th>\n<th width=\"30%\"><span style=\"font-weight: 400;\">(packaging excluded) [kg]<\/span><\/th>\n<td width=\"40%\">0.245<\/td>\n<\/tr>\n<\/tbody>\n<thead>\n<tr class=\"titlerow\">\n<th class=\"color\" colspan=\"3\"><span style=\"font-weight: 400;\">Standard scope of delivery<\/span><\/th>\n<\/tr>\n<\/thead>\n<tbody>\n<tr class=\"headerrow\">\n<th colspan=\"3\"><span style=\"font-weight: 400;\">Standard scope of delivery<\/span><\/th>\n<\/tr>\n<tr class=\"odd\">\n<th width=\"30%\"><span style=\"font-weight: 400;\">\u00a0<\/span><\/th>\n<th width=\"30%\"><span style=\"font-weight: 400;\">Measuring device<\/span><\/th>\n<td width=\"40%\"><\/td>\n<\/tr>\n<tr class=\"even\">\n<th width=\"30%\"><span style=\"font-weight: 400;\">\u00a0<\/span><\/th>\n<th width=\"30%\"><span style=\"font-weight: 400;\">Battery(-ies)<\/span><\/th>\n<td width=\"40%\"><\/td>\n<\/tr>\n<tr class=\"odd\">\n<th width=\"30%\"><span style=\"font-weight: 400;\">\u00a0<\/span><\/th>\n<th width=\"30%\"><span style=\"font-weight: 400;\">Power adapter<\/span><\/th>\n<td width=\"40%\"><\/td>\n<\/tr>\n<tr class=\"even\">\n<th width=\"30%\"><span style=\"font-weight: 400;\">\u00a0<\/span><\/th>\n<th width=\"30%\"><span style=\"font-weight: 400;\">USB connection cable<\/span><\/th>\n<td width=\"40%\"><\/td>\n<\/tr>\n<tr class=\"odd\">\n<th width=\"30%\"><span style=\"font-weight: 400;\">\u00a0<\/span><\/th>\n<th width=\"30%\"><span style=\"font-weight: 400;\">PC software (download)<\/span><\/th>\n<td width=\"40%\"><\/td>\n<\/tr>\n<tr class=\"even\">\n<th width=\"30%\"><span style=\"font-weight: 400;\">\u00a0<\/span><\/th>\n<th width=\"30%\"><span style=\"font-weight: 400;\">Operating manual<\/span><\/th>\n<td width=\"40%\"><\/td>\n<\/tr>\n<\/tbody>\n<thead>\n<tr class=\"titlerow\">\n<th class=\"color\" colspan=\"3\"><span style=\"font-weight: 400;\">Ascertainable measured values and functions<\/span><\/th>\n<\/tr>\n<\/thead>\n<tbody>\n<tr class=\"headerrow\">\n<th colspan=\"3\"><span style=\"font-weight: 400;\">Internal sensors<\/span><\/th>\n<\/tr>\n<tr class=\"odd\">\n<th width=\"30%\"><span style=\"font-weight: 400;\">\u00a0<\/span><\/th>\n<th width=\"30%\"><span style=\"font-weight: 400;\">Relative humidity [%]<\/span><\/th>\n<td width=\"40%\"><\/td>\n<\/tr>\n<tr class=\"even\">\n<th width=\"30%\"><span style=\"font-weight: 400;\">\u00a0<\/span><\/th>\n<th width=\"30%\"><span style=\"font-weight: 400;\">CO<sub>2<\/sub>\u00a0concentration [ppm]<\/span><\/th>\n<td width=\"40%\"><\/td>\n<\/tr>\n<tr class=\"odd\">\n<th width=\"30%\"><span style=\"font-weight: 400;\">\u00a0<\/span><\/th>\n<th width=\"30%\"><span style=\"font-weight: 400;\">Air temperature [\u00b0C]<\/span><\/th>\n<td width=\"40%\"><\/td>\n<\/tr>\n<tr class=\"even\">\n<th width=\"30%\"><span style=\"font-weight: 400;\">\u00a0<\/span><\/th>\n<th width=\"30%\"><span style=\"font-weight: 400;\">Air temperature [\u00b0F]<\/span><\/th>\n<td width=\"40%\"><\/td>\n<\/tr>\n<tr class=\"headerrow\">\n<th colspan=\"3\"><span style=\"font-weight: 400;\">Functions and features<\/span><\/th>\n<\/tr>\n<tr class=\"odd\">\n<th width=\"30%\"><span style=\"font-weight: 400;\">\u00a0<\/span><\/th>\n<th width=\"30%\"><span style=\"font-weight: 400;\">Minimum value display<\/span><\/th>\n<td width=\"40%\"><\/td>\n<\/tr>\n<tr class=\"even\">\n<th width=\"30%\"><span style=\"font-weight: 400;\">\u00a0<\/span><\/th>\n<th width=\"30%\"><span style=\"font-weight: 400;\">Maximum value display<\/span><\/th>\n<td width=\"40%\"><\/td>\n<\/tr>\n<tr class=\"odd\">\n<th width=\"30%\"><span style=\"font-weight: 400;\">\u00a0<\/span><\/th>\n<th width=\"30%\"><span style=\"font-weight: 400;\">Measured value hold function<\/span><\/th>\n<td width=\"40%\"><\/td>\n<\/tr>\n<tr class=\"even\">\n<th width=\"30%\"><span style=\"font-weight: 400;\">\u00a0<\/span><\/th>\n<th width=\"30%\"><span style=\"font-weight: 400;\">Automatic Baseline Calibration<\/span><\/th>\n<td width=\"40%\"><\/td>\n<\/tr>\n<tr class=\"odd\">\n<th width=\"30%\"><span style=\"font-weight: 400;\">\u00a0<\/span><\/th>\n<th width=\"30%\"><span style=\"font-weight: 400;\">Switching function \u00b0C\/\u00b0F<\/span><\/th>\n<td width=\"40%\"><\/td>\n<\/tr>\n<tr class=\"even\">\n<th width=\"30%\"><span style=\"font-weight: 400;\">\u00a0<\/span><\/th>\n<th width=\"30%\"><span style=\"font-weight: 400;\">Backlit display<\/span><\/th>\n<td width=\"40%\"><\/td>\n<\/tr>\n<tr class=\"odd\">\n<th width=\"30%\"><span style=\"font-weight: 400;\">\u00a0<\/span><\/th>\n<th width=\"30%\"><span style=\"font-weight: 400;\">CO<sub>2<\/sub>acoustic alarm function<\/span><\/th>\n<td width=\"40%\"><\/td>\n<\/tr>\n<tr class=\"even\">\n<th width=\"30%\"><span style=\"font-weight: 400;\">\u00a0<\/span><\/th>\n<th width=\"30%\"><span style=\"font-weight: 400;\">CO<sub>2<\/sub>sensor<\/span><\/th>\n<td width=\"40%\"><\/td>\n<\/tr>\n<tr class=\"odd\">\n<th width=\"30%\"><span style=\"font-weight: 400;\">\u00a0<\/span><\/th>\n<th width=\"30%\"><span style=\"font-weight: 400;\">Feel-good indication<\/span><\/th>\n<td width=\"40%\"><\/td>\n<\/tr>\n<tr class=\"even\">\n<th width=\"30%\"><span style=\"font-weight: 400;\">\u00a0<\/span><\/th>\n<th width=\"30%\"><span style=\"font-weight: 400;\">Date<\/span><\/th>\n<td width=\"40%\"><\/td>\n<\/tr>\n<tr class=\"odd\">\n<th width=\"30%\"><span style=\"font-weight: 400;\">\u00a0<\/span><\/th>\n<th width=\"30%\"><span style=\"font-weight: 400;\">Time<\/span><\/th>\n<td width=\"40%\"><\/td>\n<\/tr>\n<\/tbody>\n<\/table>\n","protected":false},"excerpt":{"rendered":"<div class=\"csc-header csc-header-n1\">\n<h2 class=\"csc-firstHeader\">Enregistrement autonome et \u00e0 long terme de la concentration de dioxyde de carbone, de la temp\u00e9rature ambiante et de l&rsquo;humidit\u00e9<\/h2>\n<\/div>\n<p>Cet enregistreur de donn\u00e9es CO2 pour la qualit\u00e9 de l&rsquo;air est l&rsquo;appareil de mesure combin\u00e9 id\u00e9al pour les architectes, les experts et Tout installateur de chauffage, de ventilation et de climatisation.<\/p>\n<p>Le BZ30 offre toutes les fonctionnalit\u00e9s et caract\u00e9ristiques du BZ25 et dispose d&rsquo;une m\u00e9moire de donn\u00e9es importante pouvant contenir 50\u00a0000 valeurs mesur\u00e9es pour l&rsquo;enregistrement longue dur\u00e9e des concentrations de dioxyde de carbone, de la temp\u00e9rature et de l&rsquo;humidit\u00e9 de l&rsquo;air, \u00e0 des intervalles de mesure librement d\u00e9finissables de 1 seconde \u00e0 12 heures.<\/p>\n<p>Les donn\u00e9es enregistr\u00e9es peuvent \u00eatre facilement transf\u00e9r\u00e9es vers le PC connect\u00e9 via une connexion USB rapide, puis analys\u00e9es et enregistr\u00e9es \u00e0 l&rsquo;aide du logiciel d&rsquo;analyse fourni.<\/p>\n<p>Gr\u00e2ce \u00e0 sa batterie Li-Ion int\u00e9gr\u00e9e, le BZ30 convient \u00e9galement \u00e0 une utilisation mobile, en plus d&rsquo;une installation fixe sur table.<\/p>\n<p>L&rsquo;enregistrement simultan\u00e9 des valeurs d&rsquo;humidit\u00e9, de temp\u00e9rature et de concentration de CO2 offre aux gestionnaires immobiliers et aux propri\u00e9taires des possibilit\u00e9s optimales de suivi des habitudes de ventilation.<\/p>\n","protected":false},"featured_media":30700,"template":"","meta":[],"product_brand":[],"product_cat":[420,421,427],"product_tag":[],"class_list":{"0":"post-30705","1":"product","2":"type-product","3":"status-publish","4":"has-post-thumbnail","6":"product_cat-trotec-fr","7":"product_cat-mesure-outils-instruments-appareils","8":"product_cat-enregistreurs-de-donnees","10":"first","11":"instock","12":"sale","13":"shipping-taxable","14":"purchasable","15":"product-type-simple"},"_links":{"self":[{"href":"https:\/\/airsystems.ge\/shop\/fr\/wp-json\/wp\/v2\/product\/30705","targetHints":{"allow":["GET"]}}],"collection":[{"href":"https:\/\/airsystems.ge\/shop\/fr\/wp-json\/wp\/v2\/product"}],"about":[{"href":"https:\/\/airsystems.ge\/shop\/fr\/wp-json\/wp\/v2\/types\/product"}],"wp:featuredmedia":[{"embeddable":true,"href":"https:\/\/airsystems.ge\/shop\/fr\/wp-json\/wp\/v2\/media\/30700"}],"wp:attachment":[{"href":"https:\/\/airsystems.ge\/shop\/fr\/wp-json\/wp\/v2\/media?parent=30705"}],"wp:term":[{"taxonomy":"product_brand","embeddable":true,"href":"https:\/\/airsystems.ge\/shop\/fr\/wp-json\/wp\/v2\/product_brand?post=30705"},{"taxonomy":"product_cat","embeddable":true,"href":"https:\/\/airsystems.ge\/shop\/fr\/wp-json\/wp\/v2\/product_cat?post=30705"},{"taxonomy":"product_tag","embeddable":true,"href":"https:\/\/airsystems.ge\/shop\/fr\/wp-json\/wp\/v2\/product_tag?post=30705"}],"curies":[{"name":"wp","href":"https:\/\/api.w.org\/{rel}","templated":true}]}}