{"id":30654,"date":"2025-05-06T08:06:06","date_gmt":"2025-05-06T04:06:06","guid":{"rendered":"https:\/\/airsystems.ge\/shop\/product\/bl30-climate-data-logger\/"},"modified":"2025-05-06T08:14:27","modified_gmt":"2025-05-06T04:14:27","slug":"bl30-climate-data-logger","status":"publish","type":"product","link":"https:\/\/airsystems.ge\/shop\/fr\/produit\/bl30-climate-data-logger\/","title":{"rendered":"Enregistreur de donn\u00e9es climatiques BL30"},"content":{"rendered":"<ul class=\"list-grid grid-md-2 csc-default csc-bulletlist-1-a\">\n<li class=\"column\"><strong>Avantages pratiques\u00a0:<\/strong><\/li>\n<\/ul>\n<ul class=\"list-grid grid-md-2 csc-default csc-bulletlist-1-a\">\n<li class=\"column\">Enregistrement autonome et longue dur\u00e9e des donn\u00e9es climatiques<br \/>\nStockage de 32\u00a0000 valeurs mesur\u00e9es<br \/>\nIntervalle d&rsquo;enregistrement librement d\u00e9finissable de 1\u00a0seconde \u00e0 24\u00a0heures<br \/>\nFonction d&rsquo;alarme<br \/>\nAffichage des valeurs minimales et maximales, avec heure et date<br \/>\nInterface USB pour le transfert des donn\u00e9es de mesure<br \/>\nLogiciel d&rsquo;analyse PC<br \/>\nCompatible avec le logiciel MultiMeasure Studio Pro<br \/>\nSupport mural avec cadenas \u00e0 combinaison verrouillable<br \/>\nExcellent rapport qualit\u00e9-prix<\/li>\n<\/ul>\n<table id=\"t26819883283696\" class=\"tech\" cellspacing=\"0\" cellpadding=\"0\">\n<tbody>\n<tr class=\"headerrow\">\n<th colspan=\"3\">General information<\/th>\n<\/tr>\n<tr class=\"odd\">\n<th width=\"30%\"><\/th>\n<th width=\"30%\">Article number<\/th>\n<td width=\"40%\">3.510.205.520<\/td>\n<\/tr>\n<tr class=\"headerrow\">\n<th colspan=\"3\">Air temperature [\u00b0C]<\/th>\n<\/tr>\n<tr class=\"odd\">\n<th width=\"30%\"><\/th>\n<th width=\"30%\">Measuring principle | Air temperature<\/th>\n<td width=\"40%\">NTC<\/td>\n<\/tr>\n<tr class=\"even\">\n<th width=\"30%\"><\/th>\n<th width=\"30%\">Min. measuring range | Air temperature [\u00b0C]<\/th>\n<td width=\"40%\">-40<\/td>\n<\/tr>\n<tr class=\"odd\">\n<th width=\"30%\"><\/th>\n<th width=\"30%\">Max. measuring range | Air temperature [\u00b0C]<\/th>\n<td width=\"40%\">70<\/td>\n<\/tr>\n<tr class=\"even\">\n<th width=\"30%\"><\/th>\n<th width=\"30%\">Accuracy \u00b1 | Air temperature [\u00b0C]<\/th>\n<td width=\"40%\">2<\/td>\n<\/tr>\n<tr class=\"odd\">\n<th width=\"30%\"><\/th>\n<th width=\"30%\">Display resolution [\u00b0C]<\/th>\n<td width=\"40%\">0.1<\/td>\n<\/tr>\n<tr class=\"headerrow\">\n<th colspan=\"3\">Air temperature [\u00b0F]<\/th>\n<\/tr>\n<tr class=\"odd\">\n<th width=\"30%\"><\/th>\n<th width=\"30%\">Min. measuring range | Air temperature [\u00b0F]<\/th>\n<td width=\"40%\">-40<\/td>\n<\/tr>\n<tr class=\"even\">\n<th width=\"30%\"><\/th>\n<th width=\"30%\">Max. measuring range | Air temperature [\u00b0F]<\/th>\n<td width=\"40%\">158<\/td>\n<\/tr>\n<tr class=\"odd\">\n<th width=\"30%\"><\/th>\n<th width=\"30%\">Display resolution [\u00b0F]<\/th>\n<td width=\"40%\">0.1<\/td>\n<\/tr>\n<tr class=\"even\">\n<th width=\"30%\"><\/th>\n<th width=\"30%\">Accuracy \u00b1 | Air temperature [\u00b0F]<\/th>\n<td width=\"40%\">3.6<\/td>\n<\/tr>\n<tr class=\"headerrow\">\n<th colspan=\"3\">Relative humidity<\/th>\n<\/tr>\n<tr class=\"odd\">\n<th width=\"30%\"><\/th>\n<th width=\"30%\">Min. measuring range [% RH]<\/th>\n<td width=\"40%\">0<\/td>\n<\/tr>\n<tr class=\"even\">\n<th width=\"30%\"><\/th>\n<th width=\"30%\">Max. measuring range [% RH]<\/th>\n<td width=\"40%\">100<\/td>\n<\/tr>\n<tr class=\"odd\">\n<th width=\"30%\"><\/th>\n<th width=\"30%\">Accuracy \u00b1 [% r.F.]<\/th>\n<td width=\"40%\">3.5<\/td>\n<\/tr>\n<tr class=\"even\">\n<th width=\"30%\"><\/th>\n<th width=\"30%\">Display resolution [% RH]<\/th>\n<td width=\"40%\">0.1<\/td>\n<\/tr>\n<tr class=\"headerrow\">\n<th colspan=\"3\">Display<\/th>\n<\/tr>\n<tr class=\"odd\">\n<th width=\"30%\"><\/th>\n<th width=\"30%\">LCD<\/th>\n<td width=\"40%\"><\/td>\n<\/tr>\n<tr class=\"even\">\n<th width=\"30%\"><\/th>\n<th width=\"30%\">Monochrome<\/th>\n<td width=\"40%\"><\/td>\n<\/tr>\n<tr class=\"headerrow\">\n<th colspan=\"3\">Memory organisation<\/th>\n<\/tr>\n<tr class=\"odd\">\n<th width=\"30%\"><\/th>\n<th width=\"30%\">Sampling interval<\/th>\n<td width=\"40%\">as of 1 s<\/td>\n<\/tr>\n<tr class=\"even\">\n<th width=\"30%\"><\/th>\n<th width=\"30%\">Saving interval<\/th>\n<td width=\"40%\">as of 1 s<\/td>\n<\/tr>\n<tr class=\"odd\">\n<th width=\"30%\"><\/th>\n<th width=\"30%\">Memory<\/th>\n<td width=\"40%\">32,000 Measured values, (16,000 each for temperature and humidity)<\/td>\n<\/tr>\n<tr class=\"headerrow\">\n<th colspan=\"3\">Interface<\/th>\n<\/tr>\n<tr class=\"odd\">\n<th width=\"30%\"><\/th>\n<th width=\"30%\">USB<\/th>\n<td width=\"40%\"><\/td>\n<\/tr>\n<tr class=\"headerrow\">\n<th colspan=\"3\">Housing design<\/th>\n<\/tr>\n<tr class=\"odd\">\n<th width=\"30%\"><\/th>\n<th width=\"30%\">Plastics<\/th>\n<td width=\"40%\"><\/td>\n<\/tr>\n<tr class=\"headerrow\">\n<th colspan=\"3\">Power supply<\/th>\n<\/tr>\n<tr class=\"odd\">\n<th width=\"30%\"><\/th>\n<th width=\"30%\">Internal (battery)<\/th>\n<td width=\"40%\">1 x 3.6 V Li-SOCL<sub>2<\/sub>, 14.250<\/td>\n<\/tr>\n<tr class=\"headerrow\">\n<th colspan=\"3\">Dimensions<\/th>\n<\/tr>\n<tr class=\"odd\">\n<th width=\"30%\"><\/th>\n<th width=\"30%\">Length (packaging excluded) [mm]<\/th>\n<td width=\"40%\">94<\/td>\n<\/tr>\n<tr class=\"even\">\n<th width=\"30%\"><\/th>\n<th width=\"30%\">Width (packaging excluded) [mm]<\/th>\n<td width=\"40%\">32<\/td>\n<\/tr>\n<tr class=\"odd\">\n<th width=\"30%\"><\/th>\n<th width=\"30%\">Height (packaging excluded) [mm]<\/th>\n<td width=\"40%\">50<\/td>\n<\/tr>\n<tr class=\"headerrow\">\n<th colspan=\"3\">Weight<\/th>\n<\/tr>\n<tr class=\"odd\">\n<th width=\"30%\"><\/th>\n<th width=\"30%\">(packaging excluded) [kg]<\/th>\n<td width=\"40%\">0.091<\/td>\n<\/tr>\n<\/tbody>\n<thead>\n<tr class=\"titlerow\">\n<th class=\"color\" colspan=\"3\">Standard scope of delivery<\/th>\n<\/tr>\n<\/thead>\n<tbody>\n<tr class=\"headerrow\">\n<th colspan=\"3\">Standard scope of delivery<\/th>\n<\/tr>\n<tr class=\"odd\">\n<th width=\"30%\"><\/th>\n<th width=\"30%\">Measuring device<\/th>\n<td width=\"40%\"><\/td>\n<\/tr>\n<tr class=\"even\">\n<th width=\"30%\"><\/th>\n<th width=\"30%\">Battery(-ies)<\/th>\n<td width=\"40%\"><\/td>\n<\/tr>\n<tr class=\"odd\">\n<th width=\"30%\"><\/th>\n<th width=\"30%\">Bag\/holster<\/th>\n<td width=\"40%\"><\/td>\n<\/tr>\n<tr class=\"even\">\n<th width=\"30%\"><\/th>\n<th width=\"30%\">USB connection cable<\/th>\n<td width=\"40%\"><\/td>\n<\/tr>\n<tr class=\"odd\">\n<th width=\"30%\"><\/th>\n<th width=\"30%\">BL30 data logger software<\/th>\n<td width=\"40%\"><\/td>\n<\/tr>\n<tr class=\"even\">\n<th width=\"30%\"><\/th>\n<th width=\"30%\">Lockable wall holder<\/th>\n<td width=\"40%\"><\/td>\n<\/tr>\n<tr class=\"odd\">\n<th width=\"30%\"><\/th>\n<th width=\"30%\">Operating manual<\/th>\n<td width=\"40%\"><\/td>\n<\/tr>\n<\/tbody>\n<thead>\n<tr class=\"titlerow\">\n<th class=\"color\" colspan=\"3\">Ascertainable measured values and functions<\/th>\n<\/tr>\n<\/thead>\n<tbody>\n<tr class=\"headerrow\">\n<th colspan=\"3\">Internal sensors<\/th>\n<\/tr>\n<tr class=\"odd\">\n<th width=\"30%\"><\/th>\n<th width=\"30%\">Air temperature [\u00b0C]<\/th>\n<td width=\"40%\"><\/td>\n<\/tr>\n<tr class=\"even\">\n<th width=\"30%\"><\/th>\n<th width=\"30%\">Air temperature [\u00b0F]<\/th>\n<td width=\"40%\"><\/td>\n<\/tr>\n<tr class=\"odd\">\n<th width=\"30%\"><\/th>\n<th width=\"30%\">Relative humidity [%]<\/th>\n<td width=\"40%\"><\/td>\n<\/tr>\n<tr class=\"headerrow\">\n<th colspan=\"3\">Functions and features<\/th>\n<\/tr>\n<tr class=\"odd\">\n<th width=\"30%\"><\/th>\n<th width=\"30%\">Minimum value display<\/th>\n<td width=\"40%\"><\/td>\n<\/tr>\n<tr class=\"even\">\n<th width=\"30%\"><\/th>\n<th width=\"30%\">Maximum value display<\/th>\n<td width=\"40%\"><\/td>\n<\/tr>\n<tr class=\"odd\">\n<th width=\"30%\"><\/th>\n<th width=\"30%\">Switching function \u00b0C\/\u00b0F<\/th>\n<td width=\"40%\"><\/td>\n<\/tr>\n<tr class=\"even\">\n<th width=\"30%\"><\/th>\n<th width=\"30%\">Alarm function<\/th>\n<td width=\"40%\"><\/td>\n<\/tr>\n<tr class=\"odd\">\n<th width=\"30%\"><\/th>\n<th width=\"30%\">Date<\/th>\n<td width=\"40%\"><\/td>\n<\/tr>\n<tr class=\"even\">\n<th width=\"30%\"><\/th>\n<th width=\"30%\">Time<\/th>\n<td width=\"40%\"><\/td>\n<\/tr>\n<tr class=\"odd\">\n<th width=\"30%\"><\/th>\n<th width=\"30%\">Freely selectable saving interval from 1 second to 24 hours<\/th>\n<td width=\"40%\"><\/td>\n<\/tr>\n<tr class=\"even\">\n<th width=\"30%\"><\/th>\n<th width=\"30%\">Continuous or ring recording max. 32,000\u00a0measured values (16,000 each for temperature and humidity)<\/th>\n<td width=\"40%\"><\/td>\n<\/tr>\n<tr class=\"odd\">\n<th width=\"30%\"><\/th>\n<th width=\"30%\">Battery status indication<\/th>\n<td width=\"40%\"><\/td>\n<\/tr>\n<\/tbody>\n<\/table>\n","protected":false},"excerpt":{"rendered":"<div id=\"c2558247\" class=\"csc-default ctype-text\">\n<div class=\"csc-header csc-header-n1\">\n<h2 class=\"csc-firstHeader\">Enregistrement simple et pr\u00e9cis des donn\u00e9es environnementales \u00e0 long terme<\/h2>\n<\/div>\n<p>Enregistrement autonome des donn\u00e9es climatiques \u00e0 long terme<br \/>\nLe BL30 est un enregistreur de donn\u00e9es climatiques ultra-compact pour l&rsquo;enregistrement \u00e0 long terme de la temp\u00e9rature et de l&rsquo;humidit\u00e9 relative de l&rsquo;air dans les espaces de vie, de travail ou de stockage. Pour une utilisation stationnaire, un support mural verrouillable est inclus.<\/p>\n<p>La combinaison d&rsquo;une grande m\u00e9moire de 32\u00a0000 valeurs mesur\u00e9es, d&rsquo;un intervalle d&rsquo;enregistrement r\u00e9glable de 1 seconde \u00e0 24 heures par enregistrement et d&rsquo;une fonction d&rsquo;alarme avec enregistrement de limites sup\u00e9rieures et inf\u00e9rieures librement d\u00e9finissables offre d&rsquo;innombrables possibilit\u00e9s d&rsquo;utilisation du BL30\u00a0: par exemple, pour les contr\u00f4les obligatoires des artisans, pour l&rsquo;\u00e9valuation des causes de dommages caus\u00e9s par l&rsquo;humidit\u00e9 ou la moisissure dans les logements locatifs ou pour la documentation de donn\u00e9es climatiques coh\u00e9rentes dans les archives et les entrep\u00f4ts.<\/p>\n<p>Le logiciel d&rsquo;analyse PC fourni offre des fonctions d&rsquo;analyse et de documentation pour toutes les valeurs mesur\u00e9es, y compris l&rsquo;heure, la date et les alarmes.<\/p>\n<p><strong>Le BL30 \u00e9tant exclusivement configur\u00e9 via PC, toute manipulation de la configuration par des personnes non autoris\u00e9es directement sur l&rsquo;appareil de mesure est impossible.<\/strong><\/p>\n<p><strong>En fonction de l&rsquo;intervalle d&rsquo;enregistrement et des conditions ambiantes, la batterie longue dur\u00e9e du BL30 permet une utilisation autonome pendant plusieurs mois.<\/strong><\/p>\n<\/div>\n","protected":false},"featured_media":30630,"template":"","meta":[],"product_brand":[],"product_cat":[420,421,427],"product_tag":[],"class_list":{"0":"post-30654","1":"product","2":"type-product","3":"status-publish","4":"has-post-thumbnail","6":"product_cat-trotec-fr","7":"product_cat-mesure-outils-instruments-appareils","8":"product_cat-enregistreurs-de-donnees","10":"first","11":"instock","12":"sale","13":"shipping-taxable","14":"purchasable","15":"product-type-simple"},"_links":{"self":[{"href":"https:\/\/airsystems.ge\/shop\/fr\/wp-json\/wp\/v2\/product\/30654","targetHints":{"allow":["GET"]}}],"collection":[{"href":"https:\/\/airsystems.ge\/shop\/fr\/wp-json\/wp\/v2\/product"}],"about":[{"href":"https:\/\/airsystems.ge\/shop\/fr\/wp-json\/wp\/v2\/types\/product"}],"wp:featuredmedia":[{"embeddable":true,"href":"https:\/\/airsystems.ge\/shop\/fr\/wp-json\/wp\/v2\/media\/30630"}],"wp:attachment":[{"href":"https:\/\/airsystems.ge\/shop\/fr\/wp-json\/wp\/v2\/media?parent=30654"}],"wp:term":[{"taxonomy":"product_brand","embeddable":true,"href":"https:\/\/airsystems.ge\/shop\/fr\/wp-json\/wp\/v2\/product_brand?post=30654"},{"taxonomy":"product_cat","embeddable":true,"href":"https:\/\/airsystems.ge\/shop\/fr\/wp-json\/wp\/v2\/product_cat?post=30654"},{"taxonomy":"product_tag","embeddable":true,"href":"https:\/\/airsystems.ge\/shop\/fr\/wp-json\/wp\/v2\/product_tag?post=30654"}],"curies":[{"name":"wp","href":"https:\/\/api.w.org\/{rel}","templated":true}]}}