{"id":30369,"date":"2025-01-01T22:05:59","date_gmt":"2025-01-01T18:05:59","guid":{"rendered":"https:\/\/airsystems.ge\/shop\/product\/water-coils\/"},"modified":"2025-06-07T15:45:20","modified_gmt":"2025-06-07T11:45:20","slug":"water-coils","status":"publish","type":"product","link":"https:\/\/airsystems.ge\/shop\/fr\/produit\/water-coils\/","title":{"rendered":"Batteries \u00e0 eau Spirales Nichrome-FeCrAl"},"content":{"rendered":"<div class=\"elementor-element elementor-element-391e72ec elementor-widget elementor-widget-theme-post-content\" data-id=\"391e72ec\" data-element_type=\"widget\" data-widget_type=\"theme-post-content.default\">\n<div class=\"elementor-widget-container\">\n<p><strong>Caract\u00e9ristiques principales\u00a0:<\/strong><\/p>\n<p>Compatible avec la plupart des fluides (eau, m\u00e9langes eau-gricker, huile, fluides diathermiques)<br \/>\nPersonnalisation \u00e0 360\u00b0<br \/>\n5 g\u00e9om\u00e9tries disponibles pour r\u00e9pondre \u00e0 tous les besoins de performances<br \/>\n14 tubes disponibles en diff\u00e9rents diam\u00e8tres et \u00e9paisseurs<br \/>\n4 mat\u00e9riaux d&rsquo;ailettes disponibles pour r\u00e9pondre \u00e0 tous les besoins thermodynamiques et de dur\u00e9e de vie du produit<br \/>\nDisponibilit\u00e9 d&rsquo;ailettes \u00e0 haut rendement pour optimiser les \u00e9changes thermiques tout en conservant un encombrement r\u00e9duit de l&rsquo;\u00e9changeur<br \/>\nDiff\u00e9rents mat\u00e9riaux de ch\u00e2ssis disponibles, notamment l&rsquo;acier galvanis\u00e9, l&rsquo;aluminium, l&rsquo;inox et le cuivre.<br \/>\n10 traitements de surface disponibles pour augmenter la dur\u00e9e de vie du produit dans des environnements difficiles<\/p>\n<\/div>\n<\/div>\n<div class=\"elementor-element elementor-element-427e8a79 e-flex e-con-boxed e-con e-child\" data-id=\"427e8a79\" data-element_type=\"container\">\n<div class=\"e-con-inner\">\n<div class=\"elementor-element elementor-element-6e19ed90 hidebutton mc-bl elementor-align-left elementor-widget elementor-widget-button\" data-id=\"6e19ed90\" data-element_type=\"widget\" data-widget_type=\"button.default\">\n<div class=\"elementor-widget-container\">\n<div class=\"elementor-button-wrapper\"><a class=\"elementor-button elementor-button-link elementor-size-sm\" href=\"https:\/\/www.enextechnologies.com\/wp-content\/uploads\/2025\/03\/HX_COILS_Catalog_ENG.pdf\" target=\"_blank\" rel=\"noopener\"><span class=\"elementor-button-content-wrapper\"><span class=\"elementor-button-text\">PRODUCT CATALOG<\/span><\/span><\/a><\/div>\n<\/div>\n<\/div>\n<\/div>\n<\/div>\n","protected":false},"excerpt":{"rendered":"<p><strong>Batterie de chauffage\u00a0:<\/strong><\/p>\n<p>Les \u00e9changeurs de chaleur Roen Est sont fabriqu\u00e9s selon les exigences sp\u00e9cifiques du client, tant en termes de performances thermodynamiques que de conformation du ch\u00e2ssis, afin de s&rsquo;int\u00e9grer parfaitement \u00e0 la machine ou \u00e0 l&rsquo;installation du client.<\/p>\n","protected":false},"featured_media":30362,"template":"","meta":[],"product_brand":[],"product_cat":[682,1313],"product_tag":[],"class_list":{"0":"post-30369","1":"product","2":"type-product","3":"status-publish","4":"has-post-thumbnail","6":"product_cat-climatiseurs-fr-industriels","7":"product_cat-spirales-nichrome-fecral-fr","9":"first","10":"instock","11":"shipping-taxable","12":"product-type-simple"},"_links":{"self":[{"href":"https:\/\/airsystems.ge\/shop\/fr\/wp-json\/wp\/v2\/product\/30369","targetHints":{"allow":["GET"]}}],"collection":[{"href":"https:\/\/airsystems.ge\/shop\/fr\/wp-json\/wp\/v2\/product"}],"about":[{"href":"https:\/\/airsystems.ge\/shop\/fr\/wp-json\/wp\/v2\/types\/product"}],"wp:featuredmedia":[{"embeddable":true,"href":"https:\/\/airsystems.ge\/shop\/fr\/wp-json\/wp\/v2\/media\/30362"}],"wp:attachment":[{"href":"https:\/\/airsystems.ge\/shop\/fr\/wp-json\/wp\/v2\/media?parent=30369"}],"wp:term":[{"taxonomy":"product_brand","embeddable":true,"href":"https:\/\/airsystems.ge\/shop\/fr\/wp-json\/wp\/v2\/product_brand?post=30369"},{"taxonomy":"product_cat","embeddable":true,"href":"https:\/\/airsystems.ge\/shop\/fr\/wp-json\/wp\/v2\/product_cat?post=30369"},{"taxonomy":"product_tag","embeddable":true,"href":"https:\/\/airsystems.ge\/shop\/fr\/wp-json\/wp\/v2\/product_tag?post=30369"}],"curies":[{"name":"wp","href":"https:\/\/api.w.org\/{rel}","templated":true}]}}