{"id":30144,"date":"2025-04-21T00:03:30","date_gmt":"2025-04-20T20:03:30","guid":{"rendered":"https:\/\/airsystems.ge\/shop\/product\/ae-sr_dp-split-system-air-conditioner-for-telecommunications-ceiling-mounting-horizontal-flow-without-free-cooling-20c-45c\/"},"modified":"2025-04-21T00:12:53","modified_gmt":"2025-04-20T20:12:53","slug":"ae-sr_dp-split-system-air-conditioner-for-telecommunications-ceiling-mounting-horizontal-flow-without-free-cooling-20c-45c","status":"publish","type":"product","link":"https:\/\/airsystems.ge\/shop\/fr\/produit\/ae-sr_dp-split-system-air-conditioner-for-telecommunications-ceiling-mounting-horizontal-flow-without-free-cooling-20c-45c\/","title":{"rendered":"AE SR_DP Climatiseurs split pour t\u00e9l\u00e9communications Montage au plafond &#8211; flux horizontal &#8211; sans free cooling -20\u00b0C +45\u00b0C"},"content":{"rendered":"<div class=\"elementor-element elementor-element-391e72ec elementor-widget elementor-widget-theme-post-content\" data-id=\"391e72ec\" data-element_type=\"widget\" data-widget_type=\"theme-post-content.default\">\n<div class=\"elementor-widget-container\">\n<p><strong>Caract\u00e9ristiques techniques\u00a0:<\/strong><br \/>\n\u2022 Unit\u00e9 externe avec ch\u00e2ssis principal en acier et panneaux en aluminium<br \/>\n\u2022 Unit\u00e9 interne avec ch\u00e2ssis principal et panneaux en aluminium<br \/>\n\u2022 Haute r\u00e9sistance \u00e0 la corrosion<br \/>\n\u2022 Red\u00e9marrage automatique en cas de coupure de courant<br \/>\n\u2022 Ventilateurs de la section d&rsquo;\u00e9vaporation EC<br \/>\n\u2022 Ventilateurs de la section de condensation \u00e0 vitesse variable en fonction de la pression de condensation<br \/>\n\u2022 Vanne thermostatique \u00e9lectronique<br \/>\n\u2022 Section de traitement d&rsquo;air 48\u00a0VCC<\/p>\n<p><strong>Accessoires\u00a0:<\/strong><br \/>\n\u2022 Kit de fixation murale\/sol UE (avec amortisseurs de vibrations)<br \/>\n\u2022 R\u00e9sistance chauffante<br \/>\n\u2022 Carte d&rsquo;interface RS232\/485<br \/>\n\u2022 Carte d&rsquo;interface Ethernet<br \/>\n\u2022 Carte d&rsquo;interface SNMP et Web<br \/>\n\u2022 Contr\u00f4le de l&rsquo;humidit\u00e9 (limite de d\u00e9shumidification\u00a0: 40\u00a0% HR \u00e0 30\u00a0\u00b0C)<\/p>\n<\/div>\n<\/div>\n<div class=\"elementor-element elementor-element-427e8a79 e-flex e-con-boxed e-con e-child\" data-id=\"427e8a79\" data-element_type=\"container\">\n<div class=\"e-con-inner\">\n<div class=\"elementor-element elementor-element-6e19ed90 hidebutton mc-bl elementor-align-left elementor-widget elementor-widget-button\" data-id=\"6e19ed90\" data-element_type=\"widget\" data-widget_type=\"button.default\">\n<div class=\"elementor-widget-container\">\n<div class=\"elementor-button-wrapper\"><a class=\"elementor-button elementor-button-link elementor-size-sm\" href=\"https:\/\/www.enextechnologies.com\/wp-content\/uploads\/2024\/08\/B_AE__SR_DP-ENG-A4-Rev.4.pdf\" target=\"_blank\" rel=\"noopener\"><span class=\"elementor-button-content-wrapper\"><span class=\"elementor-button-text\">BROCHURE AE_SR_DP<\/span><\/span><\/a><\/div>\n<\/div>\n<\/div>\n<div class=\"elementor-element elementor-element-13f5f820 hidebutton mc-bl elementor-align-left elementor-widget elementor-widget-button\" data-id=\"13f5f820\" data-element_type=\"widget\" data-widget_type=\"button.default\">\n<div class=\"elementor-widget-container\">\n<div class=\"elementor-button-wrapper\"><a class=\"elementor-button elementor-button-link elementor-size-sm\" href=\"https:\/\/www.enextechnologies.com\/wp-content\/uploads\/2024\/08\/B_AE__SR_DP_inverter-ENG-.pdf\" target=\"_blank\" rel=\"noopener\"><span class=\"elementor-button-content-wrapper\"><span class=\"elementor-button-text\">BROCHURE AE_SR_DP INVERTER<\/span><\/span><\/a><\/div>\n<\/div>\n<\/div>\n<\/div>\n<\/div>\n","protected":false},"excerpt":{"rendered":"<p>De 2,0 kW \u00e0 10,2 kW<\/p>\n<p>Climatiseurs split \u00e0 condensation par air, id\u00e9aux pour les installations en int\u00e9rieur, les abris pour stations de base radio et les centres de traitement de donn\u00e9es.<br \/>\nLe r\u00e9glage de la temp\u00e9rature s&rsquo;effectue par variation de la puissance frigorifique du climatiseur gr\u00e2ce \u00e0 la technologie Inverter (variation de la vitesse de rotation du compresseur).<br \/>\nLe flux d&rsquo;air de l&rsquo;unit\u00e9 interne peut \u00eatre distribu\u00e9 verticalement (d\u00e9placement) ou horizontalement (conventionnel).<br \/>\nLes climatiseurs de la s\u00e9rie P sont \u00e9quip\u00e9s d&rsquo;un r\u00e9gulateur interne et de sondes de temp\u00e9rature et de pression, permettant d&rsquo;obtenir un syst\u00e8me de refroidissement ind\u00e9pendant ou coordonn\u00e9, assurant une redondance compl\u00e8te de toutes les fonctions de contr\u00f4le et de climatisation.<br \/>\nLa s\u00e9rie P est fournie avec un panneau de commande \u00e0 distance pour la gestion des commandes et des contr\u00f4les.<\/p>\n","protected":false},"featured_media":30139,"template":"","meta":[],"product_brand":[],"product_cat":[1286],"product_tag":[],"class_list":{"0":"post-30144","1":"product","2":"type-product","3":"status-publish","4":"has-post-thumbnail","6":"product_cat-climatiseurs-split-pour-telecommunications-sans-free-cooling","8":"first","9":"instock","10":"shipping-taxable","11":"product-type-simple"},"_links":{"self":[{"href":"https:\/\/airsystems.ge\/shop\/fr\/wp-json\/wp\/v2\/product\/30144","targetHints":{"allow":["GET"]}}],"collection":[{"href":"https:\/\/airsystems.ge\/shop\/fr\/wp-json\/wp\/v2\/product"}],"about":[{"href":"https:\/\/airsystems.ge\/shop\/fr\/wp-json\/wp\/v2\/types\/product"}],"wp:featuredmedia":[{"embeddable":true,"href":"https:\/\/airsystems.ge\/shop\/fr\/wp-json\/wp\/v2\/media\/30139"}],"wp:attachment":[{"href":"https:\/\/airsystems.ge\/shop\/fr\/wp-json\/wp\/v2\/media?parent=30144"}],"wp:term":[{"taxonomy":"product_brand","embeddable":true,"href":"https:\/\/airsystems.ge\/shop\/fr\/wp-json\/wp\/v2\/product_brand?post=30144"},{"taxonomy":"product_cat","embeddable":true,"href":"https:\/\/airsystems.ge\/shop\/fr\/wp-json\/wp\/v2\/product_cat?post=30144"},{"taxonomy":"product_tag","embeddable":true,"href":"https:\/\/airsystems.ge\/shop\/fr\/wp-json\/wp\/v2\/product_tag?post=30144"}],"curies":[{"name":"wp","href":"https:\/\/api.w.org\/{rel}","templated":true}]}}