{"id":30112,"date":"2025-04-20T22:21:27","date_gmt":"2025-04-20T18:21:27","guid":{"rendered":"https:\/\/airsystems.ge\/shop\/product\/irwu-water-cooled-close-control-unit-for-high-density-racks-30-60-cm\/"},"modified":"2025-04-20T22:25:58","modified_gmt":"2025-04-20T18:25:58","slug":"irwu-water-cooled-close-control-unit-for-high-density-racks-30-60-cm","status":"publish","type":"product","link":"https:\/\/airsystems.ge\/shop\/fr\/produit\/irwu-water-cooled-close-control-unit-for-high-density-racks-30-60-cm\/","title":{"rendered":"IRWU Unit\u00e9 de contr\u00f4le de proximit\u00e9 refroidie par eau pour racks haute densit\u00e9 (30 \u00e0 60 cm)"},"content":{"rendered":"","protected":false},"excerpt":{"rendered":"<div id=\"page\" class=\"site\">\n<div id=\"content\" class=\"site-content\" data-mobile-menu-resolution=\"868\">\n<div class=\"elementor elementor-15803 elementor-location-single post-17444 product type-product status-publish has-post-thumbnail hentry\" data-elementor-type=\"single-post\" data-elementor-id=\"15803\" data-elementor-post-type=\"elementor_library\">\n<div class=\"elementor-element elementor-element-4182285c e-con-full e-flex e-con e-parent e-lazyloaded\" data-id=\"4182285c\" data-element_type=\"container\">\n<div class=\"elementor-element elementor-element-27029276 e-con-full e-flex e-con e-child\" data-id=\"27029276\" data-element_type=\"container\">\n<div class=\"elementor-element elementor-element-391e72ec elementor-widget elementor-widget-theme-post-content\" data-id=\"391e72ec\" data-element_type=\"widget\" data-widget_type=\"theme-post-content.default\">\n<div class=\"elementor-widget-container\">\n<p>Puissance de refroidissement de 11,1 kW \u00e0 68,9 kW<\/p>\n<p>Les climatiseurs verticaux int\u00e9rieurs RACK COOLER \u00ab\u00a0IRUW\u00a0\u00bb constituent un syst\u00e8me de gestion efficace des points chauds du datacenter. Ils garantissent une faible consommation d&rsquo;\u00e9nergie et des possibilit\u00e9s d&rsquo;utilisation optimales, m\u00eame sous des charges extr\u00eamement \u00e9lev\u00e9es, pour les racks HAUTE DENSIT\u00c9 jusqu&rsquo;\u00e0 40 kW\/m\u00b2.<br \/>\nEn version hydronique, le refroidissement est assur\u00e9 par un refroidisseur externe. L&rsquo;utilisation de syst\u00e8mes de ventilation EC, \u00e9quip\u00e9s de moteurs brushless \u00e0 commutation \u00e9lectronique de derni\u00e8re g\u00e9n\u00e9ration, garantit d&rsquo;excellentes performances et une faible consommation. Disponibles en standard avec la gestion dynamique de N+1 ventilateurs EC pour optimiser la consommation et la redondance du syst\u00e8me de refroidissement. Ces unit\u00e9s individuelles sont positionn\u00e9es entre les racks de la rang\u00e9e afin d&rsquo;agir localement pour dissiper la charge des serveurs. Les \u00e9quipements Emibyte sont enti\u00e8rement con\u00e7us et test\u00e9s dans les laboratoires de validation d&rsquo;Emicon.<\/p>\n<\/div>\n<\/div>\n<\/div>\n<\/div>\n<\/div>\n<\/div>\n<\/div>\n","protected":false},"featured_media":30107,"template":"","meta":[],"product_brand":[],"product_cat":[1258,1263,682],"product_tag":[],"class_list":{"0":"post-30112","1":"product","2":"type-product","3":"status-publish","4":"has-post-thumbnail","6":"product_cat-climatisation-de-precision-crac-crah","7":"product_cat-climatisation-de-precision-crah-fr","8":"product_cat-climatiseurs-fr-industriels","10":"first","11":"instock","12":"shipping-taxable","13":"product-type-simple"},"_links":{"self":[{"href":"https:\/\/airsystems.ge\/shop\/fr\/wp-json\/wp\/v2\/product\/30112","targetHints":{"allow":["GET"]}}],"collection":[{"href":"https:\/\/airsystems.ge\/shop\/fr\/wp-json\/wp\/v2\/product"}],"about":[{"href":"https:\/\/airsystems.ge\/shop\/fr\/wp-json\/wp\/v2\/types\/product"}],"wp:featuredmedia":[{"embeddable":true,"href":"https:\/\/airsystems.ge\/shop\/fr\/wp-json\/wp\/v2\/media\/30107"}],"wp:attachment":[{"href":"https:\/\/airsystems.ge\/shop\/fr\/wp-json\/wp\/v2\/media?parent=30112"}],"wp:term":[{"taxonomy":"product_brand","embeddable":true,"href":"https:\/\/airsystems.ge\/shop\/fr\/wp-json\/wp\/v2\/product_brand?post=30112"},{"taxonomy":"product_cat","embeddable":true,"href":"https:\/\/airsystems.ge\/shop\/fr\/wp-json\/wp\/v2\/product_cat?post=30112"},{"taxonomy":"product_tag","embeddable":true,"href":"https:\/\/airsystems.ge\/shop\/fr\/wp-json\/wp\/v2\/product_tag?post=30112"}],"curies":[{"name":"wp","href":"https:\/\/api.w.org\/{rel}","templated":true}]}}