{"id":30044,"date":"2025-04-20T21:03:10","date_gmt":"2025-04-20T17:03:10","guid":{"rendered":"https:\/\/airsystems.ge\/shop\/product\/dxi-hf-direct-expansion-close-control-unit-water-cooled-with-additional-freecooling-coil-and-inverter-compressor\/"},"modified":"2025-04-20T21:08:16","modified_gmt":"2025-04-20T17:08:16","slug":"dxi-hf-direct-expansion-close-control-unit-water-cooled-with-additional-freecooling-coil-and-inverter-compressor","status":"publish","type":"product","link":"https:\/\/airsystems.ge\/shop\/fr\/produit\/dxi-hf-direct-expansion-close-control-unit-water-cooled-with-additional-freecooling-coil-and-inverter-compressor\/","title":{"rendered":"DXi.HF Unit\u00e9 de r\u00e9gulation \u00e0 d\u00e9tente directe, refroidie par eau, avec batterie freecooling suppl\u00e9mentaire et compresseur Inverter"},"content":{"rendered":"","protected":false},"excerpt":{"rendered":"<p>Climatiseurs de r\u00e9gulation pour installations verticales et refroidissement seul, avec chauffage par r\u00e9sistance en option, humidificateur et d\u00e9shumidificateur en option pour un contr\u00f4le pr\u00e9cis de la temp\u00e9rature et de l&rsquo;humidit\u00e9. Particuli\u00e8rement adapt\u00e9s \u00e0 la climatisation de pr\u00e9cision des serveurs, des salles informatiques et de toutes les applications technologiques en g\u00e9n\u00e9ral.<br \/>\nL&rsquo;unit\u00e9 FREECOOLING \u00e0 d\u00e9tente directe avec compresseur INVERTER est refroidie par eau et doit \u00eatre raccord\u00e9e \u00e0 un a\u00e9ror\u00e9frig\u00e9rant d\u00e9port\u00e9. Le compresseur INVERTER permet de moduler la puissance frigorifique en fonction de la charge thermique effective. Cette solution est adapt\u00e9e aux applications \u00e0 charges partielles \u00e9lev\u00e9es et optimise la puissance absorb\u00e9e en r\u00e9duisant le courant d&rsquo;appel. L&rsquo;unit\u00e9 est \u00e9galement \u00e9quip\u00e9e d&rsquo;un d\u00e9tendeur \u00e9lectronique, de ventilateurs EC INVERTER, d&rsquo;un condenseur et d&rsquo;une batterie freecooling suppl\u00e9mentaire.<\/p>\n","protected":false},"featured_media":30039,"template":"","meta":[],"product_brand":[],"product_cat":[1258,1263,682],"product_tag":[],"class_list":{"0":"post-30044","1":"product","2":"type-product","3":"status-publish","4":"has-post-thumbnail","6":"product_cat-climatisation-de-precision-crac-crah","7":"product_cat-climatisation-de-precision-crah-fr","8":"product_cat-climatiseurs-fr-industriels","10":"first","11":"instock","12":"shipping-taxable","13":"product-type-simple"},"_links":{"self":[{"href":"https:\/\/airsystems.ge\/shop\/fr\/wp-json\/wp\/v2\/product\/30044","targetHints":{"allow":["GET"]}}],"collection":[{"href":"https:\/\/airsystems.ge\/shop\/fr\/wp-json\/wp\/v2\/product"}],"about":[{"href":"https:\/\/airsystems.ge\/shop\/fr\/wp-json\/wp\/v2\/types\/product"}],"wp:featuredmedia":[{"embeddable":true,"href":"https:\/\/airsystems.ge\/shop\/fr\/wp-json\/wp\/v2\/media\/30039"}],"wp:attachment":[{"href":"https:\/\/airsystems.ge\/shop\/fr\/wp-json\/wp\/v2\/media?parent=30044"}],"wp:term":[{"taxonomy":"product_brand","embeddable":true,"href":"https:\/\/airsystems.ge\/shop\/fr\/wp-json\/wp\/v2\/product_brand?post=30044"},{"taxonomy":"product_cat","embeddable":true,"href":"https:\/\/airsystems.ge\/shop\/fr\/wp-json\/wp\/v2\/product_cat?post=30044"},{"taxonomy":"product_tag","embeddable":true,"href":"https:\/\/airsystems.ge\/shop\/fr\/wp-json\/wp\/v2\/product_tag?post=30044"}],"curies":[{"name":"wp","href":"https:\/\/api.w.org\/{rel}","templated":true}]}}