{"id":30002,"date":"2025-04-20T13:57:46","date_gmt":"2025-04-20T09:57:46","guid":{"rendered":"https:\/\/airsystems.ge\/shop\/product\/water-cooled-close-control-unit-wul-extended-version\/"},"modified":"2025-04-20T20:50:59","modified_gmt":"2025-04-20T16:50:59","slug":"water-cooled-close-control-unit-wul-extended-version","status":"publish","type":"product","link":"https:\/\/airsystems.ge\/shop\/fr\/produit\/water-cooled-close-control-unit-wul-extended-version\/","title":{"rendered":"Unit\u00e9 de climatisation \u00e0 condensation par eau WUL\u00a0: Version \u00e9tendue"},"content":{"rendered":"","protected":false},"excerpt":{"rendered":"<div class=\"elementor-element elementor-element-f80f489 elementor-widget elementor-widget-heading\" data-id=\"f80f489\" data-element_type=\"widget\" data-widget_type=\"heading.default\">\n<div class=\"elementor-widget-container\">\n<div class=\"elementor-heading-title elementor-size-default\">\n<p>Puissance frigorifique de 60\u00a0kW \u00e0 216\u00a0kW<\/p>\n<p>Climatiseurs \u00e0 r\u00e9gulation de pr\u00e9cision pour installation verticale et refroidissement seul, avec option chauffage par r\u00e9sistance, humidificateur et d\u00e9shumidificateur pour un contr\u00f4le pr\u00e9cis de la temp\u00e9rature et de l&rsquo;humidit\u00e9. Particuli\u00e8rement adapt\u00e9s \u00e0 la climatisation de pr\u00e9cision des serveurs, des salles informatiques et de toutes les applications technologiques en g\u00e9n\u00e9ral.<br \/>\nLes unit\u00e9s se composent de deux modules\u00a0: le premier abrite l&rsquo;\u00e9changeur de chaleur, g\u00e9n\u00e9ralement plac\u00e9 au sol, le second accueille les ventilateurs EC Inverter. Soufflage d&rsquo;air descendant.<br \/>\nCes unit\u00e9s sont \u00e9quip\u00e9es d&rsquo;une vanne modulante \u00e0 deux voies et d&rsquo;un servomoteur. L&rsquo;unit\u00e9 doit \u00eatre raccord\u00e9e \u00e0 un refroidisseur externe.<\/p>\n<p>ACCESSOIRES<\/p>\n<p>\u2022 Terminal utilisateur d\u00e9port\u00e9<br \/>\n\u2022 Batterie de chauffage \u00e9lectrique<br \/>\n\u2022 Humidificateur<br \/>\n\u2022 Cadre antivibratoire avec supports en caoutchouc<br \/>\n\u2022 Carte \u00e9lectronique d&rsquo;interface<br \/>\n\u2022 Pl\u00e9num de distribution d&rsquo;air<br \/>\n\u2022 Refoulement de la pompe de condensation<br \/>\n\u2022 Carte d&rsquo;interface pour protocole TCP\/IP<br \/>\n\u2022 Longwork, Modbus, BacNet<br \/>\n\u2022 Terminal graphique tactile<br \/>\n\u2022 Alimentation \u00e9lectrique diff\u00e9rente de la norme<\/p>\n<\/div>\n<\/div>\n<\/div>\n","protected":false},"featured_media":29997,"template":"","meta":[],"product_brand":[],"product_cat":[1258,1263],"product_tag":[],"class_list":{"0":"post-30002","1":"product","2":"type-product","3":"status-publish","4":"has-post-thumbnail","6":"product_cat-climatisation-de-precision-crac-crah","7":"product_cat-climatisation-de-precision-crah-fr","9":"first","10":"instock","11":"shipping-taxable","12":"product-type-simple"},"_links":{"self":[{"href":"https:\/\/airsystems.ge\/shop\/fr\/wp-json\/wp\/v2\/product\/30002","targetHints":{"allow":["GET"]}}],"collection":[{"href":"https:\/\/airsystems.ge\/shop\/fr\/wp-json\/wp\/v2\/product"}],"about":[{"href":"https:\/\/airsystems.ge\/shop\/fr\/wp-json\/wp\/v2\/types\/product"}],"wp:featuredmedia":[{"embeddable":true,"href":"https:\/\/airsystems.ge\/shop\/fr\/wp-json\/wp\/v2\/media\/29997"}],"wp:attachment":[{"href":"https:\/\/airsystems.ge\/shop\/fr\/wp-json\/wp\/v2\/media?parent=30002"}],"wp:term":[{"taxonomy":"product_brand","embeddable":true,"href":"https:\/\/airsystems.ge\/shop\/fr\/wp-json\/wp\/v2\/product_brand?post=30002"},{"taxonomy":"product_cat","embeddable":true,"href":"https:\/\/airsystems.ge\/shop\/fr\/wp-json\/wp\/v2\/product_cat?post=30002"},{"taxonomy":"product_tag","embeddable":true,"href":"https:\/\/airsystems.ge\/shop\/fr\/wp-json\/wp\/v2\/product_tag?post=30002"}],"curies":[{"name":"wp","href":"https:\/\/api.w.org\/{rel}","templated":true}]}}