{"id":29861,"date":"2025-04-17T13:33:05","date_gmt":"2025-04-17T09:33:05","guid":{"rendered":"https:\/\/airsystems.ge\/shop\/product\/bladder-pillow-tanks-collapsible-water-storage-systems-with-reinforced-pvc-liner\/"},"modified":"2025-04-17T15:20:23","modified_gmt":"2025-04-17T11:20:23","slug":"bladder-pillow-tanks-collapsible-water-storage-systems-with-reinforced-pvc-liner","status":"publish","type":"product","link":"https:\/\/airsystems.ge\/shop\/fr\/produit\/bladder-pillow-tanks-collapsible-water-storage-systems-with-reinforced-pvc-liner\/","title":{"rendered":"Les r\u00e9servoirs \u00e0 vessie (oreillers) sont des syst\u00e8mes de stockage d&rsquo;eau pliables avec une doublure en PVC renforc\u00e9 R\u00e9servoir"},"content":{"rendered":"<p>Caract\u00e9ristiques<br \/>\nConvient pour l&rsquo;eau potable, l&rsquo;eau d&rsquo;irrigation et l&rsquo;huile<br \/>\nPour le stockage. Inhibe la croissance des bact\u00e9ries et<br \/>\nLa formation des algues.<\/p>\n<p>Prot\u00e8ge la qualit\u00e9 du liquide stock\u00e9. R\u00e9sistant<br \/>\nDe -30 \u00b0C \u00e0 70 \u00b0C.<\/p>\n<p>Avantages<br \/>\nPliable et l\u00e9ger, facile \u00e0 transporter.<br \/>\nTemps d&rsquo;installation tr\u00e8s rapide. Aucun cadre n\u00e9cessaire<br \/>\nOu des pi\u00e8ces \u00e0 assembler. Pas de fondation en b\u00e9ton<br \/>\nCe n&rsquo;est pas n\u00e9cessaire.<\/p>\n<p>Accessoires<br \/>\nEntr\u00e9e et sortie<br \/>\nAvec valves. Coins<br \/>\nFixation au sol.<br \/>\nDoublure de caisse ou<br \/>\nG\u00e9otextile..<\/p>\n","protected":false},"excerpt":{"rendered":"<p>\u00ab Une solution fiable et simple \u00bb<\/p>\n<p>Les r\u00e9servoirs \u00e0 vessie offrent des solutions de stockage id\u00e9ales pour les applications commerciales,<br \/>\nUne large gamme d&rsquo;applications industrielles, marines, r\u00e9sidentielles, agricoles et militaires<br \/>\nPour le spectre. Sp\u00e9cialis\u00e9 dans les situations o\u00f9 des solutions de stockage rapides sont n\u00e9cessaires<br \/>\nL&rsquo;utilisation est n\u00e9cessaire. Les r\u00e9servoirs \u00e0 vessie sont constitu\u00e9s de rev\u00eatements lourds qui<br \/>\nFabriqu\u00e9 avec des tissus en fibres de polyester enduits de PVC, cr\u00e9ant un produit chimique<br \/>\nUn mat\u00e9riau durable et r\u00e9sistant aux UV qui r\u00e9siste \u00e0 l&rsquo;abrasion. Eau potable<br \/>\nDes doublures de qualit\u00e9 alimentaire sont disponibles pour le stockage. Ces unit\u00e9s peuvent g\u00e9rer des t\u00e2ches courtes et<br \/>\nStockage \u00e0 long terme. De plus, l&rsquo;unit\u00e9 (r\u00e9servoir) peut \u00eatre facilement d\u00e9plac\u00e9e.<\/p>\n<p>Volumes disponibles<br \/>\nJusqu&rsquo;\u00e0 100 000 litres\u2026<br \/>\nD\u00e9lai de production court, livraison rapide. Produit durable et r\u00e9sistant.<\/p>\n","protected":false},"featured_media":29831,"template":"","meta":[],"product_brand":[],"product_cat":[1210,673],"product_tag":[],"class_list":{"0":"post-29861","1":"product","2":"type-product","3":"status-publish","4":"has-post-thumbnail","6":"product_cat-reservoir-eau-potable-inoxydable","7":"product_cat-water-tanks-fr","9":"first","10":"instock","11":"shipping-taxable","12":"product-type-simple"},"_links":{"self":[{"href":"https:\/\/airsystems.ge\/shop\/fr\/wp-json\/wp\/v2\/product\/29861","targetHints":{"allow":["GET"]}}],"collection":[{"href":"https:\/\/airsystems.ge\/shop\/fr\/wp-json\/wp\/v2\/product"}],"about":[{"href":"https:\/\/airsystems.ge\/shop\/fr\/wp-json\/wp\/v2\/types\/product"}],"wp:featuredmedia":[{"embeddable":true,"href":"https:\/\/airsystems.ge\/shop\/fr\/wp-json\/wp\/v2\/media\/29831"}],"wp:attachment":[{"href":"https:\/\/airsystems.ge\/shop\/fr\/wp-json\/wp\/v2\/media?parent=29861"}],"wp:term":[{"taxonomy":"product_brand","embeddable":true,"href":"https:\/\/airsystems.ge\/shop\/fr\/wp-json\/wp\/v2\/product_brand?post=29861"},{"taxonomy":"product_cat","embeddable":true,"href":"https:\/\/airsystems.ge\/shop\/fr\/wp-json\/wp\/v2\/product_cat?post=29861"},{"taxonomy":"product_tag","embeddable":true,"href":"https:\/\/airsystems.ge\/shop\/fr\/wp-json\/wp\/v2\/product_tag?post=29861"}],"curies":[{"name":"wp","href":"https:\/\/api.w.org\/{rel}","templated":true}]}}