{"id":29808,"date":"2025-04-15T09:40:16","date_gmt":"2025-04-15T05:40:16","guid":{"rendered":"https:\/\/airsystems.ge\/shop\/product\/floor-standing-air-conditioner\/"},"modified":"2025-04-15T10:06:48","modified_gmt":"2025-04-15T06:06:48","slug":"floor-standing-air-conditioner","status":"publish","type":"product","link":"https:\/\/airsystems.ge\/shop\/fr\/produit\/floor-standing-air-conditioner\/","title":{"rendered":"Climatiseur colonne Climatiseur au sol Pompe \u00e0 chaleur fixe"},"content":{"rendered":"<h2>Floor Standing Air Conditioner<\/h2>\n","protected":false},"excerpt":{"rendered":"<p>Caract\u00e9ristiques principales<br \/>\n\u2022 3 mod\u00e8les de 36\u00a0000 \u00e0 58\u00a0000 Btu\/h.<br \/>\n\u2022 R\u00e9frig\u00e9rant \u00e9cologique R410.<br \/>\n\u2022 Design moderne et compact.<br \/>\n\u2022 Climatisation et chauffage efficaces.<br \/>\n\u2022 Fonctionnement \u00e0 temp\u00e9rature ambiante \u00e9lev\u00e9e jusqu&rsquo;\u00e0 52 \u00b0C.<br \/>\n\u2022 Ailettes plaqu\u00e9es or pour int\u00e9rieur\/ext\u00e9rieur.<br \/>\n\u2022 Red\u00e9marrage et autodiagnostic automatiques.<br \/>\n\u2022 Mode veille.<br \/>\n\u2022 Minuterie marche\/arr\u00eat 24 h.<br \/>\n\u2022 Filtre \u00e0 air lavable.<\/p>\n","protected":false},"featured_media":29797,"template":"","meta":[],"product_brand":[],"product_cat":[705,1195],"product_tag":[],"class_list":{"0":"post-29808","1":"product","2":"type-product","3":"status-publish","4":"has-post-thumbnail","6":"product_cat-climatiseur","7":"product_cat-climatiseur-colonne-air-conditioner-fr","9":"first","10":"instock","11":"shipping-taxable","12":"product-type-simple"},"_links":{"self":[{"href":"https:\/\/airsystems.ge\/shop\/fr\/wp-json\/wp\/v2\/product\/29808","targetHints":{"allow":["GET"]}}],"collection":[{"href":"https:\/\/airsystems.ge\/shop\/fr\/wp-json\/wp\/v2\/product"}],"about":[{"href":"https:\/\/airsystems.ge\/shop\/fr\/wp-json\/wp\/v2\/types\/product"}],"wp:featuredmedia":[{"embeddable":true,"href":"https:\/\/airsystems.ge\/shop\/fr\/wp-json\/wp\/v2\/media\/29797"}],"wp:attachment":[{"href":"https:\/\/airsystems.ge\/shop\/fr\/wp-json\/wp\/v2\/media?parent=29808"}],"wp:term":[{"taxonomy":"product_brand","embeddable":true,"href":"https:\/\/airsystems.ge\/shop\/fr\/wp-json\/wp\/v2\/product_brand?post=29808"},{"taxonomy":"product_cat","embeddable":true,"href":"https:\/\/airsystems.ge\/shop\/fr\/wp-json\/wp\/v2\/product_cat?post=29808"},{"taxonomy":"product_tag","embeddable":true,"href":"https:\/\/airsystems.ge\/shop\/fr\/wp-json\/wp\/v2\/product_tag?post=29808"}],"curies":[{"name":"wp","href":"https:\/\/api.w.org\/{rel}","templated":true}]}}