{"id":29222,"date":"2025-04-11T12:33:05","date_gmt":"2025-04-11T08:33:05","guid":{"rendered":"https:\/\/airsystems.ge\/shop\/product\/dantherm-danx-1-2-3-hp-air-handling-units\/"},"modified":"2025-04-11T13:02:43","modified_gmt":"2025-04-11T09:02:43","slug":"dantherm-danx-1-2-3-hp-air-handling-units","status":"publish","type":"product","link":"https:\/\/airsystems.ge\/shop\/fr\/produit\/dantherm-danx-1-2-3-hp-air-handling-units\/","title":{"rendered":"Centrales de traitement d&rsquo;air Dantherm DanX 1-2-3 CV"},"content":{"rendered":"<section class=\"max-w-[1088px] mx-auto w-full px-5 my-10 md:my-12 lg:my-16 xl:my-20 xl:px-0\" data-block=\"bullet-list\">\n<div class=\"md:text-center\">\n<h3 class=\"text-black font-bold text-lg md:text-xl lg:text-2xl\">Caract\u00e9ristiques principales<\/h3>\n<\/div>\n<div class=\"mt-6 md:mt-10\">\n<div class=\"flex flex-wrap\">\n<div class=\"w-full md:w-1\/2 auto-bullets md:pr-16\">\n<ul>\n<li class=\"text-sm md:text-base text-black mt-3 flex items-start\">\n<div class=\"pl-5\">Pompe \u00e0 chaleur int\u00e9gr\u00e9e avec compresseur rotatif et COP \u00e9lev\u00e9. Condenseur \u00e0 eau int\u00e9gr\u00e9 en option pour le chauffage de la piscine ou de l&rsquo;eau sanitaire.<br \/>\nSyst\u00e8me de contr\u00f4le int\u00e9gr\u00e9 convivial pour une gestion optimale de la demande. Surveillance et r\u00e9gulation automatiques de la temp\u00e9rature et de l&rsquo;humidit\u00e9 du hall de piscine<br \/>\n\u00c9changeurs de chaleur \u00e0 double flux transversal avec un rendement \u00e9lev\u00e9 de plus de 85 % et une faible perte de charge<br \/>\nBy-pass int\u00e9gr\u00e9 pour un refroidissement naturel en \u00e9t\u00e9<br \/>\nVentilateurs EC \u00e0 roue libre \u00e0 haute efficacit\u00e9 \u00e9nerg\u00e9tique<br \/>\nFiltres compacts M5\/ePM10 70 % et F7\/ePM1 55 % \u00e0 faible perte de charge<br \/>\nArmoire autoportante avec panneaux sandwich galvanis\u00e9s \u00e0 chaud et peints par poudrage, isolation en laine min\u00e9rale de 50 mm, cloisons int\u00e9rieures de 30 mm et cadre inf\u00e9rieur avec pieds r\u00e9glables<br \/>\nCon\u00e7u pour r\u00e9sister aux environnements agressifs des piscines (classe de corrosion C4 selon la norme EN\/ISO 12944-2), avec \u00e9changeurs de chaleur \u00e0 flux transversal rev\u00eatus d&rsquo;\u00e9poxy, batteries avec cadre en aluminium, ailettes pr\u00e9-peintes et rev\u00eatement \u00e9poxy pour prot\u00e9ger l&rsquo;ensemble des fixations, boulons et \u00e9crous<br \/>\nDeux grandes portes d&rsquo;inspection avec charni\u00e8res robustes, serrures \u00e0 languette et poign\u00e9es pour un acc\u00e8s facile pour l&rsquo;entretien<br \/>\nSolutions de bo\u00eetier tout-en-un pour une installation facile et rapide, avec tous les capteurs et composants \u00e9lectriques d\u00e9j\u00e0 install\u00e9s Connect\u00e9<br \/>\nCommunication GTB via Modbus ou BACnet<\/div>\n<\/li>\n<\/ul>\n<\/div>\n<\/div>\n<\/div>\n<\/section>\n<section class=\"max-w-[1088px] mx-auto w-full my-10 md:my-12 lg:my-16 xl:my-20\" data-block=\"content-block\">\n<div class=\"max-w-[1088px] mx-auto\">\n<div class=\"flex flex-col items-center gap-6 px-5 w-full md:grid md:grid-cols-12 md:items-stretch xl:px-0\" data-content-block=\"container\">\n<div class=\"relative flex flex-col gap-5 w-full md:col-span-12 md:col-start-1 sm:items-start sm:text-left order-first md:order-none\" data-content-block=\"column\">\n<div class=\"prose text-pretty max-w-full text-left text-black prose-p:text-black prose-headings:mt-6 prose-headings:mb-3 md:prose-headings:text-lg prose-a:text-current prose-a:transition prose-a:ease-linear prose-a:duration-300\" data-content-block=\"text\">\n<p><strong>DanX HP avec \u00e9changeur de chaleur \u00e0 double flux crois\u00e9s et pompe \u00e0 chaleur<\/strong><\/p>\n<p>Le DanX HP allie les atouts d&rsquo;une pompe \u00e0 chaleur \u00e0 un syst\u00e8me de d\u00e9shumidification par l&rsquo;air ext\u00e9rieur. La combinaison de la pompe \u00e0 chaleur et de l&rsquo;\u00e9changeur de chaleur \u00e0 double flux crois\u00e9s hautement performant r\u00e9gule avec pr\u00e9cision l&rsquo;humidit\u00e9 et la temp\u00e9rature dans le local piscine.<\/p>\n<p>Outre une r\u00e9cup\u00e9ration de chaleur sup\u00e9rieure \u00e0 100 %, la pompe \u00e0 chaleur optimise la d\u00e9shumidification, de sorte que la proportion d&rsquo;air ext\u00e9rieur ne d\u00e9passe jamais le niveau n\u00e9cessaire au confort. Pour une optimisation \u00e9nerg\u00e9tique accrue, un condenseur \u00e0 eau peut \u00eatre int\u00e9gr\u00e9 \u00e0 la pompe \u00e0 chaleur. L&rsquo;exc\u00e9dent de chaleur est ainsi transf\u00e9r\u00e9 vers la piscine ou le r\u00e9seau d&rsquo;eau chaude, o\u00f9 il est r\u00e9utilis\u00e9.<\/p>\n<p>La fonction de m\u00e9lange int\u00e9gr\u00e9e veille \u00e0 ne pas ajouter plus d&rsquo;air ext\u00e9rieur que n\u00e9cessaire pour un climat int\u00e9rieur confortable. Le free cooling est \u00e9galement possible en \u00e9t\u00e9, o\u00f9 l&rsquo;unit\u00e9 peut ajouter jusqu&rsquo;\u00e0 100 % d&rsquo;air ext\u00e9rieur dans le local piscine via un by-pass. Sa conception compacte et int\u00e9gr\u00e9e permet une installation optimale dans le local technique. Des raccordements pratiques, par le haut ou sur le c\u00f4t\u00e9, facilitent l&rsquo;acc\u00e8s aux conduits.<\/p>\n<\/div>\n<\/div>\n<\/div>\n<\/div>\n<\/section>\n<section class=\"max-w-[1088px] mx-auto w-full px-5 my-10 md:my-12 lg:my-16 xl:my-20 xl:px-0\" data-block=\"product-specifications\">\n<div class=\"md:text-center\">\n<h3 class=\"text-black font-bold text-lg md:text-xl lg:text-2xl\"><strong>Product specifications<\/strong><\/h3>\n<\/div>\n<div class=\"mt-6 md:mt-10\">\n<div class=\"lg:flex flex-wrap\">\n<div class=\"lg:mr-10 relative z-[1]\">\n<ul class=\"hidden lg:block\">\n<li>\n<h4 class=\"font-bold\">Select model:<\/h4>\n<\/li>\n<li class=\"mt-2\">DANX\u00a01\u00a0HP<\/li>\n<li class=\"mt-2\">DANX\u00a02\u00a0HP<\/li>\n<li class=\"mt-2\">DANX\u00a03\u00a0HP<\/li>\n<\/ul>\n<div data-mount=\"ProductSpecs\"><\/div>\n<\/div>\n<div class=\"lg:mt-0 md:mt-6 lg:flex-1\">\n<div id=\"spec-danx-1-hp\" class=\"prose max-w-full md:overflow-auto\" data-spec-content=\"\">\n<div class=\"spreadsheet-container hidden md:block\">\n<table class=\"w-full table-fixed mb-0\">\n<thead>\n<tr>\n<th class=\"font-bold text-base\"><span class=\"block px-4\">Specifications<\/span><\/th>\n<th class=\"font-bold text-base text-center\"><span class=\"block px-10 md:px-20\">Units<\/span><\/th>\n<th class=\"font-bold text-base text-center will-change\"><span class=\"block px-4\">DANX\u00a01\u00a0HP<\/span><\/th>\n<\/tr>\n<\/thead>\n<tbody>\n<tr class=\"bg-grey-200\/50 p-2\">\n<td colspan=\"1\"><span class=\"block px-4\">Nominal air volume<\/span><\/td>\n<td class=\"text-center\">\n<div class=\"px-10 md:px-20 flex items-center justify-center\">m\u00b3\/h<\/div>\n<\/td>\n<td class=\"text-center will-change\">\n<div class=\"px-10 md:px-20 flex items-center justify-center\">1,000<\/div>\n<\/td>\n<\/tr>\n<tr class=\" p-2\">\n<td colspan=\"1\"><span class=\"block px-4\">Max. air volume<\/span><\/td>\n<td class=\"text-center\">\n<div class=\"px-10 md:px-20 flex items-center justify-center\">m\u00b3\/h<\/div>\n<\/td>\n<td class=\"text-center will-change\">\n<div class=\"px-10 md:px-20 flex items-center justify-center\">1,300<\/div>\n<\/td>\n<\/tr>\n<tr class=\"bg-grey-200\/50 p-2\">\n<td colspan=\"1\"><span class=\"block px-4\">Max. external duct pressure<\/span><\/td>\n<td class=\"text-center\">\n<div class=\"px-10 md:px-20 flex items-center justify-center\">Pa<\/div>\n<\/td>\n<td class=\"text-center will-change\">\n<div class=\"px-10 md:px-20 flex items-center justify-center\">\n<p>350 at nominal air volume<\/p>\n<div data-mount=\"ToolTip\" data-text=\"at nominal air volume\">\n<div class=\"ml-2 appearance-none hover:opacity-75\" role=\"button\"><\/div>\n<\/div>\n<\/div>\n<\/td>\n<\/tr>\n<tr class=\" p-2\">\n<td colspan=\"1\"><span class=\"block px-4\">Outdoor air volume<\/span><\/td>\n<td class=\"text-center\">\n<div class=\"px-10 md:px-20 flex items-center justify-center\">%<\/div>\n<\/td>\n<td class=\"text-center will-change\">\n<div class=\"px-10 md:px-20 flex items-center justify-center\">0-100<\/div>\n<\/td>\n<\/tr>\n<tr class=\"bg-grey-200\/50 p-2\">\n<td colspan=\"1\"><span class=\"block px-4\">Dehumidification capacity recirculation<\/span><\/td>\n<td class=\"text-center\">\n<div class=\"px-10 md:px-20 flex items-center justify-center\">kg\/h<\/div>\n<\/td>\n<td class=\"text-center will-change\">\n<div class=\"px-10 md:px-20 flex items-center justify-center\">\n<p>1.7 at 30\u00b0C\/54% indoor<\/p>\n<div data-mount=\"ToolTip\" data-text=\"at 30\u00b0C\/54% indoor\">\n<div class=\"ml-2 appearance-none hover:opacity-75\" role=\"button\"><\/div>\n<\/div>\n<\/div>\n<\/td>\n<\/tr>\n<tr class=\" p-2\">\n<td colspan=\"1\"><span class=\"block px-4\">Dehumidification capacity VDI 2089<\/span><\/td>\n<td class=\"text-center\">\n<div class=\"px-10 md:px-20 flex items-center justify-center\">kg\/h<\/div>\n<\/td>\n<td class=\"text-center will-change\">\n<div class=\"px-10 md:px-20 flex items-center justify-center\">\n<p>7 at 30\u00b0C\/54% indoor<\/p>\n<div data-mount=\"ToolTip\" data-text=\"at 30\u00b0C\/54% indoor\">\n<div class=\"ml-2 appearance-none hover:opacity-75\" role=\"button\"><\/div>\n<\/div>\n<\/div>\n<\/td>\n<\/tr>\n<tr class=\"bg-grey-200\/50 p-2\">\n<td colspan=\"1\"><span class=\"block px-4\">Power consumption compressor<\/span><\/td>\n<td class=\"text-center\">\n<div class=\"px-10 md:px-20 flex items-center justify-center\">kW<\/div>\n<\/td>\n<td class=\"text-center will-change\">\n<div class=\"px-10 md:px-20 flex items-center justify-center\">\n<p>0.6 at 30\u00b0C\/54% indoor<\/p>\n<div data-mount=\"ToolTip\" data-text=\"at 30\u00b0C\/54% indoor\">\n<div class=\"ml-2 appearance-none hover:opacity-75\" role=\"button\"><\/div>\n<\/div>\n<\/div>\n<\/td>\n<\/tr>\n<tr class=\" p-2\">\n<td colspan=\"1\"><span class=\"block px-4\">Max. power consumption<\/span><\/td>\n<td class=\"text-center\">\n<div class=\"px-10 md:px-20 flex items-center justify-center\">kW<\/div>\n<\/td>\n<td class=\"text-center will-change\">\n<div class=\"px-10 md:px-20 flex items-center justify-center\">1.7<\/div>\n<\/td>\n<\/tr>\n<tr class=\"bg-grey-200\/50 p-2\">\n<td colspan=\"1\"><span class=\"block px-4\">Power supply<\/span><\/td>\n<td class=\"text-center\">\n<div class=\"px-10 md:px-20 flex items-center justify-center\">V\/Hz<\/div>\n<\/td>\n<td class=\"text-center will-change\">\n<div class=\"px-10 md:px-20 flex items-center justify-center\">230\/1ph\/50<\/div>\n<\/td>\n<\/tr>\n<tr class=\" p-2\">\n<td colspan=\"1\"><span class=\"block px-4\">R407C gas weight\/CO\u2082 equivalent<\/span><\/td>\n<td class=\"text-center\">\n<div class=\"px-10 md:px-20 flex items-center justify-center\">kg\/t<\/div>\n<\/td>\n<td class=\"text-center will-change\">\n<div class=\"px-10 md:px-20 flex items-center justify-center\">1.0\/1.77<\/div>\n<\/td>\n<\/tr>\n<tr class=\"bg-grey-200\/50 p-2\">\n<td colspan=\"1\"><span class=\"block px-4\">Product size (w x d x h)<\/span><\/td>\n<td class=\"text-center\">\n<div class=\"px-10 md:px-20 flex items-center justify-center\">mm<\/div>\n<\/td>\n<td class=\"text-center will-change\">\n<div class=\"px-10 md:px-20 flex items-center justify-center\">1750 x 515 x 1570<\/div>\n<\/td>\n<\/tr>\n<tr class=\" p-2\">\n<td colspan=\"1\"><span class=\"block px-4\">Weight<\/span><\/td>\n<td class=\"text-center\">\n<div class=\"px-10 md:px-20 flex items-center justify-center\">kg<\/div>\n<\/td>\n<td class=\"text-center will-change\">\n<div class=\"px-10 md:px-20 flex items-center justify-center\">279<\/div>\n<\/td>\n<\/tr>\n<\/tbody>\n<\/table>\n<table class=\"w-full table-fixed mb-0\">\n<thead>\n<tr>\n<th class=\"font-bold text-base\"><span class=\"block px-4\">Specifications<\/span><\/th>\n<th class=\"font-bold text-base text-center\"><span class=\"block px-10 md:px-20\">Units<\/span><\/th>\n<th class=\"font-bold text-base text-center will-change\"><span class=\"block px-4\">DANX\u00a02\u00a0HP<\/span><\/th>\n<\/tr>\n<\/thead>\n<tbody>\n<tr class=\"bg-grey-200\/50 p-2\">\n<td colspan=\"1\"><span class=\"block px-4\">Nominal air volume<\/span><\/td>\n<td class=\"text-center\">\n<div class=\"px-10 md:px-20 flex items-center justify-center\">m\u00b3\/h<\/div>\n<\/td>\n<td class=\"text-center will-change\">\n<div class=\"px-10 md:px-20 flex items-center justify-center\">1,750<\/div>\n<\/td>\n<\/tr>\n<tr class=\" p-2\">\n<td colspan=\"1\"><span class=\"block px-4\">Max. air volume<\/span><\/td>\n<td class=\"text-center\">\n<div class=\"px-10 md:px-20 flex items-center justify-center\">m\u00b3\/h<\/div>\n<\/td>\n<td class=\"text-center will-change\">\n<div class=\"px-10 md:px-20 flex items-center justify-center\">2,100<\/div>\n<\/td>\n<\/tr>\n<tr class=\"bg-grey-200\/50 p-2\">\n<td colspan=\"1\"><span class=\"block px-4\">Max. external duct pressure<\/span><\/td>\n<td class=\"text-center\">\n<div class=\"px-10 md:px-20 flex items-center justify-center\">Pa<\/div>\n<\/td>\n<td class=\"text-center will-change\">\n<div class=\"px-10 md:px-20 flex items-center justify-center\">\n<p>350 at nominal air volume<\/p>\n<div data-mount=\"ToolTip\" data-text=\"at nominal air volume\">\n<div class=\"ml-2 appearance-none hover:opacity-75\" role=\"button\"><\/div>\n<\/div>\n<\/div>\n<\/td>\n<\/tr>\n<tr class=\" p-2\">\n<td colspan=\"1\"><span class=\"block px-4\">Outdoor air volume<\/span><\/td>\n<td class=\"text-center\">\n<div class=\"px-10 md:px-20 flex items-center justify-center\">%<\/div>\n<\/td>\n<td class=\"text-center will-change\">\n<div class=\"px-10 md:px-20 flex items-center justify-center\">0-100<\/div>\n<\/td>\n<\/tr>\n<tr class=\"bg-grey-200\/50 p-2\">\n<td colspan=\"1\"><span class=\"block px-4\">Dehumidification capacity recirculation<\/span><\/td>\n<td class=\"text-center\">\n<div class=\"px-10 md:px-20 flex items-center justify-center\">kg\/h<\/div>\n<\/td>\n<td class=\"text-center will-change\">\n<div class=\"px-10 md:px-20 flex items-center justify-center\">\n<p>4.2 at 30\u00b0C\/54% indoor<\/p>\n<div data-mount=\"ToolTip\" data-text=\"at 30\u00b0C\/54% indoor\">\n<div class=\"ml-2 appearance-none hover:opacity-75\" role=\"button\"><\/div>\n<\/div>\n<\/div>\n<\/td>\n<\/tr>\n<tr class=\" p-2\">\n<td colspan=\"1\"><span class=\"block px-4\">Dehumidification capacity VDI 2089<\/span><\/td>\n<td class=\"text-center\">\n<div class=\"px-10 md:px-20 flex items-center justify-center\">kg\/h<\/div>\n<\/td>\n<td class=\"text-center will-change\">\n<div class=\"px-10 md:px-20 flex items-center justify-center\">\n<p>11 at 30\u00b0C\/54% indoor<\/p>\n<div data-mount=\"ToolTip\" data-text=\"at 30\u00b0C\/54% indoor\">\n<div class=\"ml-2 appearance-none hover:opacity-75\" role=\"button\"><\/div>\n<\/div>\n<\/div>\n<\/td>\n<\/tr>\n<tr class=\"bg-grey-200\/50 p-2\">\n<td colspan=\"1\"><span class=\"block px-4\">Power consumption compressor<\/span><\/td>\n<td class=\"text-center\">\n<div class=\"px-10 md:px-20 flex items-center justify-center\">kW<\/div>\n<\/td>\n<td class=\"text-center will-change\">\n<div class=\"px-10 md:px-20 flex items-center justify-center\">\n<p>1.2 at 30\u00b0C\/54% indoor<\/p>\n<div data-mount=\"ToolTip\" data-text=\"at 30\u00b0C\/54% indoor\">\n<div class=\"ml-2 appearance-none hover:opacity-75\" role=\"button\"><\/div>\n<\/div>\n<\/div>\n<\/td>\n<\/tr>\n<tr class=\" p-2\">\n<td colspan=\"1\"><span class=\"block px-4\">Max. power consumption<\/span><\/td>\n<td class=\"text-center\">\n<div class=\"px-10 md:px-20 flex items-center justify-center\">kW<\/div>\n<\/td>\n<td class=\"text-center will-change\">\n<div class=\"px-10 md:px-20 flex items-center justify-center\">2.9<\/div>\n<\/td>\n<\/tr>\n<tr class=\"bg-grey-200\/50 p-2\">\n<td colspan=\"1\"><span class=\"block px-4\">Power supply<\/span><\/td>\n<td class=\"text-center\">\n<div class=\"px-10 md:px-20 flex items-center justify-center\">V\/Hz<\/div>\n<\/td>\n<td class=\"text-center will-change\">\n<div class=\"px-10 md:px-20 flex items-center justify-center\">400\/2ph\/50<\/div>\n<\/td>\n<\/tr>\n<tr class=\" p-2\">\n<td colspan=\"1\"><span class=\"block px-4\">R407C gas weight\/CO\u2082 equivalent<\/span><\/td>\n<td class=\"text-center\">\n<div class=\"px-10 md:px-20 flex items-center justify-center\">kg\/t<\/div>\n<\/td>\n<td class=\"text-center will-change\">\n<div class=\"px-10 md:px-20 flex items-center justify-center\">1.6\/2.84<\/div>\n<\/td>\n<\/tr>\n<tr class=\"bg-grey-200\/50 p-2\">\n<td colspan=\"1\"><span class=\"block px-4\">Product size (w x d x h)<\/span><\/td>\n<td class=\"text-center\">\n<div class=\"px-10 md:px-20 flex items-center justify-center\">mm<\/div>\n<\/td>\n<td class=\"text-center will-change\">\n<div class=\"px-10 md:px-20 flex items-center justify-center\">1750 x 780 x1570<\/div>\n<\/td>\n<\/tr>\n<tr class=\" p-2\">\n<td colspan=\"1\"><span class=\"block px-4\">Weight<\/span><\/td>\n<td class=\"text-center\">\n<div class=\"px-10 md:px-20 flex items-center justify-center\">kg<\/div>\n<\/td>\n<td class=\"text-center will-change\">\n<div class=\"px-10 md:px-20 flex items-center justify-center\">379<\/div>\n<\/td>\n<\/tr>\n<\/tbody>\n<\/table>\n<table class=\"w-full table-fixed mb-0\">\n<thead>\n<tr>\n<th class=\"font-bold text-base\"><span class=\"block px-4\">Specifications<\/span><\/th>\n<th class=\"font-bold text-base text-center\"><span class=\"block px-10 md:px-20\">Units<\/span><\/th>\n<th class=\"font-bold text-base text-center will-change\"><span class=\"block px-4\">DANX\u00a03\u00a0HP<\/span><\/th>\n<\/tr>\n<\/thead>\n<tbody>\n<tr class=\"bg-grey-200\/50 p-2\">\n<td colspan=\"1\"><span class=\"block px-4\">Nominal air volume<\/span><\/td>\n<td class=\"text-center\">\n<div class=\"px-10 md:px-20 flex items-center justify-center\">m\u00b3\/h<\/div>\n<\/td>\n<td class=\"text-center will-change\">\n<div class=\"px-10 md:px-20 flex items-center justify-center\">2,750<\/div>\n<\/td>\n<\/tr>\n<tr class=\" p-2\">\n<td colspan=\"1\"><span class=\"block px-4\">Max. air volume<\/span><\/td>\n<td class=\"text-center\">\n<div class=\"px-10 md:px-20 flex items-center justify-center\">m\u00b3\/h<\/div>\n<\/td>\n<td class=\"text-center will-change\">\n<div class=\"px-10 md:px-20 flex items-center justify-center\">3,500<\/div>\n<\/td>\n<\/tr>\n<tr class=\"bg-grey-200\/50 p-2\">\n<td colspan=\"1\"><span class=\"block px-4\">Max. external duct pressure<\/span><\/td>\n<td class=\"text-center\">\n<div class=\"px-10 md:px-20 flex items-center justify-center\">Pa<\/div>\n<\/td>\n<td class=\"text-center will-change\">\n<div class=\"px-10 md:px-20 flex items-center justify-center\">\n<p>350 at nominal air volume<\/p>\n<div data-mount=\"ToolTip\" data-text=\"at nominal air volume\">\n<div class=\"ml-2 appearance-none hover:opacity-75\" role=\"button\"><\/div>\n<\/div>\n<\/div>\n<\/td>\n<\/tr>\n<tr class=\" p-2\">\n<td colspan=\"1\"><span class=\"block px-4\">Outdoor air volume<\/span><\/td>\n<td class=\"text-center\">\n<div class=\"px-10 md:px-20 flex items-center justify-center\">%<\/div>\n<\/td>\n<td class=\"text-center will-change\">\n<div class=\"px-10 md:px-20 flex items-center justify-center\">1-100<\/div>\n<\/td>\n<\/tr>\n<tr class=\"bg-grey-200\/50 p-2\">\n<td colspan=\"1\"><span class=\"block px-4\">Dehumidification capacity recirculation<\/span><\/td>\n<td class=\"text-center\">\n<div class=\"px-10 md:px-20 flex items-center justify-center\">kg\/h<\/div>\n<\/td>\n<td class=\"text-center will-change\">\n<div class=\"px-10 md:px-20 flex items-center justify-center\">\n<p>6.9 at 30\u00b0C\/54% indoor<\/p>\n<div data-mount=\"ToolTip\" data-text=\"at 30\u00b0C\/54% indoor\">\n<div class=\"ml-2 appearance-none hover:opacity-75\" role=\"button\"><\/div>\n<\/div>\n<\/div>\n<\/td>\n<\/tr>\n<tr class=\" p-2\">\n<td colspan=\"1\"><span class=\"block px-4\">Dehumidification capacity VDI 2089<\/span><\/td>\n<td class=\"text-center\">\n<div class=\"px-10 md:px-20 flex items-center justify-center\">kg\/h<\/div>\n<\/td>\n<td class=\"text-center will-change\">\n<div class=\"px-10 md:px-20 flex items-center justify-center\">\n<p>18 at 30\u00b0C\/54% indoor<\/p>\n<div data-mount=\"ToolTip\" data-text=\"at 30\u00b0C\/54% indoor\">\n<div class=\"ml-2 appearance-none hover:opacity-75\" role=\"button\"><\/div>\n<\/div>\n<\/div>\n<\/td>\n<\/tr>\n<tr class=\"bg-grey-200\/50 p-2\">\n<td colspan=\"1\"><span class=\"block px-4\">Power consumption compressor<\/span><\/td>\n<td class=\"text-center\">\n<div class=\"px-10 md:px-20 flex items-center justify-center\">kW<\/div>\n<\/td>\n<td class=\"text-center will-change\">\n<div class=\"px-10 md:px-20 flex items-center justify-center\">\n<p>1.9 at 30\u00b0C\/54% indoor<\/p>\n<div data-mount=\"ToolTip\" data-text=\"at 30\u00b0C\/54% indoor\">\n<div class=\"ml-2 appearance-none hover:opacity-75\" role=\"button\"><\/div>\n<\/div>\n<\/div>\n<\/td>\n<\/tr>\n<tr class=\" p-2\">\n<td colspan=\"1\"><span class=\"block px-4\">Max. power consumption<\/span><\/td>\n<td class=\"text-center\">\n<div class=\"px-10 md:px-20 flex items-center justify-center\">kW<\/div>\n<\/td>\n<td class=\"text-center will-change\">\n<div class=\"px-10 md:px-20 flex items-center justify-center\">4.6<\/div>\n<\/td>\n<\/tr>\n<tr class=\"bg-grey-200\/50 p-2\">\n<td colspan=\"1\"><span class=\"block px-4\">Power supply<\/span><\/td>\n<td class=\"text-center\">\n<div class=\"px-10 md:px-20 flex items-center justify-center\">V\/Hz<\/div>\n<\/td>\n<td class=\"text-center will-change\">\n<div class=\"px-10 md:px-20 flex items-center justify-center\">400\/2ph\/50<\/div>\n<\/td>\n<\/tr>\n<tr class=\" p-2\">\n<td colspan=\"1\"><span class=\"block px-4\">R407C gas weight\/CO\u2082 equivalent<\/span><\/td>\n<td class=\"text-center\">\n<div class=\"px-10 md:px-20 flex items-center justify-center\">kg\/t<\/div>\n<\/td>\n<td class=\"text-center will-change\">\n<div class=\"px-10 md:px-20 flex items-center justify-center\">4.0\/7.10<\/div>\n<\/td>\n<\/tr>\n<tr class=\"bg-grey-200\/50 p-2\">\n<td colspan=\"1\"><span class=\"block px-4\">Product size (w x d x h)<\/span><\/td>\n<td class=\"text-center\">\n<div class=\"px-10 md:px-20 flex items-center justify-center\">mm<\/div>\n<\/td>\n<td class=\"text-center will-change\">\n<div class=\"px-10 md:px-20 flex items-center justify-center\">2250 x 890 x 1990<\/div>\n<\/td>\n<\/tr>\n<tr class=\" p-2\">\n<td colspan=\"1\"><span class=\"block px-4\">Weight<\/span><\/td>\n<td class=\"text-center\">\n<div class=\"px-10 md:px-20 flex items-center justify-center\">kg<\/div>\n<\/td>\n<td class=\"text-center will-change\">\n<div class=\"px-10 md:px-20 flex items-center justify-center\">500<\/div>\n<\/td>\n<\/tr>\n<\/tbody>\n<\/table>\n<\/div>\n<\/div>\n<\/div>\n<\/div>\n<\/div>\n<\/section>\n<section class=\"max-w-[1088px] mx-auto w-full px-5 my-10 md:my-12 lg:my-16 xl:my-20 xl:px-0\" data-block=\"link-list\">\n<div class=\"max-w-[1088px] mx-auto\">\n<div class=\"md:text-center\">\n<ul>\n<li class=\"flex items-center gap-5 text-sm text-black mt-3 md:text-base lg:text-lg\"><strong>Adapt\u00e9 aux\u00a0:<\/strong><\/li>\n<\/ul>\n<\/div>\n<div class=\"mt-6 max-w-4xl mx-auto\">\n<div class=\"flex flex-wrap md:ml-20\">\n<div class=\"w-full md:w-1\/2 auto-bullets md:pr-16\">\n<ul>\n<li class=\"flex items-center gap-5 text-sm text-black mt-3 md:text-base lg:text-lg\">Loisirs et d\u00e9tente<br \/>\nPiscines<\/li>\n<\/ul>\n<\/div>\n<\/div>\n<\/div>\n<\/div>\n<\/section>\n","protected":false},"excerpt":{"rendered":"<div class=\"max-w-4xl\">\n<div class=\"text-xl font-bold mt-1 md:mt-2\">\n<p>Piscines et locaux commerciaux<\/p>\n<p>La centrale de traitement d&rsquo;air DanX HP allie les atouts d&rsquo;une pompe \u00e0 chaleur \u00e0 un syst\u00e8me de d\u00e9shumidification par l&rsquo;air ext\u00e9rieur. La pompe \u00e0 chaleur combin\u00e9e \u00e0 un \u00e9changeur de chaleur \u00e0 double flux crois\u00e9s hautement performant r\u00e9gule avec pr\u00e9cision l&rsquo;humidit\u00e9 et la temp\u00e9rature dans le local piscine.<\/p>\n<\/div>\n<\/div>\n","protected":false},"featured_media":29205,"template":"","meta":[],"product_brand":[],"product_cat":[1177,412,419],"product_tag":[],"class_list":{"0":"post-29222","1":"product","2":"type-product","3":"status-publish","4":"has-post-thumbnail","6":"product_cat-unites-de-traitement-dair-de-ventilation","7":"product_cat-climatisation-deshumidificateur-dair-ventilateur-fr-ventilation","8":"product_cat-ventilateur-ventilation-axiaux-radiaux-souffleur-antideflagrants","10":"first","11":"instock","12":"shipping-taxable","13":"product-type-simple"},"_links":{"self":[{"href":"https:\/\/airsystems.ge\/shop\/fr\/wp-json\/wp\/v2\/product\/29222","targetHints":{"allow":["GET"]}}],"collection":[{"href":"https:\/\/airsystems.ge\/shop\/fr\/wp-json\/wp\/v2\/product"}],"about":[{"href":"https:\/\/airsystems.ge\/shop\/fr\/wp-json\/wp\/v2\/types\/product"}],"wp:featuredmedia":[{"embeddable":true,"href":"https:\/\/airsystems.ge\/shop\/fr\/wp-json\/wp\/v2\/media\/29205"}],"wp:attachment":[{"href":"https:\/\/airsystems.ge\/shop\/fr\/wp-json\/wp\/v2\/media?parent=29222"}],"wp:term":[{"taxonomy":"product_brand","embeddable":true,"href":"https:\/\/airsystems.ge\/shop\/fr\/wp-json\/wp\/v2\/product_brand?post=29222"},{"taxonomy":"product_cat","embeddable":true,"href":"https:\/\/airsystems.ge\/shop\/fr\/wp-json\/wp\/v2\/product_cat?post=29222"},{"taxonomy":"product_tag","embeddable":true,"href":"https:\/\/airsystems.ge\/shop\/fr\/wp-json\/wp\/v2\/product_tag?post=29222"}],"curies":[{"name":"wp","href":"https:\/\/api.w.org\/{rel}","templated":true}]}}