{"id":25885,"date":"2025-03-27T23:16:26","date_gmt":"2025-03-27T19:16:26","guid":{"rendered":"https:\/\/airsystems.ge\/shop\/product\/md200-magnetometer\/"},"modified":"2026-04-15T14:21:48","modified_gmt":"2026-04-15T10:21:48","slug":"md200-magnetometer","status":"publish","type":"product","link":"https:\/\/airsystems.ge\/shop\/fr\/produit\/md200-magnetometer\/","title":{"rendered":"Magn\u00e9tom\u00e8tre MD200"},"content":{"rendered":"<div class=\"column column-1 col-md-9 v-centered\">\n<div id=\"c2652748\" class=\"csc-default ctype-text\">\n<div class=\"csc-header csc-header-n1\">\n<p><strong>Localisation d&rsquo;objets par mesure du champ magn\u00e9tique avec le MD200<\/strong><\/p>\n<p>Gr\u00e2ce \u00e0 ses deux bobines d&rsquo;excitation et ses quatre bobines de r\u00e9ception, le MD200 est parfaitement adapt\u00e9 \u00e0 la mesure des variations de champ magn\u00e9tique. Cet appareil de mesure est extr\u00eamement sensible aux moindres variations du champ magn\u00e9tique terrestre, car il est influenc\u00e9 par les objets ferromagn\u00e9tiques enfouis dans le sol.<\/p>\n<p>\u00c0 l&rsquo;approche d&rsquo;un tel objet, le MD200 signale l&rsquo;augmentation du signal par un signal visuel et sonore.<\/p>\n<p>Pour les objets plus volumineux, comme les plaques d&rsquo;\u00e9gout, les valeurs maximales sont enregistr\u00e9es sur les bords de l&rsquo;objet. En faisant pivoter le magn\u00e9tom\u00e8tre et en comparant le signal, il est possible de d\u00e9terminer l&#8217;emplacement exact.<\/p>\n<p><strong>Quelques avantages pratiques\u00a0:<\/strong><\/p>\n<p>D\u00e9tection rapide des m\u00e9taux ferromagn\u00e9tiques enfouis jusqu\u2019\u00e0 trois m\u00e8tres de profondeur<br \/>\nMesures fiables\u00a0: les canettes en aluminium, les capsules de bouteilles et autres objets m\u00e9talliques non magn\u00e9tiques ne sont pas d\u00e9tect\u00e9s<br \/>\nHaute sensibilit\u00e9, r\u00e9glable manuellement ou automatiquement<br \/>\nJusqu\u2019\u00e0 50\u00a0heures d\u2019autonomie<br \/>\nAffichage clair et lisible avec r\u00e9tro\u00e9clairage<br \/>\nBo\u00eetier ergonomique et robuste en ABS<br \/>\nSonde \u00e9tanche<br \/>\nTouches \u00e0 membrane r\u00e9sistantes \u00e0 la poussi\u00e8re et \u00e0 l\u2019eau<br \/>\nDouble affichage de l\u2019intensit\u00e9 du champ magn\u00e9tique\u00a0: optique et acoustique<br \/>\nAffichage de la valeur maximale du signal magn\u00e9tique<br \/>\nAlarme en cas de proximit\u00e9 avec des c\u00e2bles sous tension<br \/>\nAffichage du niveau de la batterie<\/p>\n<\/div>\n<div class=\"table-overflow-wrapper\">\n<table class=\"tech main-data\" cellspacing=\"0\" cellpadding=\"0\">\n<tbody>\n<tr class=\"headerrow\">\n<th colspan=\"2\">Product identification<\/th>\n<\/tr>\n<tr class=\"even\">\n<th>SKU<\/th>\n<td>3110010010<\/td>\n<\/tr>\n<tr class=\"headerrow\">\n<th colspan=\"2\">Master Data<\/th>\n<\/tr>\n<tr class=\"odd\">\n<th>Length without packaging [mm]<\/th>\n<td>1115\u00a0mm<\/td>\n<\/tr>\n<tr class=\"even\">\n<th>Weight without packaging [kg]<\/th>\n<td>0.83 kg<\/td>\n<\/tr>\n<tr class=\"headerrow\">\n<th colspan=\"2\">Technical data<\/th>\n<\/tr>\n<tr class=\"odd\">\n<th>Display<\/th>\n<td>LCD_monochrome<\/td>\n<\/tr>\n<tr class=\"headerrow\">\n<th colspan=\"2\">Conditions during operation, storage, and in the working environment<\/th>\n<\/tr>\n<tr class=\"even\">\n<th>Operation &#8211; max. temperature [\u00b0C]<\/th>\n<td>50<\/td>\n<\/tr>\n<tr class=\"odd\">\n<th>Operation &#8211; min. temperature [\u00b0C]<\/th>\n<td>-20<\/td>\n<\/tr>\n<tr class=\"headerrow\">\n<th colspan=\"2\">Detection<\/th>\n<\/tr>\n<tr class=\"even\">\n<th>Magnetic field &#8211; Detection of changing magnetic fields caused by ferromagnetic metals in the ground<\/th>\n<td>bis 3\u00a0m Tiefe (je nach Gr\u00f6\u00dfe des Suchobjektes)<\/td>\n<\/tr>\n<\/tbody>\n<\/table>\n<\/div>\n<div class=\"table-overflow-wrapper\">\n<table class=\"tech multi-select-data\" cellspacing=\"0\" cellpadding=\"0\">\n<thead>\n<tr class=\"headerrow\">\n<th>Functions and features<\/th>\n<\/tr>\n<\/thead>\n<tbody>\n<tr>\n<th>180 \u00b0 display image inverter<\/th>\n<\/tr>\n<tr>\n<th>Adjustable display background illumination<\/th>\n<\/tr>\n<tr>\n<th>Dual field strength indication &#8211; optical and acoustic<\/th>\n<\/tr>\n<tr>\n<th>Erase function<\/th>\n<\/tr>\n<tr>\n<th>Indication of signal strength<\/th>\n<\/tr>\n<tr>\n<th>Manually adjustable sensitivity level<\/th>\n<\/tr>\n<tr>\n<th>Maximum value display of the magnetic signal<\/th>\n<\/tr>\n<tr>\n<th>Variable volume control<\/th>\n<\/tr>\n<tr>\n<th>Waterproof carbon fibre probe rod<\/th>\n<\/tr>\n<\/tbody>\n<\/table>\n<\/div>\n<div class=\"table-overflow-wrapper\">\n<table class=\"tech multi-select-data\" cellspacing=\"0\" cellpadding=\"0\">\n<thead>\n<tr class=\"headerrow\">\n<th>Device control<\/th>\n<\/tr>\n<\/thead>\n<tbody>\n<tr>\n<th>Membrane keyboard<\/th>\n<\/tr>\n<\/tbody>\n<\/table>\n<\/div>\n<div class=\"table-overflow-wrapper\">\n<table class=\"tech multi-select-data\" cellspacing=\"0\" cellpadding=\"0\">\n<thead>\n<tr class=\"headerrow\">\n<th>Internal sensors<\/th>\n<\/tr>\n<\/thead>\n<tbody>\n<tr>\n<th>Detection of changing magnetic fields, caused by ferromagnetic metals in the ground<\/th>\n<\/tr>\n<tr>\n<th>Detection of ferrous metals<\/th>\n<\/tr>\n<\/tbody>\n<\/table>\n<\/div>\n<div class=\"table-overflow-wrapper\">\n<table class=\"tech multi-select-data\" cellspacing=\"0\" cellpadding=\"0\">\n<thead>\n<tr class=\"headerrow\">\n<th>Operating time<\/th>\n<\/tr>\n<\/thead>\n<tbody>\n<tr>\n<th>approx. 24\u00a0h<\/th>\n<\/tr>\n<\/tbody>\n<\/table>\n<\/div>\n<div class=\"table-overflow-wrapper\">\n<table class=\"tech multi-select-data\" cellspacing=\"0\" cellpadding=\"0\">\n<thead>\n<tr class=\"headerrow\">\n<th>Power supply<\/th>\n<\/tr>\n<\/thead>\n<tbody>\n<tr>\n<th>4 x 1.5 V, AA<\/th>\n<\/tr>\n<\/tbody>\n<\/table>\n<\/div>\n<div class=\"table-overflow-wrapper\">\n<table class=\"tech entity-data\" cellspacing=\"0\" cellpadding=\"0\">\n<thead>\n<tr class=\"headerrow\">\n<th colspan=\"2\">Protection class housing without battery terminal<\/th>\n<\/tr>\n<\/thead>\n<tbody>\n<tr>\n<th>Label<\/th>\n<td><\/td>\n<\/tr>\n<tr>\n<th>Protection towards contact<\/th>\n<td><\/td>\n<\/tr>\n<tr>\n<th>Protection towards water<\/th>\n<td><\/td>\n<\/tr>\n<tr>\n<th>Protection towards foreign matter<\/th>\n<td><\/td>\n<\/tr>\n<\/tbody>\n<\/table>\n<\/div>\n<div class=\"table-overflow-wrapper\">\n<table class=\"tech entity-data\" cellspacing=\"0\" cellpadding=\"0\">\n<thead>\n<tr class=\"headerrow\">\n<th colspan=\"2\">Protection class probe<\/th>\n<\/tr>\n<\/thead>\n<tbody>\n<tr>\n<th>Label<\/th>\n<td><\/td>\n<\/tr>\n<tr>\n<th>Protection towards contact<\/th>\n<td><\/td>\n<\/tr>\n<tr>\n<th>Protection towards water<\/th>\n<td><\/td>\n<\/tr>\n<tr>\n<th>Protection towards foreign matter<\/th>\n<td><\/td>\n<\/tr>\n<\/tbody>\n<\/table>\n<\/div>\n<\/div>\n<\/div>\n","protected":false},"excerpt":{"rendered":"<p>Localisation rapide et fiable des bornes d&rsquo;incendie souterraines, des bouchons et tiges de vannes ou des plaques d&rsquo;\u00e9gout recouvertes<\/p>\n<p>Le MD200 est parfaitement adapt\u00e9 \u00e0 la localisation de m\u00e9taux ferromagn\u00e9tiques recouverts, tels que les bouchons et tiges de vannes, les bornes d&rsquo;incendie, les plaques d&rsquo;\u00e9gout et de r\u00e9servoir m\u00e9talliques, ainsi que les clous ou aimants de marquage, recouverts de terre, de chauss\u00e9e, de neige ou d&rsquo;eau.<\/p>\n<p>Gr\u00e2ce \u00e0 ce magn\u00e9tom\u00e8tre facile \u00e0 manipuler de la s\u00e9rie MultiMeasure Professional, vous pourrez localiser rapidement et sans effort des objets recouverts, sans mesures ni excavations complexes, apr\u00e8s une courte p\u00e9riode d&rsquo;adaptation.<\/p>\n<p>MD200 \u2013 Le d\u00e9tecteur id\u00e9al pour une localisation efficace des objets ferromagn\u00e9tiques recouverts dans les r\u00e9seaux d&rsquo;eau et de gaz<\/p>\n<p>Profitez de la robustesse, de l&rsquo;ergonomie, de la grande pr\u00e9cision de mesure et des nombreuses fonctionnalit\u00e9s sophistiqu\u00e9es de ce magn\u00e9tom\u00e8tre de la s\u00e9rie MultiMeasure Professional.<\/p>\n<p>Le MD200 est op\u00e9rationnel en quelques secondes seulement. Gr\u00e2ce \u00e0 sa construction en ABS r\u00e9sistant, \u00e0 son clavier \u00e0 membrane r\u00e9sistant \u00e0 la salet\u00e9 et \u00e0 l&rsquo;eau, ainsi qu&rsquo;\u00e0 sa sonde \u00e9tanche en aluminium l\u00e9ger avec rev\u00eatement \u00e9poxy, cet appareil de mesure peut \u00eatre utilis\u00e9 m\u00eame dans les conditions les plus difficiles.<\/p>\n<p>Chaleur intense, froid intense, sous l&rsquo;eau ou dans la neige\u00a0: le MD200 a \u00e9t\u00e9 sp\u00e9cialement con\u00e7u pour ces environnements et fournit des r\u00e9sultats de localisation de haute pr\u00e9cision dans toutes les situations.<\/p>\n<p>Le MD200 peut localiser en toute s\u00e9curit\u00e9 des objets ferromagn\u00e9tiques jusqu&rsquo;\u00e0 une profondeur de trois m\u00e8tres et indique la proximit\u00e9 sur son \u00e9cran r\u00e9tro\u00e9clair\u00e9, facile \u00e0 lire, sous forme de chiffres et de graphiques \u00e0 barres. De plus, le haut-parleur int\u00e9gr\u00e9 \u00e9met un bip sonore, d&rsquo;intensit\u00e9 croissante, \u00e0 mesure que l&rsquo;intensit\u00e9 du signal augmente.<\/p>\n","protected":false},"featured_media":25850,"template":"","meta":[],"product_brand":[],"product_cat":[412,421,435,1165],"product_tag":[],"class_list":{"0":"post-25885","1":"product","2":"type-product","3":"status-publish","4":"has-post-thumbnail","6":"product_cat-climatisation-deshumidificateur-dair-ventilateur-fr-ventilation","7":"product_cat-mesure-outils-instruments-appareils","8":"product_cat-localisation-et-detection","9":"product_cat-technologie-de-mesure","11":"first","12":"instock","13":"sale","14":"shipping-taxable","15":"purchasable","16":"product-type-simple"},"_links":{"self":[{"href":"https:\/\/airsystems.ge\/shop\/fr\/wp-json\/wp\/v2\/product\/25885","targetHints":{"allow":["GET"]}}],"collection":[{"href":"https:\/\/airsystems.ge\/shop\/fr\/wp-json\/wp\/v2\/product"}],"about":[{"href":"https:\/\/airsystems.ge\/shop\/fr\/wp-json\/wp\/v2\/types\/product"}],"wp:featuredmedia":[{"embeddable":true,"href":"https:\/\/airsystems.ge\/shop\/fr\/wp-json\/wp\/v2\/media\/25850"}],"wp:attachment":[{"href":"https:\/\/airsystems.ge\/shop\/fr\/wp-json\/wp\/v2\/media?parent=25885"}],"wp:term":[{"taxonomy":"product_brand","embeddable":true,"href":"https:\/\/airsystems.ge\/shop\/fr\/wp-json\/wp\/v2\/product_brand?post=25885"},{"taxonomy":"product_cat","embeddable":true,"href":"https:\/\/airsystems.ge\/shop\/fr\/wp-json\/wp\/v2\/product_cat?post=25885"},{"taxonomy":"product_tag","embeddable":true,"href":"https:\/\/airsystems.ge\/shop\/fr\/wp-json\/wp\/v2\/product_tag?post=25885"}],"curies":[{"name":"wp","href":"https:\/\/api.w.org\/{rel}","templated":true}]}}