{"id":25591,"date":"2025-03-23T10:52:33","date_gmt":"2025-03-23T06:52:33","guid":{"rendered":"https:\/\/airsystems.ge\/shop\/product\/special-ducts\/"},"modified":"2025-03-27T11:01:48","modified_gmt":"2025-03-27T07:01:48","slug":"special-ducts","status":"publish","type":"product","link":"https:\/\/airsystems.ge\/shop\/fr\/produit\/special-ducts\/","title":{"rendered":"CONDUITS SP\u00c9CIAUX"},"content":{"rendered":"<section id=\"comp-lqc6ijn3\" class=\"Oqnisf comp-lqc6ijn3 wixui-section\" tabindex=\"-1\" data-block-level-container=\"ClassicSection\">\n<div class=\"\" data-mesh-id=\"comp-lqc6ijn3inlineContent\" data-testid=\"inline-content\">\n<div data-mesh-id=\"comp-lqc6ijn3inlineContent-gridContainer\" data-testid=\"mesh-container-content\">\n<section id=\"comp-k2oqukro\" class=\"comp-k2oqukro CohWsy wixui-column-strip\">\n<div class=\"V5AUxf\" data-testid=\"columns\">\n<div id=\"comp-k2oqukro1\" class=\"comp-k2oqukro1 YzqVVZ wixui-column-strip__column\">\n<div class=\"\" data-mesh-id=\"comp-k2oqukro1inlineContent\" data-testid=\"inline-content\">\n<div data-mesh-id=\"comp-k2oqukro1inlineContent-gridContainer\" data-testid=\"mesh-container-content\">\n<div id=\"comp-k2oqukrr1\" class=\"HcOXKn SxM0TO QxJLC3 lq2cno YQcXTT comp-k2oqukrr1 wixui-rich-text\" data-testid=\"richTextElement\">\n<div class=\"\" data-mesh-id=\"comp-k2oqukro1inlineContent\" data-testid=\"inline-content\">\n<div data-mesh-id=\"comp-k2oqukro1inlineContent-gridContainer\" data-testid=\"mesh-container-content\">\n<div id=\"comp-k2oqukrr1\" class=\"HcOXKn SxM0TO QxJLC3 lq2cno YQcXTT comp-k2oqukrr1 wixui-rich-text\" data-testid=\"richTextElement\">\n<p class=\"font_9 wixui-rich-text__text\"><img loading=\"lazy\" decoding=\"async\" id=\"img_comp-k2orxb9g4\" class=\"BI8PVQ I5zqsT\" src=\"https:\/\/static.wixstatic.com\/media\/9e28d9_40856967ef754653a3be4814f53c4010~mv2_d_3000_2400_s_4_2.jpg\/v1\/fill\/w_460,h_368,al_c,q_80,usm_0.66_1.00_0.01,enc_avif,quality_auto\/SpecialDuct.jpg\" sizes=\"auto, 460px\" srcset=\"https:\/\/static.wixstatic.com\/media\/9e28d9_40856967ef754653a3be4814f53c4010~mv2_d_3000_2400_s_4_2.jpg\/v1\/fill\/w_460,h_368,al_c,q_80,usm_0.66_1.00_0.01,enc_avif,quality_auto\/SpecialDuct.jpg 1x, https:\/\/static.wixstatic.com\/media\/9e28d9_40856967ef754653a3be4814f53c4010~mv2_d_3000_2400_s_4_2.jpg\/v1\/fill\/w_920,h_736,al_c,q_85,usm_0.66_1.00_0.01,enc_avif,quality_auto\/SpecialDuct.jpg 2x\" alt=\"SpecialDuct.jpg\" width=\"460\" height=\"580\" \/><\/p>\n<\/div>\n<\/div>\n<\/div>\n<\/div>\n<\/div>\n<\/div>\n<\/div>\n<\/div>\n<\/section>\n<\/div>\n<\/div>\n<\/section>\n<section id=\"comp-lqc6ijn4\" class=\"Oqnisf comp-lqc6ijn4 wixui-section\" tabindex=\"-1\" data-block-level-container=\"ClassicSection\">\n<div class=\"\" data-mesh-id=\"comp-lqc6ijn4inlineContent\" data-testid=\"inline-content\">\n<div data-mesh-id=\"comp-lqc6ijn4inlineContent-gridContainer\" data-testid=\"mesh-container-content\">\n<section id=\"comp-k2orxb9g\" class=\"comp-k2orxb9g CohWsy wixui-column-strip\">\n<div class=\"V5AUxf\" data-testid=\"columns\">\n<div id=\"comp-k2orxb9g1\" class=\"comp-k2orxb9g1 YzqVVZ wixui-column-strip__column\">\n<div class=\"\" data-mesh-id=\"comp-k2orxb9g1inlineContent\" data-testid=\"inline-content\">\n<div data-mesh-id=\"comp-k2orxb9g1inlineContent-gridContainer\" data-testid=\"mesh-container-content\">\n<section id=\"comp-k2orxb9g2\" class=\"comp-k2orxb9g2 CohWsy wixui-column-strip\">\n<div class=\"V5AUxf\" data-testid=\"columns\">\n<div id=\"comp-k2orxb9g5\" class=\"comp-k2orxb9g5 YzqVVZ wixui-column-strip__column\">\n<div id=\"bgLayers_comp-k2orxb9g5\" class=\"MW5IWV\" data-hook=\"bgLayers\" data-motion-part=\"BG_LAYER comp-k2orxb9g5\">\n<div id=\"bgMedia_comp-k2orxb9g5\" class=\"VgO9Yg\" data-motion-part=\"BG_MEDIA comp-k2orxb9g5\">\n<p>COUDES SWEDFAN, standard<\/p>\n<p>Fabriqu\u00e9s en tissu enduit de PVC Titan FR-RSX. Les coudes SWEDFAN sont disponibles en coudes standard de 30, 45, 60 et 90 degr\u00e9s, mais peuvent \u00e9galement \u00eatre personnalis\u00e9s selon vos dimensions.<\/p>\n<p>TUYAUX DE D\u00c9RIVATION SWEDFAN, standard<\/p>\n<p>Fabriqu\u00e9s en tissu enduit de PVC Titan FR-RSX.<\/p>\n<p>D\u00c9RIVATION EN Y SWEDFAN, standard<\/p>\n<p>Fabriqu\u00e9s en tissu enduit de PVC Titan FR-RSX.<\/p>\n<p>TUYAUX C\u00d4NIQUES SWEDFAN, standard<\/p>\n<p>Fabriqu\u00e9s en tissu Titan FR-RSX enduit de PVC.<\/p>\n<\/div>\n<\/div>\n<\/div>\n<\/div>\n<\/section>\n<\/div>\n<\/div>\n<\/div>\n<\/div>\n<\/section>\n<\/div>\n<\/div>\n<\/section>\n","protected":false},"excerpt":{"rendered":"<section id=\"comp-lqc6ijn3\" class=\"Oqnisf comp-lqc6ijn3 wixui-section\" tabindex=\"-1\" data-block-level-container=\"ClassicSection\">\n<div class=\"\" data-mesh-id=\"comp-lqc6ijn3inlineContent\" data-testid=\"inline-content\">\n<div data-mesh-id=\"comp-lqc6ijn3inlineContent-gridContainer\" data-testid=\"mesh-container-content\">\n<section id=\"comp-k2oqukro\" class=\"comp-k2oqukro CohWsy wixui-column-strip\">\n<div class=\"V5AUxf\" data-testid=\"columns\">\n<div id=\"comp-k2oqukro1\" class=\"comp-k2oqukro1 YzqVVZ wixui-column-strip__column\">\n<div id=\"bgLayers_comp-k2oqukro1\" class=\"MW5IWV\" data-hook=\"bgLayers\" data-motion-part=\"BG_LAYER comp-k2oqukro1\"><\/div>\n<div class=\"\" data-mesh-id=\"comp-k2oqukro1inlineContent\" data-testid=\"inline-content\">\n<div data-mesh-id=\"comp-k2oqukro1inlineContent-gridContainer\" data-testid=\"mesh-container-content\">\n<div id=\"comp-k2oqukrr1\" class=\"HcOXKn SxM0TO QxJLC3 lq2cno YQcXTT comp-k2oqukrr1 wixui-rich-text\" data-testid=\"richTextElement\">\n<div id=\"bgLayers_comp-k2oqukro1\" class=\"MW5IWV\" data-hook=\"bgLayers\" data-motion-part=\"BG_LAYER comp-k2oqukro1\">\n<div id=\"bgMedia_comp-k2oqukro1\" class=\"VgO9Yg\" data-motion-part=\"BG_MEDIA comp-k2oqukro1\">\n<p>Conduits sp\u00e9ciaux SWEDFAN<\/p>\n<p>Solutions uniques pour tous les projets<\/p>\n<p>SWEDFAN adapte son syst\u00e8me de ventilation aux exigences sp\u00e9cifiques de chaque projet en proposant des tuyaux de d\u00e9rivation, des coudes et des tuyaux coniques.<\/p>\n<p>Tous les tuyaux de d\u00e9rivation, les coudes et les tuyaux coniques SWEDFAN sont fabriqu\u00e9s en tissu enduit de PVC Titan FR-RSX et peuvent \u00eatre fix\u00e9s avec des anneaux en acier, une fermeture \u00e9clair ou du velcro \u00e0 toutes les extr\u00e9mit\u00e9s. Des crochets de suspension sont toujours inclus.<\/p>\n<\/div>\n<\/div>\n<\/div>\n<\/div>\n<\/div>\n<\/div>\n<\/div>\n<\/section>\n<\/div>\n<\/div>\n<\/section>\n","protected":false},"featured_media":25580,"template":"","meta":[],"product_brand":[],"product_cat":[1104,1082],"product_tag":[],"class_list":{"0":"post-25591","1":"product","2":"type-product","3":"status-publish","4":"has-post-thumbnail","6":"product_cat-conduits-tunnel","7":"product_cat-ventilation-souterraine-ventilation-des-tunnels-ventilation-miniere","9":"first","10":"instock","11":"shipping-taxable","12":"product-type-simple"},"_links":{"self":[{"href":"https:\/\/airsystems.ge\/shop\/fr\/wp-json\/wp\/v2\/product\/25591","targetHints":{"allow":["GET"]}}],"collection":[{"href":"https:\/\/airsystems.ge\/shop\/fr\/wp-json\/wp\/v2\/product"}],"about":[{"href":"https:\/\/airsystems.ge\/shop\/fr\/wp-json\/wp\/v2\/types\/product"}],"wp:featuredmedia":[{"embeddable":true,"href":"https:\/\/airsystems.ge\/shop\/fr\/wp-json\/wp\/v2\/media\/25580"}],"wp:attachment":[{"href":"https:\/\/airsystems.ge\/shop\/fr\/wp-json\/wp\/v2\/media?parent=25591"}],"wp:term":[{"taxonomy":"product_brand","embeddable":true,"href":"https:\/\/airsystems.ge\/shop\/fr\/wp-json\/wp\/v2\/product_brand?post=25591"},{"taxonomy":"product_cat","embeddable":true,"href":"https:\/\/airsystems.ge\/shop\/fr\/wp-json\/wp\/v2\/product_cat?post=25591"},{"taxonomy":"product_tag","embeddable":true,"href":"https:\/\/airsystems.ge\/shop\/fr\/wp-json\/wp\/v2\/product_tag?post=25591"}],"curies":[{"name":"wp","href":"https:\/\/api.w.org\/{rel}","templated":true}]}}