{"id":25289,"date":"2025-03-11T14:43:59","date_gmt":"2025-03-11T10:43:59","guid":{"rendered":"https:\/\/airsystems.ge\/shop\/product\/vrf-vrv-fan-coil-slim-low-static-pressure-ducted-indoor-unit-2-8-kw-to-5-6-kw-yv3vxh028war-gx-yv3vxh036war-gx-yv3vxh045war-gx-yv3vxh056war-gx-york\/"},"modified":"2025-03-11T14:57:04","modified_gmt":"2025-03-11T10:57:04","slug":"vrf-vrv-fan-coil-slim-low-static-pressure-ducted-indoor-unit-2-8-kw-to-5-6-kw-yv3vxh028war-gx-yv3vxh036war-gx-yv3vxh045war-gx-yv3vxh056war-gx-york","status":"publish","type":"product","link":"https:\/\/airsystems.ge\/shop\/fr\/produit\/vrf-vrv-fan-coil-slim-low-static-pressure-ducted-indoor-unit-2-8-kw-to-5-6-kw-yv3vxh028war-gx-yv3vxh036war-gx-yv3vxh045war-gx-yv3vxh056war-gx-york\/","title":{"rendered":"Unit\u00e9 int\u00e9rieure gainable \u00e0 faible pression statique VRF VRV de 2,8 kW \u00e0 5.6 kW YV3VXH028WAR-GX YV3VXH036WAR-GX YV3VXH045WAR-GX YV3VXH056WAR-GX YORK"},"content":{"rendered":"<table width=\"267\">\n<tbody>\n<tr>\n<td width=\"135\">YV3VXH028WAR-GX<\/td>\n<td width=\"64\">2.8<\/td>\n<td width=\"68\">\u00a0\u00a0\u00a0\u00a0 1,039 \u20be<\/td>\n<\/tr>\n<tr>\n<td>YV3VXH036WAR-GX<\/td>\n<td>3.6<\/td>\n<td>\u00a0\u00a0\u00a0\u00a0 1,085 \u20be<\/td>\n<\/tr>\n<tr>\n<td>YV3VXH045WAR-GX<\/td>\n<td>4.5<\/td>\n<td>\u00a0\u00a0\u00a0\u00a0 1,271 \u20be<\/td>\n<\/tr>\n<tr>\n<td>YV3VXH056WAR-GX<\/td>\n<td>5.6<\/td>\n<td>\u00a0\u00a0\u00a0\u00a0 1,302 \u20be<\/td>\n<\/tr>\n<\/tbody>\n<\/table>\n","protected":false},"excerpt":{"rendered":"<p>\u2022 Conception ultra fine n\u00e9cessitant un espace minimum pour l&rsquo;installation \u2013 Seulement 185 mm de hauteur x 500 mm de profondeur<br \/>\n\u2022 Pression statique externe s\u00e9lectionnable de 0 ou 30 Pa<br \/>\n\u2022 Bac de r\u00e9cup\u00e9ration d\u00e9montable \u2013 D\u00e9montage facile \u2013 Drainage bilat\u00e9ral disponible en changeant la direction du bac de r\u00e9cup\u00e9ration<br \/>\n\u2022 Pompe de r\u00e9cup\u00e9ration haute pression int\u00e9gr\u00e9e de 600 mm<br \/>\n\u2022 L&rsquo;installation dissimul\u00e9e n&rsquo;a pas d&rsquo;impact sur la pi\u00e8ce esth\u00e9tique<br \/>\n\u2022 Installation multi-mode \u2013 Avec ou sans conduit de reprise d&rsquo;air \u2013 Reprise d&rsquo;air par le bas ou par l&rsquo;arri\u00e8re<br \/>\n\u2022 La commande filaire est une offre standard, la commande sans fil est en option<\/p>\n","protected":false},"featured_media":25284,"template":"","meta":[],"product_brand":[],"product_cat":[705,1074],"product_tag":[],"class_list":{"0":"post-25289","1":"product","2":"type-product","3":"status-publish","4":"has-post-thumbnail","6":"product_cat-climatiseur","7":"product_cat-vrf-interieure-unite-vrv-fr","9":"first","10":"instock","11":"shipping-taxable","12":"product-type-simple"},"_links":{"self":[{"href":"https:\/\/airsystems.ge\/shop\/fr\/wp-json\/wp\/v2\/product\/25289","targetHints":{"allow":["GET"]}}],"collection":[{"href":"https:\/\/airsystems.ge\/shop\/fr\/wp-json\/wp\/v2\/product"}],"about":[{"href":"https:\/\/airsystems.ge\/shop\/fr\/wp-json\/wp\/v2\/types\/product"}],"wp:featuredmedia":[{"embeddable":true,"href":"https:\/\/airsystems.ge\/shop\/fr\/wp-json\/wp\/v2\/media\/25284"}],"wp:attachment":[{"href":"https:\/\/airsystems.ge\/shop\/fr\/wp-json\/wp\/v2\/media?parent=25289"}],"wp:term":[{"taxonomy":"product_brand","embeddable":true,"href":"https:\/\/airsystems.ge\/shop\/fr\/wp-json\/wp\/v2\/product_brand?post=25289"},{"taxonomy":"product_cat","embeddable":true,"href":"https:\/\/airsystems.ge\/shop\/fr\/wp-json\/wp\/v2\/product_cat?post=25289"},{"taxonomy":"product_tag","embeddable":true,"href":"https:\/\/airsystems.ge\/shop\/fr\/wp-json\/wp\/v2\/product_tag?post=25289"}],"curies":[{"name":"wp","href":"https:\/\/api.w.org\/{rel}","templated":true}]}}